{"id":1000,"date":"2024-10-24T13:03:40","date_gmt":"2024-10-24T13:03:40","guid":{"rendered":"https:\/\/alpec.com.tr\/?page_id=1000"},"modified":"2024-11-23T21:36:13","modified_gmt":"2024-11-23T21:36:13","slug":"infrastructure-construction","status":"publish","type":"page","link":"https:\/\/alpec.com.tr\/tr\/infrastructure-construction\/","title":{"rendered":"Altyap\u0131 \u0130n\u015faatlar\u0131"},"content":{"rendered":"<div data-elementor-type=\"wp-page\" data-elementor-id=\"1000\" class=\"elementor elementor-1000\">\n\t\t\t\t<div class=\"elementor-element elementor-element-bfc6e68 e-flex e-con-boxed e-con e-parent\" data-id=\"bfc6e68\" data-element_type=\"container\">\n\t\t\t\t\t<div class=\"e-con-inner\">\n\t\t<div class=\"elementor-element elementor-element-ae4aeef e-con-full e-flex e-con e-child\" data-id=\"ae4aeef\" data-element_type=\"container\">\n\t\t<div class=\"elementor-element elementor-element-8f7934b e-con-full e-flex e-con e-child\" data-id=\"8f7934b\" data-element_type=\"container\">\n\t\t\t\t<div class=\"elementor-element elementor-element-64156e3 elementor-widget elementor-widget-image\" data-id=\"64156e3\" data-element_type=\"widget\" data-widget_type=\"image.default\">\n\t\t\t\t<div class=\"elementor-widget-container\">\n\t\t\t\t\t\t\t\t\t\t\t\t\t<img fetchpriority=\"high\" decoding=\"async\" width=\"800\" height=\"360\" src=\"https:\/\/alpec.com.tr\/wp-content\/uploads\/2024\/10\/WhatsApp-Image-2024-10-24-at-19.12.14.webp\" class=\"attachment-large size-large wp-image-1475\" alt=\"\" srcset=\"https:\/\/alpec.com.tr\/wp-content\/uploads\/2024\/10\/WhatsApp-Image-2024-10-24-at-19.12.14.webp 977w, https:\/\/alpec.com.tr\/wp-content\/uploads\/2024\/10\/WhatsApp-Image-2024-10-24-at-19.12.14-300x135.webp 300w, https:\/\/alpec.com.tr\/wp-content\/uploads\/2024\/10\/WhatsApp-Image-2024-10-24-at-19.12.14-768x346.webp 768w, https:\/\/alpec.com.tr\/wp-content\/uploads\/2024\/10\/WhatsApp-Image-2024-10-24-at-19.12.14-18x8.webp 18w\" sizes=\"(max-width: 800px) 100vw, 800px\" \/>\t\t\t\t\t\t\t\t\t\t\t\t\t<\/div>\n\t\t\t\t<\/div>\n\t\t\t\t<\/div>\n\t\t<div class=\"elementor-element elementor-element-3662ee7 e-con-full e-flex e-con e-child\" data-id=\"3662ee7\" data-element_type=\"container\">\n\t\t\t\t<div class=\"elementor-element elementor-element-f3362c4 elementor-widget elementor-widget-heading\" data-id=\"f3362c4\" data-element_type=\"widget\" id=\"tsf\" data-widget_type=\"heading.default\">\n\t\t\t\t<div class=\"elementor-widget-container\">\n\t\t\t<h2 class=\"elementor-heading-title elementor-size-default\">At\u0131k Depolama Tesisleri<\/h2>\t\t<\/div>\n\t\t\t\t<\/div>\n\t\t\t\t<div class=\"elementor-element elementor-element-8328b16 elementor-widget elementor-widget-text-editor\" data-id=\"8328b16\" data-element_type=\"widget\" data-widget_type=\"text-editor.default\">\n\t\t\t\t<div class=\"elementor-widget-container\">\n\t\t\t\t\t\t\t<p>At\u0131k Depolama Tesisleri (TSF) in\u015faat\u0131 anlay\u0131\u015f\u0131m\u0131z, \u00e7evre ve m\u00fchendislik hassasiyetine dayanmaktad\u0131r. Ekibimiz, geli\u015fmi\u015f toprak i\u015fleri, taban te\u015fkili teknikleri ve di\u011fer altyap\u0131 sistemlerindeki yetkinli\u011fiyle sa\u011flam ADT yap\u0131lar\u0131 in\u015faa etmekte m\u00fckemmeldir ve at\u0131k y\u00f6netiminde istikrar\u0131 sa\u011flar. Geosentetik astar, set takviyesi ve a\u015famal\u0131 y\u00fckseltme gibi modern in\u015faat uygulamalar\u0131n\u0131 kullanarak \u00e7evresel riski azalt\u0131yor ve operasyonel g\u00fcvenli\u011fi art\u0131r\u0131yoruz. Sorumlu yap\u0131m ve d\u00fczenleyici uyumlulu\u011fa olan ba\u011fl\u0131l\u0131\u011f\u0131m\u0131zla, en y\u00fcksek end\u00fcstri standartlar\u0131n\u0131 kar\u015f\u0131layan ve \u00e7evredeki ekosistemleri koruyan ADT'ler sunuyoruz.<\/p>\t\t\t\t\t\t<\/div>\n\t\t\t\t<\/div>\n\t\t\t\t<\/div>\n\t\t\t\t<\/div>\n\t\t<div class=\"elementor-element elementor-element-5fa9bc2 e-con-full e-flex e-con e-child\" data-id=\"5fa9bc2\" data-element_type=\"container\">\n\t\t<div class=\"elementor-element elementor-element-b69e1ce e-con-full e-flex e-con e-child\" data-id=\"b69e1ce\" data-element_type=\"container\">\n\t\t\t\t<div class=\"elementor-element elementor-element-0a5ef33 elementor-widget elementor-widget-heading\" data-id=\"0a5ef33\" data-element_type=\"widget\" id=\"wdf\" data-widget_type=\"heading.default\">\n\t\t\t\t<div class=\"elementor-widget-container\">\n\t\t\t<h2 class=\"elementor-heading-title elementor-size-default\">Pasa D\u00f6k\u00fcm Tesisleri<\/h2>\t\t<\/div>\n\t\t\t\t<\/div>\n\t\t\t\t<div class=\"elementor-element elementor-element-931046a elementor-widget elementor-widget-text-editor\" data-id=\"931046a\" data-element_type=\"widget\" data-widget_type=\"text-editor.default\">\n\t\t\t\t<div class=\"elementor-widget-container\">\n\t\t\t\t\t\t\t<p>Pasa D\u00f6k\u00fcm Tesisleri in\u015fa etme yakla\u015f\u0131m\u0131m\u0131z, istikrar, g\u00fcvenlik ve \u00e7evre korumay\u0131 vurgular. Pasa depolama kapasitesini optimize etmek ve \u015fev kaymas\u0131n\u0131 \u00f6nlemek i\u00e7in dikkatli saha tesviye, kaz\u0131 ve dolgu teknikleri uygular\u0131z. S\u0131k\u0131\u015ft\u0131rma ve \u015fev stabilitesi i\u00e7in \u00f6zel makineler ve test edilmi\u015f y\u00f6ntemler kullanarak, hem zamana hem de \u00e7evresel kuvvetlere dayan\u0131kl\u0131 pasa depolama tesisleri yarat\u0131r\u0131z. En iyi in\u015faat uygulamalar\u0131na \u00f6ncelik vererek, pasa depolama tesislerinin hem d\u00fczenleyici uyumlulu\u011fu hem de \u00e7evreyle uyumulu ve g\u00fcvenli bir \u015fekilde \u00e7al\u0131\u015fmas\u0131n\u0131 sa\u011flar\u0131z.<\/p>\t\t\t\t\t\t<\/div>\n\t\t\t\t<\/div>\n\t\t\t\t<\/div>\n\t\t<div class=\"elementor-element elementor-element-b6d6e13 e-con-full e-flex e-con e-child\" data-id=\"b6d6e13\" data-element_type=\"container\">\n\t\t\t\t<div class=\"elementor-element elementor-element-4aa5944 elementor-widget elementor-widget-image\" data-id=\"4aa5944\" data-element_type=\"widget\" data-widget_type=\"image.default\">\n\t\t\t\t<div class=\"elementor-widget-container\">\n\t\t\t\t\t\t\t\t\t\t\t\t\t<img decoding=\"async\" width=\"800\" height=\"459\" src=\"https:\/\/alpec.com.tr\/wp-content\/uploads\/2024\/10\/WhatsApp-Image-2024-10-24-at-19.46.57-1024x587.webp\" class=\"attachment-large size-large wp-image-1111\" alt=\"\" srcset=\"https:\/\/alpec.com.tr\/wp-content\/uploads\/2024\/10\/WhatsApp-Image-2024-10-24-at-19.46.57-1024x587.webp 1024w, https:\/\/alpec.com.tr\/wp-content\/uploads\/2024\/10\/WhatsApp-Image-2024-10-24-at-19.46.57-300x172.webp 300w, https:\/\/alpec.com.tr\/wp-content\/uploads\/2024\/10\/WhatsApp-Image-2024-10-24-at-19.46.57-768x441.webp 768w, https:\/\/alpec.com.tr\/wp-content\/uploads\/2024\/10\/WhatsApp-Image-2024-10-24-at-19.46.57.webp 1283w\" sizes=\"(max-width: 800px) 100vw, 800px\" \/>\t\t\t\t\t\t\t\t\t\t\t\t\t<\/div>\n\t\t\t\t<\/div>\n\t\t\t\t<\/div>\n\t\t\t\t<\/div>\n\t\t<div class=\"elementor-element elementor-element-e58f5bf e-con-full e-flex e-con e-child\" data-id=\"e58f5bf\" data-element_type=\"container\">\n\t\t<div class=\"elementor-element elementor-element-2cfce2c e-con-full e-flex e-con e-child\" data-id=\"2cfce2c\" data-element_type=\"container\">\n\t\t\t\t<div class=\"elementor-element elementor-element-f782aa6 elementor-widget elementor-widget-image\" data-id=\"f782aa6\" data-element_type=\"widget\" data-widget_type=\"image.default\">\n\t\t\t\t<div class=\"elementor-widget-container\">\n\t\t\t\t\t\t\t\t\t\t\t\t\t<img decoding=\"async\" width=\"800\" height=\"530\" src=\"https:\/\/alpec.com.tr\/wp-content\/uploads\/2024\/10\/WhatsApp-Image-2024-10-24-at-20.44.49-1024x679.webp\" class=\"attachment-large size-large wp-image-1115\" alt=\"\" srcset=\"https:\/\/alpec.com.tr\/wp-content\/uploads\/2024\/10\/WhatsApp-Image-2024-10-24-at-20.44.49-1024x679.webp 1024w, https:\/\/alpec.com.tr\/wp-content\/uploads\/2024\/10\/WhatsApp-Image-2024-10-24-at-20.44.49-300x199.webp 300w, https:\/\/alpec.com.tr\/wp-content\/uploads\/2024\/10\/WhatsApp-Image-2024-10-24-at-20.44.49-768x509.webp 768w, https:\/\/alpec.com.tr\/wp-content\/uploads\/2024\/10\/WhatsApp-Image-2024-10-24-at-20.44.49.webp 1385w\" sizes=\"(max-width: 800px) 100vw, 800px\" \/>\t\t\t\t\t\t\t\t\t\t\t\t\t<\/div>\n\t\t\t\t<\/div>\n\t\t\t\t<\/div>\n\t\t<div class=\"elementor-element elementor-element-88c9dd5 e-con-full e-flex e-con e-child\" data-id=\"88c9dd5\" data-element_type=\"container\">\n\t\t\t\t<div class=\"elementor-element elementor-element-83544b3 elementor-widget elementor-widget-heading\" data-id=\"83544b3\" data-element_type=\"widget\" id=\"tunnels\" data-widget_type=\"heading.default\">\n\t\t\t\t<div class=\"elementor-widget-container\">\n\t\t\t<h2 class=\"elementor-heading-title elementor-size-default\">T\u00fcneller<\/h2>\t\t<\/div>\n\t\t\t\t<\/div>\n\t\t\t\t<div class=\"elementor-element elementor-element-4e4950f elementor-widget elementor-widget-text-editor\" data-id=\"4e4950f\" data-element_type=\"widget\" data-widget_type=\"text-editor.default\">\n\t\t\t\t<div class=\"elementor-widget-container\">\n\t\t\t\t\t\t\t<p>T\u00fcnel in\u015faat hizmetlerimiz, g\u00fcvenli ve uzun \u00f6m\u00fcrl\u00fc altyap\u0131 sunmak i\u00e7in hassas m\u00fchendisli\u011fi geli\u015fmi\u015f in\u015faat teknikleriyle birle\u015ftirir. Kaz\u0131 ve desteklemeden izolasyon ve kal\u0131c\u0131 kaplamaya kadar her a\u015famay\u0131 g\u00fcvenlik ve verimlili\u011fe titizlikle dikkat ederek y\u00fcr\u00fct\u00fcyoruz. Projenin amac\u0131na g\u00f6re Yeni Avusturya T\u00fcnel A\u00e7ma Y\u00f6ntemi (NATM) veya T\u00fcnel A\u00e7ma Makinalar\u0131 (TBM'ler) ve bu y\u00f6ntemlere ait makina ve metodlar kullanarak, yakla\u015f\u0131m\u0131m\u0131z\u0131 sahaya \u00f6zg\u00fc jeoteknik ko\u015fullara g\u00f6re uyarl\u0131yoruz. T\u00fcnel projelerimiz s\u00fcrekli olarak kalite ve g\u00fcvenlik standartlar\u0131n\u0131 kar\u015f\u0131layarak bizi karma\u015f\u0131k yeralt\u0131 in\u015faat\u0131nda g\u00fcvenilir bir ortak konumuna getiriyor.<\/p>\t\t\t\t\t\t<\/div>\n\t\t\t\t<\/div>\n\t\t\t\t<\/div>\n\t\t\t\t<\/div>\n\t\t<div class=\"elementor-element elementor-element-d97a6b8 e-con-full e-flex e-con e-child\" data-id=\"d97a6b8\" data-element_type=\"container\">\n\t\t<div class=\"elementor-element elementor-element-0a10f15 e-con-full e-flex e-con e-child\" data-id=\"0a10f15\" data-element_type=\"container\">\n\t\t\t\t<div class=\"elementor-element elementor-element-db74094 elementor-widget elementor-widget-heading\" data-id=\"db74094\" data-element_type=\"widget\" id=\"bcs\" data-widget_type=\"heading.default\">\n\t\t\t\t<div class=\"elementor-widget-container\">\n\t\t\t<h2 class=\"elementor-heading-title elementor-size-default\">K\u00f6pr\u00fcler ve Sanat Yap\u0131lar\u0131<\/h2>\t\t<\/div>\n\t\t\t\t<\/div>\n\t\t\t\t<div class=\"elementor-element elementor-element-9c1c5ec elementor-widget elementor-widget-text-editor\" data-id=\"9c1c5ec\" data-element_type=\"widget\" data-widget_type=\"text-editor.default\">\n\t\t\t\t<div class=\"elementor-widget-container\">\n\t\t\t\t\t\t\t<p>K\u00f6pr\u00fc ve sanat yap\u0131lar\u0131 in\u015faat hizmetlerimiz dayan\u0131kl\u0131l\u0131k, g\u00fcvenlik ve hassasiyeti vurgular. Minimum kesintiyle h\u0131zl\u0131, kaliteli in\u015faatlar sa\u011flamak i\u00e7in \u00f6ngermeli, prekast ve dengeli konsol gibi geli\u015fmi\u015f in\u015faat y\u00f6ntemleri kullan\u0131r\u0131z. Betonarme, \u00e7elik ve temel operasyonlar\u0131nda uzmanl\u0131\u011f\u0131m\u0131zla ekibimiz, iskele kurulumundan d\u00f6\u015feme kurulumuna kadar her a\u015famay\u0131 denetler ve d\u00fczenleyici uyumlulu\u011fu kar\u015f\u0131layan yap\u0131lar sunar. G\u00fcvenli in\u015faat tekniklerine odaklanmam\u0131z, bizi kompleks altyap\u0131 projelerinde g\u00fcvenilir bir ortak yapar.<\/p>\t\t\t\t\t\t<\/div>\n\t\t\t\t<\/div>\n\t\t\t\t<\/div>\n\t\t<div class=\"elementor-element elementor-element-2d67c4e e-con-full e-flex e-con e-child\" data-id=\"2d67c4e\" data-element_type=\"container\">\n\t\t\t\t<div class=\"elementor-element elementor-element-b600bef elementor-widget elementor-widget-image\" data-id=\"b600bef\" data-element_type=\"widget\" data-widget_type=\"image.default\">\n\t\t\t\t<div class=\"elementor-widget-container\">\n\t\t\t\t\t\t\t\t\t\t\t\t\t<img loading=\"lazy\" decoding=\"async\" width=\"800\" height=\"450\" src=\"https:\/\/alpec.com.tr\/wp-content\/uploads\/2024\/10\/WhatsApp-Image-2024-10-24-at-19.03.59.webp\" class=\"attachment-large size-large wp-image-1446\" alt=\"\" srcset=\"https:\/\/alpec.com.tr\/wp-content\/uploads\/2024\/10\/WhatsApp-Image-2024-10-24-at-19.03.59.webp 1000w, https:\/\/alpec.com.tr\/wp-content\/uploads\/2024\/10\/WhatsApp-Image-2024-10-24-at-19.03.59-300x169.webp 300w, https:\/\/alpec.com.tr\/wp-content\/uploads\/2024\/10\/WhatsApp-Image-2024-10-24-at-19.03.59-768x432.webp 768w, https:\/\/alpec.com.tr\/wp-content\/uploads\/2024\/10\/WhatsApp-Image-2024-10-24-at-19.03.59-18x10.webp 18w\" sizes=\"(max-width: 800px) 100vw, 800px\" \/>\t\t\t\t\t\t\t\t\t\t\t\t\t<\/div>\n\t\t\t\t<\/div>\n\t\t\t\t<\/div>\n\t\t\t\t<\/div>\n\t\t<div class=\"elementor-element elementor-element-19d7b25 e-con-full e-flex e-con e-child\" data-id=\"19d7b25\" data-element_type=\"container\">\n\t\t<div class=\"elementor-element elementor-element-18a24f4 e-con-full e-flex e-con e-child\" data-id=\"18a24f4\" data-element_type=\"container\">\n\t\t\t\t<div class=\"elementor-element elementor-element-f47a1e4 elementor-widget elementor-widget-image\" data-id=\"f47a1e4\" data-element_type=\"widget\" data-widget_type=\"image.default\">\n\t\t\t\t<div class=\"elementor-widget-container\">\n\t\t\t\t\t\t\t\t\t\t\t\t\t<img loading=\"lazy\" decoding=\"async\" width=\"800\" height=\"534\" src=\"https:\/\/alpec.com.tr\/wp-content\/uploads\/2024\/10\/WhatsApp-Image-2024-10-31-at-20.56.27-1024x683.webp\" class=\"attachment-large size-large wp-image-1538\" alt=\"\" srcset=\"https:\/\/alpec.com.tr\/wp-content\/uploads\/2024\/10\/WhatsApp-Image-2024-10-31-at-20.56.27-1024x683.webp 1024w, https:\/\/alpec.com.tr\/wp-content\/uploads\/2024\/10\/WhatsApp-Image-2024-10-31-at-20.56.27-300x200.webp 300w, https:\/\/alpec.com.tr\/wp-content\/uploads\/2024\/10\/WhatsApp-Image-2024-10-31-at-20.56.27-768x512.webp 768w, https:\/\/alpec.com.tr\/wp-content\/uploads\/2024\/10\/WhatsApp-Image-2024-10-31-at-20.56.27-18x12.webp 18w, https:\/\/alpec.com.tr\/wp-content\/uploads\/2024\/10\/WhatsApp-Image-2024-10-31-at-20.56.27.webp 1200w\" sizes=\"(max-width: 800px) 100vw, 800px\" \/>\t\t\t\t\t\t\t\t\t\t\t\t\t<\/div>\n\t\t\t\t<\/div>\n\t\t\t\t<\/div>\n\t\t<div class=\"elementor-element elementor-element-59becdc e-con-full e-flex e-con e-child\" data-id=\"59becdc\" data-element_type=\"container\">\n\t\t\t\t<div class=\"elementor-element elementor-element-479ef3f elementor-widget elementor-widget-heading\" data-id=\"479ef3f\" data-element_type=\"widget\" id=\"roads\" data-widget_type=\"heading.default\">\n\t\t\t\t<div class=\"elementor-widget-container\">\n\t\t\t<h2 class=\"elementor-heading-title elementor-size-default\">Yollar<\/h2>\t\t<\/div>\n\t\t\t\t<\/div>\n\t\t\t\t<div class=\"elementor-element elementor-element-ba89b50 elementor-widget elementor-widget-text-editor\" data-id=\"ba89b50\" data-element_type=\"widget\" data-widget_type=\"text-editor.default\">\n\t\t\t\t<div class=\"elementor-widget-container\">\n\t\t\t\t\t\t\t<p>Yol yap\u0131m\u0131na uzun \u00f6m\u00fcrl\u00fcl\u00fck, g\u00fcvenlik ve \u00e7evresel sorumluluk taahh\u00fcd\u00fcyle yakla\u015f\u0131yoruz. T\u00fcm yap\u0131m a\u015famas\u0131, alt temelden a\u015f\u0131nma tabakas\u0131na kadar ekiplerimiz taraf\u0131ndan hassasiyetle y\u00f6netilir. Asfaltama, su y\u00f6netim yap\u0131lar\u0131 ve trafik y\u00f6netimindeki en iyi uygulamalar\u0131 kullanarak y\u00fcksek trafik hacimlerini ve de\u011fi\u015fken hava ko\u015fullar\u0131n\u0131 kald\u0131racak \u015fekilde tasarlanm\u0131\u015f yollar in\u015fa ediyoruz. Ekibimiz her projenin zaman\u0131nda ve b\u00fct\u00e7esinde tamamlanmas\u0131n\u0131 sa\u011flar.<\/p>\t\t\t\t\t\t<\/div>\n\t\t\t\t<\/div>\n\t\t\t\t<\/div>\n\t\t\t\t<\/div>\n\t\t\t\t\t<\/div>\n\t\t\t\t<\/div>\n\t\t<div class=\"elementor-element elementor-element-3d54021 e-flex e-con-boxed e-con e-parent\" data-id=\"3d54021\" data-element_type=\"container\" data-settings=\"{&quot;background_background&quot;:&quot;classic&quot;}\">\n\t\t\t\t\t<div class=\"e-con-inner\">\n\t\t\t\t<div class=\"elementor-element elementor-element-bcd0026 elementor-widget elementor-widget-heading\" data-id=\"bcd0026\" data-element_type=\"widget\" data-widget_type=\"heading.default\">\n\t\t\t\t<div class=\"elementor-widget-container\">\n\t\t\t<h3 class=\"elementor-heading-title elementor-size-default\">Birlikte neler ba\u015farabilece\u011fimizi ke\u015ffedelim.<\/h3>\t\t<\/div>\n\t\t\t\t<\/div>\n\t\t\t\t<div class=\"elementor-element elementor-element-832d837 elementor-widget elementor-widget-button\" data-id=\"832d837\" data-element_type=\"widget\" data-widget_type=\"button.default\">\n\t\t\t\t<div class=\"elementor-widget-container\">\n\t\t\t\t\t\t\t<div class=\"elementor-button-wrapper\">\n\t\t\t\t\t<a class=\"elementor-button elementor-button-link elementor-size-sm\" href=\"\/tr\/contact\/\">\n\t\t\t\t\t\t<span class=\"elementor-button-content-wrapper\">\n\t\t\t\t\t\t\t\t\t<span class=\"elementor-button-text\">B\u0130ZE ULA\u015eIN<\/span>\n\t\t\t\t\t<\/span>\n\t\t\t\t\t<\/a>\n\t\t\t\t<\/div>\n\t\t\t\t\t\t<\/div>\n\t\t\t\t<\/div>\n\t\t\t\t\t<\/div>\n\t\t\t\t<\/div>\n\t\t\t\t<\/div>","protected":false},"excerpt":{"rendered":"<p>Tailings Storage Facilities Our approach to Tailings Storage Facility (TSF) construction is rooted in environmental and engineering precision. Our team excels in building robust TSF structures, ensuring stability in waste management through advanced earthworks, base preparation techniques, and other infrastructure systems. By employing modern construction practices such as geosynthetic liners, embankment reinforcement, and staged raises, [&hellip;]<\/p>","protected":false},"author":1,"featured_media":0,"parent":0,"menu_order":0,"comment_status":"closed","ping_status":"closed","template":"","meta":{"footnotes":""},"categories":[],"tags":[13,10],"class_list":["post-1000","page","type-page","status-publish","hentry","tag-construction","tag-infrastructure"],"yoast_head":"<!-- This site is optimized with the Yoast SEO plugin v23.5 - https:\/\/yoast.com\/wordpress\/plugins\/seo\/ -->\n<title>Infrastructure Construction Services - Alpec<\/title>\n<meta name=\"description\" content=\"ALPEC provides expert infrastructure construction services, including roads, bridges, and civil structures, ensuring long-lasting results.\" \/>\n<meta name=\"robots\" content=\"index, follow, max-snippet:-1, max-image-preview:large, max-video-preview:-1\" \/>\n<link rel=\"canonical\" href=\"https:\/\/alpec.com.tr\/tr\/infrastructure-construction\/\" \/>\n<meta property=\"og:locale\" content=\"tr_TR\" \/>\n<meta property=\"og:type\" content=\"article\" \/>\n<meta property=\"og:title\" content=\"Infrastructure Construction Services - Alpec\" \/>\n<meta property=\"og:description\" content=\"ALPEC provides expert infrastructure construction services, including roads, bridges, and civil structures, ensuring long-lasting results.\" \/>\n<meta property=\"og:url\" content=\"https:\/\/alpec.com.tr\/tr\/infrastructure-construction\/\" \/>\n<meta property=\"og:site_name\" content=\"Alpec\" \/>\n<meta property=\"article:modified_time\" content=\"2024-11-23T21:36:13+00:00\" \/>\n<meta property=\"og:image\" content=\"https:\/\/alpec.com.tr\/wp-content\/uploads\/2024\/10\/WhatsApp-Image-2024-10-24-at-19.12.14.webp\" \/>\n<meta name=\"twitter:card\" content=\"summary_large_image\" \/>\n<meta name=\"twitter:label1\" content=\"Tahmini okuma s\u00fcresi\" \/>\n\t<meta name=\"twitter:data1\" content=\"4 dakika\" \/>\n<script type=\"application\/ld+json\" class=\"yoast-schema-graph\">{\"@context\":\"https:\/\/schema.org\",\"@graph\":[{\"@type\":\"WebPage\",\"@id\":\"https:\/\/alpec.com.tr\/infrastructure-construction\/\",\"url\":\"https:\/\/alpec.com.tr\/infrastructure-construction\/\",\"name\":\"Infrastructure Construction Services - Alpec\",\"isPartOf\":{\"@id\":\"https:\/\/alpec.com.tr\/#website\"},\"primaryImageOfPage\":{\"@id\":\"https:\/\/alpec.com.tr\/infrastructure-construction\/#primaryimage\"},\"image\":{\"@id\":\"https:\/\/alpec.com.tr\/infrastructure-construction\/#primaryimage\"},\"thumbnailUrl\":\"https:\/\/alpec.com.tr\/wp-content\/uploads\/2024\/10\/WhatsApp-Image-2024-10-24-at-19.12.14.webp\",\"datePublished\":\"2024-10-24T13:03:40+00:00\",\"dateModified\":\"2024-11-23T21:36:13+00:00\",\"description\":\"ALPEC provides expert infrastructure construction services, including roads, bridges, and civil structures, ensuring long-lasting results.\",\"breadcrumb\":{\"@id\":\"https:\/\/alpec.com.tr\/infrastructure-construction\/#breadcrumb\"},\"inLanguage\":\"tr\",\"potentialAction\":[{\"@type\":\"ReadAction\",\"target\":[\"https:\/\/alpec.com.tr\/infrastructure-construction\/\"]}]},{\"@type\":\"ImageObject\",\"inLanguage\":\"tr\",\"@id\":\"https:\/\/alpec.com.tr\/infrastructure-construction\/#primaryimage\",\"url\":\"https:\/\/alpec.com.tr\/wp-content\/uploads\/2024\/10\/WhatsApp-Image-2024-10-24-at-19.12.14.webp\",\"contentUrl\":\"https:\/\/alpec.com.tr\/wp-content\/uploads\/2024\/10\/WhatsApp-Image-2024-10-24-at-19.12.14.webp\"},{\"@type\":\"BreadcrumbList\",\"@id\":\"https:\/\/alpec.com.tr\/infrastructure-construction\/#breadcrumb\",\"itemListElement\":[{\"@type\":\"ListItem\",\"position\":1,\"name\":\"Anasayfa\",\"item\":\"https:\/\/alpec.com.tr\/\"},{\"@type\":\"ListItem\",\"position\":2,\"name\":\"Infrastructure Constructions\"}]},{\"@type\":\"WebSite\",\"@id\":\"https:\/\/alpec.com.tr\/#website\",\"url\":\"https:\/\/alpec.com.tr\/\",\"name\":\"Alpec\",\"description\":\"Precision in design, excellence in execution\",\"publisher\":{\"@id\":\"https:\/\/alpec.com.tr\/#organization\"},\"potentialAction\":[{\"@type\":\"SearchAction\",\"target\":{\"@type\":\"EntryPoint\",\"urlTemplate\":\"https:\/\/alpec.com.tr\/?s={search_term_string}\"},\"query-input\":{\"@type\":\"PropertyValueSpecification\",\"valueRequired\":true,\"valueName\":\"search_term_string\"}}],\"inLanguage\":\"tr\"},{\"@type\":\"Organization\",\"@id\":\"https:\/\/alpec.com.tr\/#organization\",\"name\":\"Alpec\",\"url\":\"https:\/\/alpec.com.tr\/\",\"logo\":{\"@type\":\"ImageObject\",\"inLanguage\":\"tr\",\"@id\":\"https:\/\/alpec.com.tr\/#\/schema\/logo\/image\/\",\"url\":\"https:\/\/alpec.com.tr\/wp-content\/uploads\/2024\/10\/WhatsApp_Image_2024-10-26_at_21.13.41__1_-removebg-preview.png\",\"contentUrl\":\"https:\/\/alpec.com.tr\/wp-content\/uploads\/2024\/10\/WhatsApp_Image_2024-10-26_at_21.13.41__1_-removebg-preview.png\",\"width\":500,\"height\":500,\"caption\":\"Alpec\"},\"image\":{\"@id\":\"https:\/\/alpec.com.tr\/#\/schema\/logo\/image\/\"}}]}<\/script>\n<!-- \/ Yoast SEO plugin. -->","yoast_head_json":{"title":"Infrastructure Construction Services - Alpec","description":"ALPEC provides expert infrastructure construction services, including roads, bridges, and civil structures, ensuring long-lasting results.","robots":{"index":"index","follow":"follow","max-snippet":"max-snippet:-1","max-image-preview":"max-image-preview:large","max-video-preview":"max-video-preview:-1"},"canonical":"https:\/\/alpec.com.tr\/tr\/infrastructure-construction\/","og_locale":"tr_TR","og_type":"article","og_title":"Infrastructure Construction Services - Alpec","og_description":"ALPEC provides expert infrastructure construction services, including roads, bridges, and civil structures, ensuring long-lasting results.","og_url":"https:\/\/alpec.com.tr\/tr\/infrastructure-construction\/","og_site_name":"Alpec","article_modified_time":"2024-11-23T21:36:13+00:00","og_image":[{"url":"https:\/\/alpec.com.tr\/wp-content\/uploads\/2024\/10\/WhatsApp-Image-2024-10-24-at-19.12.14.webp"}],"twitter_card":"summary_large_image","twitter_misc":{"Tahmini okuma s\u00fcresi":"4 dakika"},"schema":{"@context":"https:\/\/schema.org","@graph":[{"@type":"WebPage","@id":"https:\/\/alpec.com.tr\/infrastructure-construction\/","url":"https:\/\/alpec.com.tr\/infrastructure-construction\/","name":"Infrastructure Construction Services - Alpec","isPartOf":{"@id":"https:\/\/alpec.com.tr\/#website"},"primaryImageOfPage":{"@id":"https:\/\/alpec.com.tr\/infrastructure-construction\/#primaryimage"},"image":{"@id":"https:\/\/alpec.com.tr\/infrastructure-construction\/#primaryimage"},"thumbnailUrl":"https:\/\/alpec.com.tr\/wp-content\/uploads\/2024\/10\/WhatsApp-Image-2024-10-24-at-19.12.14.webp","datePublished":"2024-10-24T13:03:40+00:00","dateModified":"2024-11-23T21:36:13+00:00","description":"ALPEC provides expert infrastructure construction services, including roads, bridges, and civil structures, ensuring long-lasting results.","breadcrumb":{"@id":"https:\/\/alpec.com.tr\/infrastructure-construction\/#breadcrumb"},"inLanguage":"tr","potentialAction":[{"@type":"ReadAction","target":["https:\/\/alpec.com.tr\/infrastructure-construction\/"]}]},{"@type":"ImageObject","inLanguage":"tr","@id":"https:\/\/alpec.com.tr\/infrastructure-construction\/#primaryimage","url":"https:\/\/alpec.com.tr\/wp-content\/uploads\/2024\/10\/WhatsApp-Image-2024-10-24-at-19.12.14.webp","contentUrl":"https:\/\/alpec.com.tr\/wp-content\/uploads\/2024\/10\/WhatsApp-Image-2024-10-24-at-19.12.14.webp"},{"@type":"BreadcrumbList","@id":"https:\/\/alpec.com.tr\/infrastructure-construction\/#breadcrumb","itemListElement":[{"@type":"ListItem","position":1,"name":"Anasayfa","item":"https:\/\/alpec.com.tr\/"},{"@type":"ListItem","position":2,"name":"Infrastructure Constructions"}]},{"@type":"WebSite","@id":"https:\/\/alpec.com.tr\/#website","url":"https:\/\/alpec.com.tr\/","name":"Alpec","description":"Precision in design, excellence in execution","publisher":{"@id":"https:\/\/alpec.com.tr\/#organization"},"potentialAction":[{"@type":"SearchAction","target":{"@type":"EntryPoint","urlTemplate":"https:\/\/alpec.com.tr\/?s={search_term_string}"},"query-input":{"@type":"PropertyValueSpecification","valueRequired":true,"valueName":"search_term_string"}}],"inLanguage":"tr"},{"@type":"Organization","@id":"https:\/\/alpec.com.tr\/#organization","name":"Alpec","url":"https:\/\/alpec.com.tr\/","logo":{"@type":"ImageObject","inLanguage":"tr","@id":"https:\/\/alpec.com.tr\/#\/schema\/logo\/image\/","url":"https:\/\/alpec.com.tr\/wp-content\/uploads\/2024\/10\/WhatsApp_Image_2024-10-26_at_21.13.41__1_-removebg-preview.png","contentUrl":"https:\/\/alpec.com.tr\/wp-content\/uploads\/2024\/10\/WhatsApp_Image_2024-10-26_at_21.13.41__1_-removebg-preview.png","width":500,"height":500,"caption":"Alpec"},"image":{"@id":"https:\/\/alpec.com.tr\/#\/schema\/logo\/image\/"}}]}},"_links":{"self":[{"href":"https:\/\/alpec.com.tr\/tr\/wp-json\/wp\/v2\/pages\/1000","targetHints":{"allow":["GET"]}}],"collection":[{"href":"https:\/\/alpec.com.tr\/tr\/wp-json\/wp\/v2\/pages"}],"about":[{"href":"https:\/\/alpec.com.tr\/tr\/wp-json\/wp\/v2\/types\/page"}],"author":[{"embeddable":true,"href":"https:\/\/alpec.com.tr\/tr\/wp-json\/wp\/v2\/users\/1"}],"replies":[{"embeddable":true,"href":"https:\/\/alpec.com.tr\/tr\/wp-json\/wp\/v2\/comments?post=1000"}],"version-history":[{"count":23,"href":"https:\/\/alpec.com.tr\/tr\/wp-json\/wp\/v2\/pages\/1000\/revisions"}],"predecessor-version":[{"id":2260,"href":"https:\/\/alpec.com.tr\/tr\/wp-json\/wp\/v2\/pages\/1000\/revisions\/2260"}],"wp:attachment":[{"href":"https:\/\/alpec.com.tr\/tr\/wp-json\/wp\/v2\/media?parent=1000"}],"wp:term":[{"taxonomy":"category","embeddable":true,"href":"https:\/\/alpec.com.tr\/tr\/wp-json\/wp\/v2\/categories?post=1000"},{"taxonomy":"post_tag","embeddable":true,"href":"https:\/\/alpec.com.tr\/tr\/wp-json\/wp\/v2\/tags?post=1000"}],"curies":[{"name":"wp","href":"https:\/\/api.w.org\/{rel}","templated":true}]}}