{"id":1011,"date":"2024-10-24T14:54:18","date_gmt":"2024-10-24T14:54:18","guid":{"rendered":"https:\/\/alpec.com.tr\/?page_id=1011"},"modified":"2024-11-17T13:46:45","modified_gmt":"2024-11-17T13:46:45","slug":"services","status":"publish","type":"page","link":"https:\/\/alpec.com.tr\/tr\/services\/","title":{"rendered":"Hizmetler"},"content":{"rendered":"<div data-elementor-type=\"wp-page\" data-elementor-id=\"1011\" class=\"elementor elementor-1011\">\n\t\t\t\t<div class=\"elementor-element elementor-element-411e4e4 e-con-full e-flex e-con e-parent\" data-id=\"411e4e4\" data-element_type=\"container\">\n\t\t\t\t<div class=\"elementor-element elementor-element-f3becfa elementor-widget elementor-widget-shortcode\" data-id=\"f3becfa\" data-element_type=\"widget\" data-widget_type=\"shortcode.default\">\n\t\t\t\t<div class=\"elementor-widget-container\">\n\t\t\t\t\t<div class=\"elementor-shortcode\">    <div class=\"service-container\">\n        <div class=\"service-header\">\n            <h2>Hizmetlerimiz<\/h2>\n            <p class=\" translation-block\">Karma\u015f\u0131k in\u015faat ve altyap\u0131 projelerinde deneyim ve g\u00fcvenilirlik her \u015feyi de\u011fi\u015ftirir. ALPEC'te, projenizi konseptten tamamlanmaya kadar verimli ve b\u00fct\u00e7e dahilinde g\u00f6t\u00fcrmek i\u00e7in tasarlanm\u0131\u015f u\u00e7tan uca M\u00fchendislik, Tedarik ve \u0130n\u015faat Y\u00f6netimi (EPC\/M) hizmetleri sunuyoruz.<\/p>\n        <\/div>\n        <div class=\"service-box-container\">\n            <div class=\"service-boxes\" id=\"development-box\">\n                <div class=\"number\">G<\/div>\n                <h3>Geli\u015ftirme<\/h3>\n                <p>\n                    Vizyonunuzu hayata ge\u00e7irmek mi istiyorsunuz? Geli\u015ftirme hizmetlerimiz, yaz\u0131l\u0131m, altyap\u0131 veya proje y\u00f6netimi alanlar\u0131nda ihtiya\u00e7lar\u0131n\u0131za g\u00f6re uyarlanm\u0131\u015f son teknoloji \u00e7\u00f6z\u00fcmler sunar. Hassasiyet ve m\u00fckemmelli\u011fe odaklanarak, projenizi yaln\u0131zca beklentilerinizi kar\u015f\u0131lamas\u0131 de\u011fil ayn\u0131 zamanda a\u015fmas\u0131n\u0131da sa\u011flar\u0131z.\n                <\/p>\n                <button data-category=\"#development\">\u0130ncele<\/button>\n            <\/div>\n            <div class=\"service-boxes\" id=\"engineering-box\">\n                <div class=\"number\">M<\/div>\n                <h3>M\u00fchendislik<\/h3>\n                <p>\n                    Fikirleri somut sonu\u00e7lara d\u00f6n\u00fc\u015ft\u00fcrmeye haz\u0131r m\u0131s\u0131n\u0131z? M\u00fchendislik hizmetlerimiz, en karma\u015f\u0131k projeleri bile ele almak i\u00e7in yenilik\u00e7i, verimli ve g\u00fcvenilir \u00e7\u00f6z\u00fcmler sunar. \u0130lk tasar\u0131mdan hatas\u0131z uygulamaya kadar, uzman ekibimiz her ad\u0131mda m\u00fchendislik m\u00fckemmelli\u011fi sa\u011flar.\n                <\/p>\n                <button data-category=\"#engineering\">\u0130ncele<\/button>\n            <\/div>\n            <div class=\"service-boxes\" id=\"construction-box\">\n                <div class=\"number\">\u0130<\/div>\n                <h3>\u0130n\u015faat<\/h3>\n                <p>\n                    Vizyonunuzu ger\u00e7e\u011fe d\u00f6n\u00fc\u015ft\u00fcrmek i\u00e7in in\u015faat uzmanl\u0131\u011f\u0131m\u0131zdan yararlan\u0131n. Temelden tamamlanmaya kadar projenizin her y\u00f6n\u00fcn\u00fc hassasiyet, kalite ve ayr\u0131nt\u0131lara dikkat ile y\u00f6netiyoruz. \u00d6l\u00e7e\u011fi ne olursa olsun, zaman\u0131nda ve b\u00fct\u00e7e dahilinde teslim edilmesini sa\u011flamak i\u00e7in yetenekli ekibimize g\u00fcvenin.\n                <\/p>\n                <button data-category=\"#construction\">\u0130ncele<\/button>\n            <\/div>\n            <div class=\"service-boxes\" id=\"epc-epcm-box\">\n                <div class=\"number\">EP<\/div>\n                <h3>EPC &amp; EPCM<\/h3>\n                <p>\n                    U\u00e7tan uca EPC ve EPCM \u00e7\u00f6z\u00fcmlerinde uzmanla\u015ft\u0131k. Hassasiyet ve verimlili\u011fe odaklanarak, hizmetlerimiz karma\u015f\u0131k projeleri ilk tasar\u0131mdan nihai uygulamaya kadar sorunsuz bir \u015fekilde y\u00f6nlendirmek i\u00e7in tasarlanm\u0131\u015ft\u0131r. Uzmanl\u0131\u011f\u0131m\u0131zdan yararlanarak, her projenin en y\u00fcksek g\u00fcvenlik, kalite ve \u00e7evresel sorumluluk standartlar\u0131n\u0131 kar\u015f\u0131lamas\u0131n\u0131 sa\u011flayarak, m\u00fc\u015fterilerimizin benzersiz ihtiya\u00e7lar\u0131 ve hedefleriyle uyumlu sonu\u00e7lar sunuyoruz.\n                <\/p>\n                <button data-category=\"#epc-epcm\">\u0130ncele<\/button>\n            <\/div>\n        <\/div>\n        <div class=\"sub-services-container\" id=\"sub-sercives\">\n            <div class=\"sub-services\" id=\"development\">\n                <div class=\"sub-service\" data-subcategory=\"#development-mining\">Maden<\/div>\n                <div class=\"sub-service\" data-subcategory=\"#development-industrial\">End\u00fcstriyel<\/div>\n                <div class=\"sub-service\" data-subcategory=\"#development-infrastructure\">Altyap\u0131<\/div>\n            <\/div>\n            <div class=\"sub-services\" id=\"engineering\">\n                <div class=\"sub-service\" data-subcategory=\"#engineering-mining\">Maden<\/div>\n                <div class=\"sub-service\" data-subcategory=\"#engineering-industrial\">End\u00fcstriyel<\/div>\n                <div class=\"sub-service\" data-subcategory=\"#engineering-infrastructure\">Altyap\u0131<\/div>\n            <\/div>\n            <div class=\"sub-services\" id=\"construction\">\n                <div class=\"sub-service\" data-subcategory=\"#construction-mining\">Maden<\/div>\n                <div class=\"sub-service\" data-subcategory=\"#construction-industrial\">End\u00fcstriyel<\/div>\n                <div class=\"sub-service\" data-subcategory=\"#construction-infrastructure\">Altyap\u0131<\/div>\n            <\/div>\n            <div class=\"sub-services\" id=\"epc-epcm\">\n                <div class=\"sub-service\" data-subcategory=\"#sub-epc-epcm\">Madencilik - End\u00fcstriyel - Altyap\u0131<\/div>\n            <\/div>\n        <\/div>\n        <div class=\"final-services-container\">\n            <div class=\"final-services\">\n                <ul class=\"service-menu\" id=\"sub-epc-epcm\">\n                    <li><a href=\"\/tr\/epc-amp-epcm\/#planning\">Planlama<\/a><\/li>\n                    <li><a href=\"\/tr\/epc-amp-epcm\/#per\">M\u00fchendislik \u0130htiya\u00e7lar\u0131n\u0131n Sa\u011flanmas\u0131<\/a><\/li>\n                    <li><a href=\"\/tr\/epc-amp-epcm\/#cascv\">T\u00fcm Alt Y\u00fckleniciler ve Tedarik\u00e7ilerin Koordinasyonu<\/a><\/li>\n                    <li><a href=\"\/tr\/epc-amp-epcm\/#mosps\">Proje \u0130\u015f G\u00fcvenli\u011fi Y\u00f6netimi<\/a><\/li>\n                    <li><a href=\"\/tr\/epc-amp-epcm\/#mospq\">Proje Kalite Y\u00f6netimi<\/a><\/li>\n                    <li><a href=\"\/tr\/epc-amp-epcm\/#mpcc\">\u00d6n Devreye Alma ve Devreye Alma Y\u00f6netimi<\/a><\/li>\n                    <li><a href=\"\/tr\/epc-amp-epcm\/#crddep\">Detay M\u00fchendislik A\u015famas\u0131nda \u0130n\u015fa Edilebilirlik \u0130ncelemeleri<\/a><\/li>\n                    <li><a href=\"\/tr\/epc-amp-epcm\/#mpc\">Proje Kontrolleri Y\u00f6netimi<\/a><\/li>\n                    <li><a href=\"\/tr\/epc-amp-epcm\/#mmcsad\">T\u00fcm Disiplinlerde Ana Y\u00fcklenicilerin ve Alt Y\u00fcklenicilerin Y\u00f6netimi<\/a><\/li>\n                    <li><a href=\"\/tr\/epc-amp-epcm\/#mosef\">Sahada M\u00fchendislik Fonksiyonlar\u0131n\u0131n Y\u00f6netimi<\/a><\/li>\n                <\/ul>\n                <ul class=\"service-menu\" id=\"construction-mining\">\n                    <li><a href=\"\/tr\/mining-amp-construction\/#mdcu\">Yeralt\u0131 (UG) ve A\u00e7\u0131k Ocak (OP) \u0130\u00e7in Maden Haz\u0131rl\u0131k S\u00f6zle\u015fmeleri<\/a><\/li>\n                    <li><a href=\"\/tr\/mining-amp-construction\/#vs\">Havaland\u0131rma Sistemleri<\/a><\/li>\n                    <li><a href=\"\/tr\/mining-amp-construction\/#ds\">Drenaj Sistemleri<\/a><\/li>\n                    <li><a href=\"\/tr\/mining-amp-construction\/#bs\">Geri Dolgu Sistemleri<\/a><\/li>\n                <\/ul>\n\n                <ul class=\"service-menu\" id=\"construction-industrial\">\n                    <li><a href=\"\/tr\/industrial-amp-construction\/#earthworks\">Toprak \u0130\u015fleri<\/a><\/li>\n                    <li><a href=\"\/tr\/industrial-amp-construction\/#piling\">Kaz\u0131klar<\/a><\/li>\n                    <li><a href=\"\/tr\/industrial-amp-construction\/#foundations\">Temeller<\/a><\/li>\n                    <li><a href=\"\/tr\/industrial-amp-construction\/#structural-steel\">Yap\u0131sal \u00c7elik<\/a><\/li>\n                    <li><a href=\"\/tr\/industrial-amp-construction\/#architectural-works\">Mimari \u00c7al\u0131\u015fmalar<\/a><\/li>\n                    <li><a href=\"\/tr\/industrial-amp-construction\/#buildings-utilities-services\">Bina Hizmetleri ve Tesisleri<\/a><\/li>\n                    <li><a href=\"\/tr\/industrial-amp-construction\/#mechanical-equipment\">Mekanik &amp; Ekipman<\/a><\/li>\n                    <li><a href=\"\/tr\/industrial-amp-construction\/#piping\">Borulama<\/a><\/li>\n                    <li><a href=\"\/tr\/industrial-amp-construction\/#power-generation-transmission\">Enerji \u00dcretimi ve \u0130letimi<\/a><\/li>\n                    <li><a href=\"\/tr\/industrial-amp-construction\/#electrical\">Elektrik<\/a><\/li>\n                    <li><a href=\"\/tr\/industrial-amp-construction\/#instrumentation\">Enstr\u00fcmantasyon<\/a><\/li>\n                    <li><a href=\"\/tr\/industrial-amp-construction\/#process-control\">Proses kontrol<\/a><\/li>\n                    <li><a href=\"\/tr\/industrial-amp-construction\/#it-communications\">BT ve \u0130leti\u015fim<\/a><\/li>\n                <\/ul>\n                <ul class=\"service-menu\" id=\"construction-infrastructure\">\n                    <li><a href=\"\/tr\/infrastructure-construction\/#tsf\">At\u0131k Depolama Tesisleri<\/a><\/li>\n                    <li><a href=\"\/tr\/infrastructure-construction\/#wdf\">Pasa D\u00f6k\u00fcm Tesisleri<\/a><\/li>\n                    <li><a href=\"\/tr\/infrastructure-construction\/#tunnels\">T\u00fcneller<\/a><\/li>\n                    <li><a href=\"\/tr\/infrastructure-construction\/#bcs\">K\u00f6pr\u00fcler ve Sanat Yap\u0131lar\u0131<\/a><\/li>\n                    <li><a href=\"\/tr\/infrastructure-construction\/#roads\">Yollar<\/a><\/li>\n                <\/ul>\n\n                <ul class=\"service-menu\" id=\"engineering-mining\">\n                    <li><a href=\"\/tr\/ventilation\/\">Havaland\u0131rma<\/a><\/li>\n                    <li><a href=\"\/tr\/dewatering\/\">Drenaj<\/a><\/li>\n                    <li><a href=\"\/tr\/backfill\/\">Geri Dolgu<\/a><\/li>\n                <\/ul>\n\n                <ul class=\"service-menu\" id=\"engineering-industrial\">\n                    <li><a href=\"\/tr\/industrial-amp-engineering\/#earthworks\">Toprak \u0130\u015fleri<\/a><\/li>\n                    <li><a href=\"\/tr\/industrial-amp-engineering\/#piling\">Kaz\u0131klar<\/a><\/li>\n                    <li><a href=\"\/tr\/industrial-amp-engineering\/#foundations\">Temeller<\/a><\/li>\n                    <li><a href=\"\/tr\/industrial-amp-engineering\/#ss\">Yap\u0131sal \u00c7elik<\/a><\/li>\n                    <li><a href=\"\/tr\/industrial-amp-engineering\/#aw\">Mimari \u00c7al\u0131\u015fmalar<\/a><\/li>\n                    <li><a href=\"\/tr\/industrial-amp-engineering\/#bus\">Bina Hizmetleri ve Tesisleri<\/a><\/li>\n                    <li><a href=\"\/tr\/industrial-amp-engineering\/#me\">Mekanik &amp; Ekipman<\/a><\/li>\n                    <li><a href=\"\/tr\/industrial-amp-engineering\/#piping\">Borulama<\/a><\/li>\n                    <li><a href=\"\/tr\/industrial-amp-engineering\/#power-generation-transmission\">Enerji \u00dcretimi ve \u0130letimi<\/a><\/li>\n                    <li><a href=\"\/tr\/industrial-amp-engineering\/#electrical\">Elektrik<\/a><\/li>\n                    <li><a href=\"\/tr\/industrial-amp-engineering\/#instrumentation\">Enstr\u00fcmantasyon<\/a><\/li>\n                    <li><a href=\"\/tr\/industrial-amp-engineering\/#process-control\">Proses kontrol<\/a><\/li>\n                    <li><a href=\"\/tr\/industrial-amp-engineering\/#it-communications\">BT ve \u0130leti\u015fim<\/a><\/li>\n                <\/ul>\n\n                <ul class=\"service-menu\" id=\"engineering-infrastructure\">\n                    <li><a href=\"\/tr\/infrastructure-engineering-tailing-storage-facilities\/\">At\u0131k Depolama Tesisleri<\/a><\/li>\n                    <li><a href=\"\/tr\/infrastructure-engineering-waste-dump-facilities\/\">Pasa D\u00f6k\u00fcm Tesisleri<\/a><\/li>\n                    <li><a href=\"\/tr\/infrastructure-engineering-tunnels\/\">T\u00fcneller<\/a><\/li>\n                    <li><a href=\"\/tr\/infrastructure-engineering-bridges-and-civil-structures\/\">K\u00f6pr\u00fcler ve Sanat Yap\u0131lar\u0131<\/a><\/li>\n                    <li><a href=\"\/tr\/infrastructure-engineering-roads\/\">Yollar<\/a><\/li>\n                <\/ul>\n                <ul class=\"service-menu\" id=\"development-mining\">\n                    <li><a href=\"\/tr\/resource-estimation-and-geology\/\">Kaynak Tahmini ve Jeoloji<\/a><\/li>\n                    <li><a href=\"\/tr\/mine-planning-and-design\/\">Maden Planlama ve Tasar\u0131m\u0131<\/a><\/li>\n                    <li><a href=\"\/tr\/mine-tailings-and-waste-management\/\">Maden At\u0131klar\u0131 ve Pasa Y\u00f6netimi<\/a><\/li>\n                    <li><a href=\"\/tr\/geotechnical\/\">Jeoteknik<\/a><\/li>\n                    <li><a href=\"\/tr\/hydrology-and-hydrogeology\/\">Hidroloji ve hidrojeoloji<\/a><\/li>\n                <\/ul>\n                <ul class=\"service-menu\" id=\"development-industrial\">\n                    <li><a href=\"\/tr\/geometallurgy-metallurgical-testing-and-process-development\/\">Jeometalurji, Metalurjik Test ve Proses Geli\u015ftirme<\/a><\/li>\n                    <li><a href=\"\/tr\/process-design-optimization-and-reporting\/\">Proses Tasar\u0131m\u0131, Optimizasyonu ve Raporlama<\/a><\/li>\n                    <li><a href=\"\/tr\/hydrometallurgy\/\">Hidrometalurji<\/a><\/li>\n                    <li><a href=\"\/tr\/pyrometallurgy\/\">Pirometalurji<\/a><\/li>\n                <\/ul>\n                <ul class=\"service-menu\" id=\"development-infrastructure\">\n                    <li><a href=\"\/tr\/infrastructure-development-tailing-storage-facilities\/\">At\u0131k Depolama Tesisleri<\/a><\/li>\n                    <li><a href=\"\/tr\/infrastructure-development-waste-dump-facilities\/\">Pasa D\u00f6k\u00fcm Tesisleri<\/a><\/li>\n                    <li><a href=\"\/tr\/infrastructure-development-tunnels\/\">T\u00fcneller<\/a><\/li>\n                    <li><a href=\"\/tr\/infrastructure-development-bridges-and-civil-structures\/\">K\u00f6pr\u00fcler ve Sanat Yap\u0131lar\u0131<\/a><\/li>\n                    <li><a href=\"\/tr\/infrastructure-development-roads\/\">Yollar<\/a><\/li>\n                <\/ul>\n            <\/div>\n        <\/div>\n    <\/div>\n<\/div>\n\t\t\t\t<\/div>\n\t\t\t\t<\/div>\n\t\t<div class=\"elementor-element elementor-element-0e3e7d0 e-con-full e-flex e-con e-child\" data-id=\"0e3e7d0\" data-element_type=\"container\">\n\t\t<div class=\"elementor-element elementor-element-11dfa51 e-con-full e-flex e-con e-child\" data-id=\"11dfa51\" data-element_type=\"container\" data-settings=\"{&quot;background_background&quot;:&quot;classic&quot;}\">\n\t\t\t\t<div class=\"elementor-element elementor-element-862a2de elementor-widget elementor-widget-heading\" data-id=\"862a2de\" data-element_type=\"widget\" data-widget_type=\"heading.default\">\n\t\t\t\t<div class=\"elementor-widget-container\">\n\t\t\t<h3 class=\"elementor-heading-title elementor-size-default\">Birlikte neler ba\u015farabilece\u011fimizi ke\u015ffedelim.<\/h3>\t\t<\/div>\n\t\t\t\t<\/div>\n\t\t\t\t<div class=\"elementor-element elementor-element-fcec580 elementor-widget elementor-widget-button\" data-id=\"fcec580\" data-element_type=\"widget\" data-widget_type=\"button.default\">\n\t\t\t\t<div class=\"elementor-widget-container\">\n\t\t\t\t\t\t\t<div class=\"elementor-button-wrapper\">\n\t\t\t\t\t<a class=\"elementor-button elementor-button-link elementor-size-sm\" href=\"\/tr\/contact\/\">\n\t\t\t\t\t\t<span class=\"elementor-button-content-wrapper\">\n\t\t\t\t\t\t\t\t\t<span class=\"elementor-button-text\">B\u0130ZE ULA\u015eIN<\/span>\n\t\t\t\t\t<\/span>\n\t\t\t\t\t<\/a>\n\t\t\t\t<\/div>\n\t\t\t\t\t\t<\/div>\n\t\t\t\t<\/div>\n\t\t\t\t<\/div>\n\t\t\t\t<\/div>\n\t\t\t\t<\/div>\n\t\t\t\t<\/div>","protected":false},"excerpt":{"rendered":"<p>Let&#8217;s explore what we can achieve together. CONTACT US<\/p>","protected":false},"author":1,"featured_media":0,"parent":0,"menu_order":0,"comment_status":"closed","ping_status":"closed","template":"","meta":{"footnotes":""},"categories":[],"tags":[],"class_list":["post-1011","page","type-page","status-publish","hentry"],"yoast_head":"<!-- This site is optimized with the Yoast SEO plugin v23.5 - https:\/\/yoast.com\/wordpress\/plugins\/seo\/ -->\n<title>Services - Alpec<\/title>\n<meta name=\"description\" content=\"Explore ALPEC&#039;s comprehensive range of services, from mining engineering to industrial construction, designed for optimal project success.\" \/>\n<meta name=\"robots\" content=\"index, follow, max-snippet:-1, max-image-preview:large, max-video-preview:-1\" \/>\n<link rel=\"canonical\" href=\"https:\/\/alpec.com.tr\/tr\/services\/\" \/>\n<meta property=\"og:locale\" content=\"tr_TR\" \/>\n<meta property=\"og:type\" content=\"article\" \/>\n<meta property=\"og:title\" content=\"Services - Alpec\" \/>\n<meta property=\"og:description\" content=\"Explore ALPEC&#039;s comprehensive range of services, from mining engineering to industrial construction, designed for optimal project success.\" \/>\n<meta property=\"og:url\" content=\"https:\/\/alpec.com.tr\/tr\/services\/\" \/>\n<meta property=\"og:site_name\" content=\"Alpec\" \/>\n<meta property=\"article:modified_time\" content=\"2024-11-17T13:46:45+00:00\" \/>\n<meta name=\"twitter:card\" content=\"summary_large_image\" \/>\n<meta name=\"twitter:label1\" content=\"Tahmini okuma s\u00fcresi\" \/>\n\t<meta name=\"twitter:data1\" content=\"1 dakika\" \/>\n<script type=\"application\/ld+json\" class=\"yoast-schema-graph\">{\"@context\":\"https:\/\/schema.org\",\"@graph\":[{\"@type\":\"WebPage\",\"@id\":\"https:\/\/alpec.com.tr\/services\/\",\"url\":\"https:\/\/alpec.com.tr\/services\/\",\"name\":\"Services - Alpec\",\"isPartOf\":{\"@id\":\"https:\/\/alpec.com.tr\/#website\"},\"datePublished\":\"2024-10-24T14:54:18+00:00\",\"dateModified\":\"2024-11-17T13:46:45+00:00\",\"description\":\"Explore ALPEC's comprehensive range of services, from mining engineering to industrial construction, designed for optimal project success.\",\"breadcrumb\":{\"@id\":\"https:\/\/alpec.com.tr\/services\/#breadcrumb\"},\"inLanguage\":\"tr\",\"potentialAction\":[{\"@type\":\"ReadAction\",\"target\":[\"https:\/\/alpec.com.tr\/services\/\"]}]},{\"@type\":\"BreadcrumbList\",\"@id\":\"https:\/\/alpec.com.tr\/services\/#breadcrumb\",\"itemListElement\":[{\"@type\":\"ListItem\",\"position\":1,\"name\":\"Anasayfa\",\"item\":\"https:\/\/alpec.com.tr\/\"},{\"@type\":\"ListItem\",\"position\":2,\"name\":\"Services\"}]},{\"@type\":\"WebSite\",\"@id\":\"https:\/\/alpec.com.tr\/#website\",\"url\":\"https:\/\/alpec.com.tr\/\",\"name\":\"Alpec\",\"description\":\"Precision in design, excellence in execution\",\"publisher\":{\"@id\":\"https:\/\/alpec.com.tr\/#organization\"},\"potentialAction\":[{\"@type\":\"SearchAction\",\"target\":{\"@type\":\"EntryPoint\",\"urlTemplate\":\"https:\/\/alpec.com.tr\/?s={search_term_string}\"},\"query-input\":{\"@type\":\"PropertyValueSpecification\",\"valueRequired\":true,\"valueName\":\"search_term_string\"}}],\"inLanguage\":\"tr\"},{\"@type\":\"Organization\",\"@id\":\"https:\/\/alpec.com.tr\/#organization\",\"name\":\"Alpec\",\"url\":\"https:\/\/alpec.com.tr\/\",\"logo\":{\"@type\":\"ImageObject\",\"inLanguage\":\"tr\",\"@id\":\"https:\/\/alpec.com.tr\/#\/schema\/logo\/image\/\",\"url\":\"https:\/\/alpec.com.tr\/wp-content\/uploads\/2024\/10\/WhatsApp_Image_2024-10-26_at_21.13.41__1_-removebg-preview.png\",\"contentUrl\":\"https:\/\/alpec.com.tr\/wp-content\/uploads\/2024\/10\/WhatsApp_Image_2024-10-26_at_21.13.41__1_-removebg-preview.png\",\"width\":500,\"height\":500,\"caption\":\"Alpec\"},\"image\":{\"@id\":\"https:\/\/alpec.com.tr\/#\/schema\/logo\/image\/\"}}]}<\/script>\n<!-- \/ Yoast SEO plugin. -->","yoast_head_json":{"title":"Services - Alpec","description":"Explore ALPEC's comprehensive range of services, from mining engineering to industrial construction, designed for optimal project success.","robots":{"index":"index","follow":"follow","max-snippet":"max-snippet:-1","max-image-preview":"max-image-preview:large","max-video-preview":"max-video-preview:-1"},"canonical":"https:\/\/alpec.com.tr\/tr\/services\/","og_locale":"tr_TR","og_type":"article","og_title":"Services - Alpec","og_description":"Explore ALPEC's comprehensive range of services, from mining engineering to industrial construction, designed for optimal project success.","og_url":"https:\/\/alpec.com.tr\/tr\/services\/","og_site_name":"Alpec","article_modified_time":"2024-11-17T13:46:45+00:00","twitter_card":"summary_large_image","twitter_misc":{"Tahmini okuma s\u00fcresi":"1 dakika"},"schema":{"@context":"https:\/\/schema.org","@graph":[{"@type":"WebPage","@id":"https:\/\/alpec.com.tr\/services\/","url":"https:\/\/alpec.com.tr\/services\/","name":"Services - Alpec","isPartOf":{"@id":"https:\/\/alpec.com.tr\/#website"},"datePublished":"2024-10-24T14:54:18+00:00","dateModified":"2024-11-17T13:46:45+00:00","description":"Explore ALPEC's comprehensive range of services, from mining engineering to industrial construction, designed for optimal project success.","breadcrumb":{"@id":"https:\/\/alpec.com.tr\/services\/#breadcrumb"},"inLanguage":"tr","potentialAction":[{"@type":"ReadAction","target":["https:\/\/alpec.com.tr\/services\/"]}]},{"@type":"BreadcrumbList","@id":"https:\/\/alpec.com.tr\/services\/#breadcrumb","itemListElement":[{"@type":"ListItem","position":1,"name":"Anasayfa","item":"https:\/\/alpec.com.tr\/"},{"@type":"ListItem","position":2,"name":"Services"}]},{"@type":"WebSite","@id":"https:\/\/alpec.com.tr\/#website","url":"https:\/\/alpec.com.tr\/","name":"Alpec","description":"Precision in design, excellence in execution","publisher":{"@id":"https:\/\/alpec.com.tr\/#organization"},"potentialAction":[{"@type":"SearchAction","target":{"@type":"EntryPoint","urlTemplate":"https:\/\/alpec.com.tr\/?s={search_term_string}"},"query-input":{"@type":"PropertyValueSpecification","valueRequired":true,"valueName":"search_term_string"}}],"inLanguage":"tr"},{"@type":"Organization","@id":"https:\/\/alpec.com.tr\/#organization","name":"Alpec","url":"https:\/\/alpec.com.tr\/","logo":{"@type":"ImageObject","inLanguage":"tr","@id":"https:\/\/alpec.com.tr\/#\/schema\/logo\/image\/","url":"https:\/\/alpec.com.tr\/wp-content\/uploads\/2024\/10\/WhatsApp_Image_2024-10-26_at_21.13.41__1_-removebg-preview.png","contentUrl":"https:\/\/alpec.com.tr\/wp-content\/uploads\/2024\/10\/WhatsApp_Image_2024-10-26_at_21.13.41__1_-removebg-preview.png","width":500,"height":500,"caption":"Alpec"},"image":{"@id":"https:\/\/alpec.com.tr\/#\/schema\/logo\/image\/"}}]}},"_links":{"self":[{"href":"https:\/\/alpec.com.tr\/tr\/wp-json\/wp\/v2\/pages\/1011","targetHints":{"allow":["GET"]}}],"collection":[{"href":"https:\/\/alpec.com.tr\/tr\/wp-json\/wp\/v2\/pages"}],"about":[{"href":"https:\/\/alpec.com.tr\/tr\/wp-json\/wp\/v2\/types\/page"}],"author":[{"embeddable":true,"href":"https:\/\/alpec.com.tr\/tr\/wp-json\/wp\/v2\/users\/1"}],"replies":[{"embeddable":true,"href":"https:\/\/alpec.com.tr\/tr\/wp-json\/wp\/v2\/comments?post=1011"}],"version-history":[{"count":224,"href":"https:\/\/alpec.com.tr\/tr\/wp-json\/wp\/v2\/pages\/1011\/revisions"}],"predecessor-version":[{"id":2184,"href":"https:\/\/alpec.com.tr\/tr\/wp-json\/wp\/v2\/pages\/1011\/revisions\/2184"}],"wp:attachment":[{"href":"https:\/\/alpec.com.tr\/tr\/wp-json\/wp\/v2\/media?parent=1011"}],"wp:term":[{"taxonomy":"category","embeddable":true,"href":"https:\/\/alpec.com.tr\/tr\/wp-json\/wp\/v2\/categories?post=1011"},{"taxonomy":"post_tag","embeddable":true,"href":"https:\/\/alpec.com.tr\/tr\/wp-json\/wp\/v2\/tags?post=1011"}],"curies":[{"name":"wp","href":"https:\/\/api.w.org\/{rel}","templated":true}]}}