{"id":1067,"date":"2024-10-25T11:57:51","date_gmt":"2024-10-25T11:57:51","guid":{"rendered":"https:\/\/alpec.com.tr\/?page_id=1067"},"modified":"2024-11-17T13:38:41","modified_gmt":"2024-11-17T13:38:41","slug":"about-us","status":"publish","type":"page","link":"https:\/\/alpec.com.tr\/tr\/about-us\/","title":{"rendered":"Hakk\u0131m\u0131zda"},"content":{"rendered":"<div data-elementor-type=\"wp-page\" data-elementor-id=\"1067\" class=\"elementor elementor-1067\">\n\t\t\t\t<div class=\"elementor-element elementor-element-4f74df2 e-con-full e-flex e-con e-parent\" data-id=\"4f74df2\" data-element_type=\"container\">\n\t\t\t\t<div class=\"elementor-element elementor-element-a575aee elementor-widget elementor-widget-shortcode\" data-id=\"a575aee\" data-element_type=\"widget\" data-widget_type=\"shortcode.default\">\n\t\t\t\t<div class=\"elementor-widget-container\">\n\t\t\t\t\t<div class=\"elementor-shortcode\">    <div class=\"service-container\">\n        <div class=\"service-header\">\n            <h2>Biz Kimiz<\/h2>\n            <p>Deneyimli ekibimiz, projeleri en y\u00fcksek standartlarda y\u00fcr\u00fctmek i\u00e7in m\u00fchendislik, tedarik ve in\u015faat\u0131 bir araya getiriyor. G\u00fcc\u00fcm\u00fcz, uzmanl\u0131\u011f\u0131m\u0131zda ve ortaklar\u0131m\u0131zla kurdu\u011fumuz g\u00fcvene dayal\u0131 ili\u015fkilerde yatmaktad\u0131r.<\/p>\n\n        <\/div>\n        <div class=\"service-box-container\">\n            <div class=\"service-boxes\" id=\"values-box\">\n                <div class=\"number\">D<\/div>\n                <h3>De\u011ferlerimiz<\/h3>\n                <p>\n                    ALPEC'te, g\u00fcvenli\u011fin sadece bir kural olmad\u0131\u011f\u0131na inan\u0131yoruz; bir s\u00f6zd\u00fcr. Ekiplerimizin, m\u00fc\u015fterilerimizin ve hizmet verdi\u011fimiz topluluklar\u0131n refah\u0131n\u0131 \u00e7ok \u00f6nemsiyoruz. Planlamadan uygulamaya kadar yapt\u0131\u011f\u0131m\u0131z her se\u00e7imde en y\u00fcksek g\u00fcvenlik standartlar\u0131na \u00f6ncelik veriyoruz.\n                <\/p>\n                <button data-category=\"#values\">\u0130ncele<\/button>\n            <\/div>\n            <div class=\"service-boxes\" id=\"people-box\">\n                <div class=\"number\">E<\/div>\n                <h3>Ekibimiz<\/h3>\n                <p>\n                    Her \u015feyi m\u00fcmk\u00fcn k\u0131lan ekibimiz. \u0130\u015f birli\u011fi i\u015fimizin merkezindedir.\n                <\/p>\n                <button data-category=\"#people\">\u0130ncele<\/button>\n            <\/div>\n            <div class=\"service-boxes\" id=\"story-box\">\n                <div class=\"number\">H<\/div>\n                <h3>Hikayemiz<\/h3>\n                <p>\n                    ALPEC'teki yolculu\u011fumuz, m\u00fchendislik ve in\u015faat sekt\u00f6r\u00fcnde m\u00fckemmellik standartlar\u0131n\u0131 yeniden tan\u0131mlama vizyonuyla 2021 y\u0131l\u0131nda ba\u015flad\u0131.\n                <\/p>\n                <button data-category=\"#story\">\u0130ncele<\/button>\n            <\/div>\n\n        <\/div>\n        <div class=\"sub-services-container about-container\" id=\"sub-sercives\">\n            <div class=\"sub-services\" id=\"values\">\n                <div class=\"sub-service\" data-subcategory=\"#development-mining\" style=\"display: flex; align-items: flex-start;\">\n                    <h4>\u00d6nce G\u00fcvenlik<\/h4>\n                    <p>ALPEC'te, g\u00fcvenli\u011fin sadece bir kural olmad\u0131\u011f\u0131na inan\u0131yoruz; bir s\u00f6zd\u00fcr. Ekiplerimizin, m\u00fc\u015fterilerimizin ve hizmet verdi\u011fimiz topluluklar\u0131n refah\u0131n\u0131 \u00e7ok \u00f6nemsiyoruz. Planlamadan uygulamaya kadar yapt\u0131\u011f\u0131m\u0131z her se\u00e7imde en y\u00fcksek g\u00fcvenlik standartlar\u0131na \u00f6ncelik veriyoruz.<\/p>\n\n                    <h4>Kalite M\u00fckemmelli\u011fi<\/h4>\n                    <p>Bizim i\u00e7in m\u00fckemmellik bir hedeften daha fazlas\u0131d\u0131r; yapt\u0131\u011f\u0131m\u0131z her \u015feydedir. Her projeye ayr\u0131nt\u0131lara dikkat ederek ve bizi farkl\u0131 k\u0131lan kaliteye olan ba\u011fl\u0131l\u0131\u011f\u0131m\u0131zla yakla\u015f\u0131yoruz. Hassasiyet ve m\u00fckemmelli\u011fe odaklanmam\u0131z, her sonucun i\u015fleri do\u011fru yapmaya olan ba\u011fl\u0131l\u0131\u011f\u0131m\u0131z\u0131 yans\u0131tmas\u0131n\u0131 sa\u011flar.<\/p>\n\n                    <h4>\u00c7evresel Sorumluluk<\/h4>\n                    <p>D\u00fcnya \u00fczerinde olumlu bir etki b\u0131rakman\u0131n \u00f6nemini biliyoruz. Bu nedenle ayak izimizi azaltarak ve her projede \u00e7evre dostu \u00e7\u00f6z\u00fcmler yaratarak s\u00fcrd\u00fcr\u00fclebilir bir gelecek in\u015fa etmeye kararl\u0131y\u0131z.<\/p>\n\n                    <h4>D\u00fcr\u00fcstl\u00fck ve \u015eeffafl\u0131k<\/h4>\n                    <p>Kurdu\u011fumuz ili\u015fkilerden gurur duyuyor ve g\u00fcvene dayal\u0131 oldu\u011funu bilmekten mutlululuk duyuyoruz. A\u00e7\u0131k\u00e7a ileti\u015fim kurmak, d\u00fcr\u00fcst\u00e7e \u00e7al\u0131\u015fmak ve her ad\u0131mda hesap verebilir olmak i\u00e7in buraday\u0131z \u00e7\u00fcnk\u00fc ger\u00e7ek ortakl\u0131klar g\u00fcvene dayan\u0131r.<\/p>\n\n                    <h4>M\u00fc\u015fteri Odakl\u0131 Yakla\u015f\u0131m<\/h4>\n                    <p>Hedefleriniz bizim hedeflerimizdir. \u0130\u015fbirli\u011finin ve vizyonunuzu anlaman\u0131n ba\u015far\u0131n\u0131n anahtar\u0131 oldu\u011funa inan\u0131yoruz. ALPEC'te her proje bir ortakl\u0131kt\u0131r ve taahh\u00fcd\u00fcm\u00fcz fikirlerinizi hayata ge\u00e7iren sonu\u00e7lar sunmakt\u0131r.<\/p>\n                <\/div>\n            <\/div>\n            <div class=\"sub-services\" id=\"people\">\n                <div class=\"sub-service\" data-subcategory=\"#engineering-mining\">\n                    <p>\n                        \u0130\u015f birli\u011fi, \u00e7al\u0131\u015fmalar\u0131m\u0131z\u0131n merkezinde yer al\u0131r. G\u00fc\u00e7lerimizi birle\u015ftirerek zorluklar\u0131n \u00fcstesinden gelir ve ortak hedeflere ula\u015f\u0131r\u0131z, ger\u00e7ek bir ekip olarak ba\u015far\u0131lar\u0131m\u0131z\u0131 kutlar\u0131z. ALPEC'te sadece projeler in\u015fa etmiyoruz; \u00e7evremiz ve gelece\u011fimiz \u00fczerinde olumlu bir etki yaratmaya kendini adam\u0131\u015f bir topluluk yarat\u0131yoruz.\n                    <\/p>\n                <\/div>\n            <\/div>\n            <div class=\"sub-services\" id=\"story\">\n                <div class=\"sub-service\" data-subcategory=\"#construction-mining\">\n                    <p>\n                        ALPEC'teki yolculu\u011fumuz, m\u00fchendislik ve in\u015faat sekt\u00f6r\u00fcnde m\u00fckemmellik standartlar\u0131n\u0131 yeniden tan\u0131mlama vizyonuyla 2021 y\u0131l\u0131nda ba\u015flad\u0131.\n\nAlan\u0131nda 20 y\u0131ll\u0131k deneyime sahip Erdener Can Kuzu liderli\u011finde ve kendini i\u015fine adam\u0131\u015f profesyonellerden olu\u015fan bir grup taraf\u0131ndan kurulan \u015firketimiz, g\u00fcvenli\u011fi, kaliteyi ve s\u00fcrd\u00fcr\u00fclebilirli\u011fi \u00f6nceliklendiren bir yakla\u015f\u0131m benimseyerek her projede fark yaratmaya adanm\u0131\u015f bir ekipten olu\u015fuyor. Y\u00f6netim ekibimizin sekt\u00f6rel bilgisi ve kararl\u0131 vizyonu, ALPEC'in \u00fcstlendi\u011fi her projede yenilik\u00e7i ve g\u00fcvenilir bir \u00e7\u00f6z\u00fcm orta\u011f\u0131 olmas\u0131n\u0131 sa\u011fl\u0131yor.\n\nM\u00fctevaz\u0131 ba\u015flang\u0131c\u0131m\u0131zdan itibaren, i\u015f birli\u011finin ve geli\u015fimin g\u00fcc\u00fcne inanan dinamik bir ekibe d\u00f6n\u00fc\u015ft\u00fck. \u00dcstlendi\u011fimiz her projenin her zaman sadece bir i\u015ften daha fazlas\u0131 oldu\u011funa inan\u0131yoruz; bunu kal\u0131c\u0131 bir etki yaratma ve daha iyi bir gelece\u011fe katk\u0131da bulunma \u015fans\u0131 olarak g\u00f6r\u00fcyoruz. Zorluklar\u0131 f\u0131rsat olarak kabul ettik ve bunlar\u0131 basamak ta\u015flar\u0131na d\u00f6n\u00fc\u015ft\u00fcrd\u00fck, s\u00fcrekli \u00f6\u011frenerek ve yol boyunca geli\u015ferek.\n\nGelece\u011fe bakt\u0131\u011f\u0131m\u0131zda, kararl\u0131l\u0131\u011f\u0131m\u0131z sars\u0131lmaz olmaya devam ediyor. M\u00fc\u015fterilerimiz, ortaklar\u0131m\u0131z ve topluluklar\u0131m\u0131zla g\u00fc\u00e7l\u00fc ili\u015fkiler kurmaya, projelerimizin yaln\u0131zca ihtiya\u00e7lar\u0131n\u0131 kar\u015f\u0131lamakla kalmay\u0131p ayn\u0131 zamanda etraf\u0131m\u0131zdakilere ilham vermesini ve onlar\u0131 ileriye ta\u015f\u0131mas\u0131n\u0131 sa\u011flamaya adad\u0131k kendimizi. ALPEC'te yaln\u0131zca projeler in\u015fa etmiyoruz; d\u00fcr\u00fcstl\u00fck, m\u00fckemmellik ve sorumluluk miras\u0131 in\u015fa ediyoruz. M\u00fchendisli\u011fe olan tutkumuz ve gelecek nesiller i\u00e7in s\u00fcrd\u00fcr\u00fclebilir bir d\u00fcnya yaratma taahh\u00fcd\u00fcm\u00fczle bu heyecan verici yolculu\u011fa devam ederken bize kat\u0131l\u0131n.\n\n                    <\/p>\n                <\/div>\n            <\/div>\n        <\/div>\n    <\/div>\n<\/div>\n\t\t\t\t<\/div>\n\t\t\t\t<\/div>\n\t\t\t\t<\/div>\n\t\t<div class=\"elementor-element elementor-element-47006d0 e-con-full e-flex e-con e-parent\" data-id=\"47006d0\" data-element_type=\"container\">\n\t\t<div class=\"elementor-element elementor-element-cc7fed2 e-con-full e-flex e-con e-child\" data-id=\"cc7fed2\" data-element_type=\"container\" data-settings=\"{&quot;background_background&quot;:&quot;classic&quot;}\">\n\t\t\t\t<div class=\"elementor-element elementor-element-346bb01 elementor-widget elementor-widget-heading\" data-id=\"346bb01\" data-element_type=\"widget\" data-widget_type=\"heading.default\">\n\t\t\t\t<div class=\"elementor-widget-container\">\n\t\t\t<h3 class=\"elementor-heading-title elementor-size-default\">Birlikte neler ba\u015farabilece\u011fimizi ke\u015ffedelim.<\/h3>\t\t<\/div>\n\t\t\t\t<\/div>\n\t\t\t\t<div class=\"elementor-element elementor-element-343150f elementor-widget elementor-widget-button\" data-id=\"343150f\" data-element_type=\"widget\" data-widget_type=\"button.default\">\n\t\t\t\t<div class=\"elementor-widget-container\">\n\t\t\t\t\t\t\t<div class=\"elementor-button-wrapper\">\n\t\t\t\t\t<a class=\"elementor-button elementor-button-link elementor-size-sm\" href=\"\/tr\/contact\/\">\n\t\t\t\t\t\t<span class=\"elementor-button-content-wrapper\">\n\t\t\t\t\t\t\t\t\t<span class=\"elementor-button-text\">B\u0130ZE ULA\u015eIN<\/span>\n\t\t\t\t\t<\/span>\n\t\t\t\t\t<\/a>\n\t\t\t\t<\/div>\n\t\t\t\t\t\t<\/div>\n\t\t\t\t<\/div>\n\t\t\t\t<\/div>\n\t\t\t\t<\/div>\n\t\t\t\t<\/div>","protected":false},"excerpt":{"rendered":"<p>Let&#8217;s explore what we can achieve together. CONTACT US<\/p>","protected":false},"author":1,"featured_media":0,"parent":0,"menu_order":0,"comment_status":"closed","ping_status":"closed","template":"","meta":{"footnotes":""},"categories":[],"tags":[],"class_list":["post-1067","page","type-page","status-publish","hentry"],"yoast_head":"<!-- This site is optimized with the Yoast SEO plugin v23.5 - https:\/\/yoast.com\/wordpress\/plugins\/seo\/ -->\n<title>About Us - Alpec<\/title>\n<meta name=\"description\" content=\"Learn more about ALPEC\u2019s expertise in engineering, mining, and construction, with a commitment to quality and sustainable solutions.\" \/>\n<meta name=\"robots\" content=\"index, follow, max-snippet:-1, max-image-preview:large, max-video-preview:-1\" \/>\n<link rel=\"canonical\" href=\"https:\/\/alpec.com.tr\/tr\/about-us\/\" \/>\n<meta property=\"og:locale\" content=\"tr_TR\" \/>\n<meta property=\"og:type\" content=\"article\" \/>\n<meta property=\"og:title\" content=\"About Us - Alpec\" \/>\n<meta property=\"og:description\" content=\"Learn more about ALPEC\u2019s expertise in engineering, mining, and construction, with a commitment to quality and sustainable solutions.\" \/>\n<meta property=\"og:url\" content=\"https:\/\/alpec.com.tr\/tr\/about-us\/\" \/>\n<meta property=\"og:site_name\" content=\"Alpec\" \/>\n<meta property=\"article:modified_time\" content=\"2024-11-17T13:38:41+00:00\" \/>\n<meta name=\"twitter:card\" content=\"summary_large_image\" \/>\n<meta name=\"twitter:label1\" content=\"Tahmini okuma s\u00fcresi\" \/>\n\t<meta name=\"twitter:data1\" content=\"1 dakika\" \/>\n<script type=\"application\/ld+json\" class=\"yoast-schema-graph\">{\"@context\":\"https:\/\/schema.org\",\"@graph\":[{\"@type\":\"WebPage\",\"@id\":\"https:\/\/alpec.com.tr\/about-us\/\",\"url\":\"https:\/\/alpec.com.tr\/about-us\/\",\"name\":\"About Us - Alpec\",\"isPartOf\":{\"@id\":\"https:\/\/alpec.com.tr\/#website\"},\"datePublished\":\"2024-10-25T11:57:51+00:00\",\"dateModified\":\"2024-11-17T13:38:41+00:00\",\"description\":\"Learn more about ALPEC\u2019s expertise in engineering, mining, and construction, with a commitment to quality and sustainable solutions.\",\"breadcrumb\":{\"@id\":\"https:\/\/alpec.com.tr\/about-us\/#breadcrumb\"},\"inLanguage\":\"tr\",\"potentialAction\":[{\"@type\":\"ReadAction\",\"target\":[\"https:\/\/alpec.com.tr\/about-us\/\"]}]},{\"@type\":\"BreadcrumbList\",\"@id\":\"https:\/\/alpec.com.tr\/about-us\/#breadcrumb\",\"itemListElement\":[{\"@type\":\"ListItem\",\"position\":1,\"name\":\"Anasayfa\",\"item\":\"https:\/\/alpec.com.tr\/\"},{\"@type\":\"ListItem\",\"position\":2,\"name\":\"About Us\"}]},{\"@type\":\"WebSite\",\"@id\":\"https:\/\/alpec.com.tr\/#website\",\"url\":\"https:\/\/alpec.com.tr\/\",\"name\":\"Alpec\",\"description\":\"Precision in design, excellence in execution\",\"publisher\":{\"@id\":\"https:\/\/alpec.com.tr\/#organization\"},\"potentialAction\":[{\"@type\":\"SearchAction\",\"target\":{\"@type\":\"EntryPoint\",\"urlTemplate\":\"https:\/\/alpec.com.tr\/?s={search_term_string}\"},\"query-input\":{\"@type\":\"PropertyValueSpecification\",\"valueRequired\":true,\"valueName\":\"search_term_string\"}}],\"inLanguage\":\"tr\"},{\"@type\":\"Organization\",\"@id\":\"https:\/\/alpec.com.tr\/#organization\",\"name\":\"Alpec\",\"url\":\"https:\/\/alpec.com.tr\/\",\"logo\":{\"@type\":\"ImageObject\",\"inLanguage\":\"tr\",\"@id\":\"https:\/\/alpec.com.tr\/#\/schema\/logo\/image\/\",\"url\":\"https:\/\/alpec.com.tr\/wp-content\/uploads\/2024\/10\/WhatsApp_Image_2024-10-26_at_21.13.41__1_-removebg-preview.png\",\"contentUrl\":\"https:\/\/alpec.com.tr\/wp-content\/uploads\/2024\/10\/WhatsApp_Image_2024-10-26_at_21.13.41__1_-removebg-preview.png\",\"width\":500,\"height\":500,\"caption\":\"Alpec\"},\"image\":{\"@id\":\"https:\/\/alpec.com.tr\/#\/schema\/logo\/image\/\"}}]}<\/script>\n<!-- \/ Yoast SEO plugin. -->","yoast_head_json":{"title":"About Us - Alpec","description":"Learn more about ALPEC\u2019s expertise in engineering, mining, and construction, with a commitment to quality and sustainable solutions.","robots":{"index":"index","follow":"follow","max-snippet":"max-snippet:-1","max-image-preview":"max-image-preview:large","max-video-preview":"max-video-preview:-1"},"canonical":"https:\/\/alpec.com.tr\/tr\/about-us\/","og_locale":"tr_TR","og_type":"article","og_title":"About Us - Alpec","og_description":"Learn more about ALPEC\u2019s expertise in engineering, mining, and construction, with a commitment to quality and sustainable solutions.","og_url":"https:\/\/alpec.com.tr\/tr\/about-us\/","og_site_name":"Alpec","article_modified_time":"2024-11-17T13:38:41+00:00","twitter_card":"summary_large_image","twitter_misc":{"Tahmini okuma s\u00fcresi":"1 dakika"},"schema":{"@context":"https:\/\/schema.org","@graph":[{"@type":"WebPage","@id":"https:\/\/alpec.com.tr\/about-us\/","url":"https:\/\/alpec.com.tr\/about-us\/","name":"About Us - Alpec","isPartOf":{"@id":"https:\/\/alpec.com.tr\/#website"},"datePublished":"2024-10-25T11:57:51+00:00","dateModified":"2024-11-17T13:38:41+00:00","description":"Learn more about ALPEC\u2019s expertise in engineering, mining, and construction, with a commitment to quality and sustainable solutions.","breadcrumb":{"@id":"https:\/\/alpec.com.tr\/about-us\/#breadcrumb"},"inLanguage":"tr","potentialAction":[{"@type":"ReadAction","target":["https:\/\/alpec.com.tr\/about-us\/"]}]},{"@type":"BreadcrumbList","@id":"https:\/\/alpec.com.tr\/about-us\/#breadcrumb","itemListElement":[{"@type":"ListItem","position":1,"name":"Anasayfa","item":"https:\/\/alpec.com.tr\/"},{"@type":"ListItem","position":2,"name":"About Us"}]},{"@type":"WebSite","@id":"https:\/\/alpec.com.tr\/#website","url":"https:\/\/alpec.com.tr\/","name":"Alpec","description":"Precision in design, excellence in execution","publisher":{"@id":"https:\/\/alpec.com.tr\/#organization"},"potentialAction":[{"@type":"SearchAction","target":{"@type":"EntryPoint","urlTemplate":"https:\/\/alpec.com.tr\/?s={search_term_string}"},"query-input":{"@type":"PropertyValueSpecification","valueRequired":true,"valueName":"search_term_string"}}],"inLanguage":"tr"},{"@type":"Organization","@id":"https:\/\/alpec.com.tr\/#organization","name":"Alpec","url":"https:\/\/alpec.com.tr\/","logo":{"@type":"ImageObject","inLanguage":"tr","@id":"https:\/\/alpec.com.tr\/#\/schema\/logo\/image\/","url":"https:\/\/alpec.com.tr\/wp-content\/uploads\/2024\/10\/WhatsApp_Image_2024-10-26_at_21.13.41__1_-removebg-preview.png","contentUrl":"https:\/\/alpec.com.tr\/wp-content\/uploads\/2024\/10\/WhatsApp_Image_2024-10-26_at_21.13.41__1_-removebg-preview.png","width":500,"height":500,"caption":"Alpec"},"image":{"@id":"https:\/\/alpec.com.tr\/#\/schema\/logo\/image\/"}}]}},"_links":{"self":[{"href":"https:\/\/alpec.com.tr\/tr\/wp-json\/wp\/v2\/pages\/1067","targetHints":{"allow":["GET"]}}],"collection":[{"href":"https:\/\/alpec.com.tr\/tr\/wp-json\/wp\/v2\/pages"}],"about":[{"href":"https:\/\/alpec.com.tr\/tr\/wp-json\/wp\/v2\/types\/page"}],"author":[{"embeddable":true,"href":"https:\/\/alpec.com.tr\/tr\/wp-json\/wp\/v2\/users\/1"}],"replies":[{"embeddable":true,"href":"https:\/\/alpec.com.tr\/tr\/wp-json\/wp\/v2\/comments?post=1067"}],"version-history":[{"count":106,"href":"https:\/\/alpec.com.tr\/tr\/wp-json\/wp\/v2\/pages\/1067\/revisions"}],"predecessor-version":[{"id":2193,"href":"https:\/\/alpec.com.tr\/tr\/wp-json\/wp\/v2\/pages\/1067\/revisions\/2193"}],"wp:attachment":[{"href":"https:\/\/alpec.com.tr\/tr\/wp-json\/wp\/v2\/media?parent=1067"}],"wp:term":[{"taxonomy":"category","embeddable":true,"href":"https:\/\/alpec.com.tr\/tr\/wp-json\/wp\/v2\/categories?post=1067"},{"taxonomy":"post_tag","embeddable":true,"href":"https:\/\/alpec.com.tr\/tr\/wp-json\/wp\/v2\/tags?post=1067"}],"curies":[{"name":"wp","href":"https:\/\/api.w.org\/{rel}","templated":true}]}}