{"id":247,"date":"2024-10-14T14:43:20","date_gmt":"2024-10-14T14:43:20","guid":{"rendered":"https:\/\/alpec.com.tr\/?page_id=247"},"modified":"2024-11-17T13:31:50","modified_gmt":"2024-11-17T13:31:50","slug":"contact","status":"publish","type":"page","link":"https:\/\/alpec.com.tr\/tr\/contact\/","title":{"rendered":"\u0130leti\u015fim"},"content":{"rendered":"<div data-elementor-type=\"wp-page\" data-elementor-id=\"247\" class=\"elementor elementor-247\">\n\t\t\t\t<div class=\"elementor-element elementor-element-3c6ffe9 e-flex e-con-boxed e-con e-parent\" data-id=\"3c6ffe9\" data-element_type=\"container\">\n\t\t\t\t\t<div class=\"e-con-inner\">\n\t\t\t\t<div class=\"elementor-element elementor-element-a0fb935 elementor-widget elementor-widget-heading\" data-id=\"a0fb935\" data-element_type=\"widget\" data-widget_type=\"heading.default\">\n\t\t\t\t<div class=\"elementor-widget-container\">\n\t\t\t<h2 class=\"elementor-heading-title elementor-size-default\">B\u0130ZE ULA\u015eIN <\/h2>\t\t<\/div>\n\t\t\t\t<\/div>\n\t\t\t\t<div class=\"elementor-element elementor-element-3e31a72 elementor-widget elementor-widget-text-editor\" data-id=\"3e31a72\" data-element_type=\"widget\" data-widget_type=\"text-editor.default\">\n\t\t\t\t<div class=\"elementor-widget-container\">\n\t\t\t\t\t\t\t<p>Herhangi bir soru, \u00f6neri veya i\u015fbirli\u011fi talebiniz varsa, l\u00fctfen bizimle ileti\u015fime ge\u00e7mekten \u00e7ekinmeyin! Ekibimiz, size yard\u0131mc\u0131 olmak ve her konuda destek sa\u011flamak i\u00e7in burada. Projelerimiz, sundu\u011fumuz hizmetler ya da ilginizi \u00e7eken di\u011fer konular hakk\u0131nda bilgi almak isterseniz, sizinle sohbet etmekten mutluluk duyar\u0131z. Size en iyi \u015fekilde yard\u0131mc\u0131 olmak i\u00e7in sab\u0131rs\u0131zlan\u0131yoruz!<\/p>\t\t\t\t\t\t<\/div>\n\t\t\t\t<\/div>\n\t\t\t\t\t<\/div>\n\t\t\t\t<\/div>\n\t\t<div class=\"elementor-element elementor-element-a55fda2 e-flex e-con-boxed e-con e-parent\" data-id=\"a55fda2\" data-element_type=\"container\">\n\t\t\t\t\t<div class=\"e-con-inner\">\n\t\t\t\t<div class=\"elementor-element elementor-element-ea5d3e1 elementor-align-left elementor-icon-list--layout-traditional elementor-list-item-link-full_width elementor-widget elementor-widget-icon-list\" data-id=\"ea5d3e1\" data-element_type=\"widget\" data-widget_type=\"icon-list.default\">\n\t\t\t\t<div class=\"elementor-widget-container\">\n\t\t\t\t\t<ul class=\"elementor-icon-list-items\">\n\t\t\t\t\t\t\t<li class=\"elementor-icon-list-item\">\n\t\t\t\t\t\t\t\t\t\t\t<span class=\"elementor-icon-list-icon\">\n\t\t\t\t\t\t\t<svg aria-hidden=\"true\" class=\"e-font-icon-svg e-fas-phone-alt\" viewbox=\"0 0 512 512\" xmlns=\"http:\/\/www.w3.org\/2000\/svg\"><path d=\"M497.39 361.8l-112-48a24 24 0 0 0-28 6.9l-49.6 60.6A370.66 370.66 0 0 1 130.6 204.11l60.6-49.6a23.94 23.94 0 0 0 6.9-28l-48-112A24.16 24.16 0 0 0 122.6.61l-104 24A24 24 0 0 0 0 48c0 256.5 207.9 464 464 464a24 24 0 0 0 23.4-18.6l24-104a24.29 24.29 0 0 0-14.01-27.6z\"><\/path><\/svg>\t\t\t\t\t\t<\/span>\n\t\t\t\t\t\t\t\t\t\t<span class=\"elementor-icon-list-text\">+90 532 208 98 29<\/span>\n\t\t\t\t\t\t\t\t\t<\/li>\n\t\t\t\t\t\t\t\t<li class=\"elementor-icon-list-item\">\n\t\t\t\t\t\t\t\t\t\t\t<span class=\"elementor-icon-list-icon\">\n\t\t\t\t\t\t\t<svg aria-hidden=\"true\" class=\"e-font-icon-svg e-far-envelope\" viewbox=\"0 0 512 512\" xmlns=\"http:\/\/www.w3.org\/2000\/svg\"><path d=\"M464 64H48C21.49 64 0 85.49 0 112v288c0 26.51 21.49 48 48 48h416c26.51 0 48-21.49 48-48V112c0-26.51-21.49-48-48-48zm0 48v40.805c-22.422 18.259-58.168 46.651-134.587 106.49-16.841 13.247-50.201 45.072-73.413 44.701-23.208.375-56.579-31.459-73.413-44.701C106.18 199.465 70.425 171.067 48 152.805V112h416zM48 400V214.398c22.914 18.251 55.409 43.862 104.938 82.646 21.857 17.205 60.134 55.186 103.062 54.955 42.717.231 80.509-37.199 103.053-54.947 49.528-38.783 82.032-64.401 104.947-82.653V400H48z\"><\/path><\/svg>\t\t\t\t\t\t<\/span>\n\t\t\t\t\t\t\t\t\t\t<span class=\"elementor-icon-list-text\">info@alpec.com.tr<\/span>\n\t\t\t\t\t\t\t\t\t<\/li>\n\t\t\t\t\t\t<\/ul>\n\t\t\t\t<\/div>\n\t\t\t\t<\/div>\n\t\t\t\t\t<\/div>\n\t\t\t\t<\/div>\n\t\t<div class=\"elementor-element elementor-element-875efd2 e-flex e-con-boxed e-con e-parent\" data-id=\"875efd2\" data-element_type=\"container\">\n\t\t\t\t\t<div class=\"e-con-inner\">\n\t\t\t\t<div class=\"elementor-element elementor-element-3cd1c26 elementor-shape-rounded elementor-grid-0 e-grid-align-center elementor-widget elementor-widget-social-icons\" data-id=\"3cd1c26\" data-element_type=\"widget\" data-widget_type=\"social-icons.default\">\n\t\t\t\t<div class=\"elementor-widget-container\">\n\t\t\t\t\t<div class=\"elementor-social-icons-wrapper elementor-grid\">\n\t\t\t\t\t\t\t<span class=\"elementor-grid-item\">\n\t\t\t\t\t<a class=\"elementor-icon elementor-social-icon elementor-social-icon-linkedin elementor-repeater-item-91451d1\" href=\"https:\/\/www.linkedin.com\/company\/alpecas\/about\/\" target=\"_blank\">\n\t\t\t\t\t\t<span class=\"elementor-screen-only\">Linkedin<\/span>\n\t\t\t\t\t\t<svg class=\"e-font-icon-svg e-fab-linkedin\" viewbox=\"0 0 448 512\" xmlns=\"http:\/\/www.w3.org\/2000\/svg\"><path d=\"M416 32H31.9C14.3 32 0 46.5 0 64.3v383.4C0 465.5 14.3 480 31.9 480H416c17.6 0 32-14.5 32-32.3V64.3c0-17.8-14.4-32.3-32-32.3zM135.4 416H69V202.2h66.5V416zm-33.2-243c-21.3 0-38.5-17.3-38.5-38.5S80.9 96 102.2 96c21.2 0 38.5 17.3 38.5 38.5 0 21.3-17.2 38.5-38.5 38.5zm282.1 243h-66.4V312c0-24.8-.5-56.7-34.5-56.7-34.6 0-39.9 27-39.9 54.9V416h-66.4V202.2h63.7v29.2h.9c8.9-16.8 30.6-34.5 62.9-34.5 67.2 0 79.7 44.3 79.7 101.9V416z\"><\/path><\/svg>\t\t\t\t\t<\/a>\n\t\t\t\t<\/span>\n\t\t\t\t\t<\/div>\n\t\t\t\t<\/div>\n\t\t\t\t<\/div>\n\t\t\t\t\t<\/div>\n\t\t\t\t<\/div>\n\t\t<div class=\"elementor-element elementor-element-e747756 e-flex e-con-boxed e-con e-parent\" data-id=\"e747756\" data-element_type=\"container\">\n\t\t\t\t\t<div class=\"e-con-inner\">\n\t\t\t\t<div class=\"elementor-element elementor-element-a2efbcd elementor-widget elementor-widget-google_maps\" data-id=\"a2efbcd\" data-element_type=\"widget\" data-widget_type=\"google_maps.default\">\n\t\t\t\t<div class=\"elementor-widget-container\">\n\t\t\t\t\t<div class=\"elementor-custom-embed\">\n\t\t\t<iframe loading=\"lazy\"\n\t\t\t\t\tsrc=\"https:\/\/maps.google.com\/maps?q=t%C3%BCrkiye%20izmir%20g%C3%BCzelbah%C3%A7e%20kahramandere%20mahallesi%20mithat%C3%BCnal%20caddesi%20no%3A54&#038;t=m&#038;z=2&#038;output=embed&#038;iwloc=near\"\n\t\t\t\t\ttitle=\"t\u00fcrkiye izmir g\u00fczelbah\u00e7e kahramandere mahallesi mithat\u00fcnal caddesi no:54\"\n\t\t\t\t\taria-label=\"t\u00fcrkiye izmir g\u00fczelbah\u00e7e kahramandere mahallesi mithat\u00fcnal caddesi no:54\"\n\t\t\t><\/iframe>\n\t\t<\/div>\n\t\t\t\t<\/div>\n\t\t\t\t<\/div>\n\t\t\t\t\t<\/div>\n\t\t\t\t<\/div>\n\t\t\t\t<\/div>","protected":false},"excerpt":{"rendered":"<p>CONTACT US Please do not hesitate to reach out to us with any questions, suggestions, or requests for collaboration. Our team is committed to responding promptly. We invite you to inquire about our projects, services, or any other topics of interest. We are here to assist you and provide the information you need. +90 532 [&hellip;]<\/p>","protected":false},"author":1,"featured_media":0,"parent":0,"menu_order":0,"comment_status":"closed","ping_status":"closed","template":"elementor_theme","meta":{"footnotes":""},"categories":[],"tags":[],"class_list":["post-247","page","type-page","status-publish","hentry"],"yoast_head":"<!-- This site is optimized with the Yoast SEO plugin v23.5 - https:\/\/yoast.com\/wordpress\/plugins\/seo\/ -->\n<title>Contact |\u00a0ALPEC<\/title>\n<meta name=\"description\" content=\"Contact ALPEC for tailored engineering, construction, and mining services. Our team is ready to assist with your next project.\" \/>\n<meta name=\"robots\" content=\"index, follow, max-snippet:-1, max-image-preview:large, max-video-preview:-1\" \/>\n<link rel=\"canonical\" href=\"https:\/\/alpec.com.tr\/tr\/contact\/\" \/>\n<meta property=\"og:locale\" content=\"tr_TR\" \/>\n<meta property=\"og:type\" content=\"article\" \/>\n<meta property=\"og:title\" content=\"Contact |\u00a0ALPEC\" \/>\n<meta property=\"og:description\" content=\"Contact ALPEC for tailored engineering, construction, and mining services. Our team is ready to assist with your next project.\" \/>\n<meta property=\"og:url\" content=\"https:\/\/alpec.com.tr\/tr\/contact\/\" \/>\n<meta property=\"og:site_name\" content=\"Alpec\" \/>\n<meta property=\"article:modified_time\" content=\"2024-11-17T13:31:50+00:00\" \/>\n<meta name=\"twitter:card\" content=\"summary_large_image\" \/>\n<meta name=\"twitter:label1\" content=\"Tahmini okuma s\u00fcresi\" \/>\n\t<meta name=\"twitter:data1\" content=\"1 dakika\" \/>\n<script type=\"application\/ld+json\" class=\"yoast-schema-graph\">{\"@context\":\"https:\/\/schema.org\",\"@graph\":[{\"@type\":\"WebPage\",\"@id\":\"https:\/\/alpec.com.tr\/contact\/\",\"url\":\"https:\/\/alpec.com.tr\/contact\/\",\"name\":\"Contact |\u00a0ALPEC\",\"isPartOf\":{\"@id\":\"https:\/\/alpec.com.tr\/#website\"},\"datePublished\":\"2024-10-14T14:43:20+00:00\",\"dateModified\":\"2024-11-17T13:31:50+00:00\",\"description\":\"Contact ALPEC for tailored engineering, construction, and mining services. Our team is ready to assist with your next project.\",\"breadcrumb\":{\"@id\":\"https:\/\/alpec.com.tr\/contact\/#breadcrumb\"},\"inLanguage\":\"tr\",\"potentialAction\":[{\"@type\":\"ReadAction\",\"target\":[\"https:\/\/alpec.com.tr\/contact\/\"]}]},{\"@type\":\"BreadcrumbList\",\"@id\":\"https:\/\/alpec.com.tr\/contact\/#breadcrumb\",\"itemListElement\":[{\"@type\":\"ListItem\",\"position\":1,\"name\":\"Anasayfa\",\"item\":\"https:\/\/alpec.com.tr\/\"},{\"@type\":\"ListItem\",\"position\":2,\"name\":\"Contact\"}]},{\"@type\":\"WebSite\",\"@id\":\"https:\/\/alpec.com.tr\/#website\",\"url\":\"https:\/\/alpec.com.tr\/\",\"name\":\"Alpec\",\"description\":\"Precision in design, excellence in execution\",\"publisher\":{\"@id\":\"https:\/\/alpec.com.tr\/#organization\"},\"potentialAction\":[{\"@type\":\"SearchAction\",\"target\":{\"@type\":\"EntryPoint\",\"urlTemplate\":\"https:\/\/alpec.com.tr\/?s={search_term_string}\"},\"query-input\":{\"@type\":\"PropertyValueSpecification\",\"valueRequired\":true,\"valueName\":\"search_term_string\"}}],\"inLanguage\":\"tr\"},{\"@type\":\"Organization\",\"@id\":\"https:\/\/alpec.com.tr\/#organization\",\"name\":\"Alpec\",\"url\":\"https:\/\/alpec.com.tr\/\",\"logo\":{\"@type\":\"ImageObject\",\"inLanguage\":\"tr\",\"@id\":\"https:\/\/alpec.com.tr\/#\/schema\/logo\/image\/\",\"url\":\"https:\/\/alpec.com.tr\/wp-content\/uploads\/2024\/10\/WhatsApp_Image_2024-10-26_at_21.13.41__1_-removebg-preview.png\",\"contentUrl\":\"https:\/\/alpec.com.tr\/wp-content\/uploads\/2024\/10\/WhatsApp_Image_2024-10-26_at_21.13.41__1_-removebg-preview.png\",\"width\":500,\"height\":500,\"caption\":\"Alpec\"},\"image\":{\"@id\":\"https:\/\/alpec.com.tr\/#\/schema\/logo\/image\/\"}}]}<\/script>\n<!-- \/ Yoast SEO plugin. -->","yoast_head_json":{"title":"Contact |\u00a0ALPEC","description":"Contact ALPEC for tailored engineering, construction, and mining services. Our team is ready to assist with your next project.","robots":{"index":"index","follow":"follow","max-snippet":"max-snippet:-1","max-image-preview":"max-image-preview:large","max-video-preview":"max-video-preview:-1"},"canonical":"https:\/\/alpec.com.tr\/tr\/contact\/","og_locale":"tr_TR","og_type":"article","og_title":"Contact |\u00a0ALPEC","og_description":"Contact ALPEC for tailored engineering, construction, and mining services. Our team is ready to assist with your next project.","og_url":"https:\/\/alpec.com.tr\/tr\/contact\/","og_site_name":"Alpec","article_modified_time":"2024-11-17T13:31:50+00:00","twitter_card":"summary_large_image","twitter_misc":{"Tahmini okuma s\u00fcresi":"1 dakika"},"schema":{"@context":"https:\/\/schema.org","@graph":[{"@type":"WebPage","@id":"https:\/\/alpec.com.tr\/contact\/","url":"https:\/\/alpec.com.tr\/contact\/","name":"Contact |\u00a0ALPEC","isPartOf":{"@id":"https:\/\/alpec.com.tr\/#website"},"datePublished":"2024-10-14T14:43:20+00:00","dateModified":"2024-11-17T13:31:50+00:00","description":"Contact ALPEC for tailored engineering, construction, and mining services. Our team is ready to assist with your next project.","breadcrumb":{"@id":"https:\/\/alpec.com.tr\/contact\/#breadcrumb"},"inLanguage":"tr","potentialAction":[{"@type":"ReadAction","target":["https:\/\/alpec.com.tr\/contact\/"]}]},{"@type":"BreadcrumbList","@id":"https:\/\/alpec.com.tr\/contact\/#breadcrumb","itemListElement":[{"@type":"ListItem","position":1,"name":"Anasayfa","item":"https:\/\/alpec.com.tr\/"},{"@type":"ListItem","position":2,"name":"Contact"}]},{"@type":"WebSite","@id":"https:\/\/alpec.com.tr\/#website","url":"https:\/\/alpec.com.tr\/","name":"Alpec","description":"Precision in design, excellence in execution","publisher":{"@id":"https:\/\/alpec.com.tr\/#organization"},"potentialAction":[{"@type":"SearchAction","target":{"@type":"EntryPoint","urlTemplate":"https:\/\/alpec.com.tr\/?s={search_term_string}"},"query-input":{"@type":"PropertyValueSpecification","valueRequired":true,"valueName":"search_term_string"}}],"inLanguage":"tr"},{"@type":"Organization","@id":"https:\/\/alpec.com.tr\/#organization","name":"Alpec","url":"https:\/\/alpec.com.tr\/","logo":{"@type":"ImageObject","inLanguage":"tr","@id":"https:\/\/alpec.com.tr\/#\/schema\/logo\/image\/","url":"https:\/\/alpec.com.tr\/wp-content\/uploads\/2024\/10\/WhatsApp_Image_2024-10-26_at_21.13.41__1_-removebg-preview.png","contentUrl":"https:\/\/alpec.com.tr\/wp-content\/uploads\/2024\/10\/WhatsApp_Image_2024-10-26_at_21.13.41__1_-removebg-preview.png","width":500,"height":500,"caption":"Alpec"},"image":{"@id":"https:\/\/alpec.com.tr\/#\/schema\/logo\/image\/"}}]}},"_links":{"self":[{"href":"https:\/\/alpec.com.tr\/tr\/wp-json\/wp\/v2\/pages\/247","targetHints":{"allow":["GET"]}}],"collection":[{"href":"https:\/\/alpec.com.tr\/tr\/wp-json\/wp\/v2\/pages"}],"about":[{"href":"https:\/\/alpec.com.tr\/tr\/wp-json\/wp\/v2\/types\/page"}],"author":[{"embeddable":true,"href":"https:\/\/alpec.com.tr\/tr\/wp-json\/wp\/v2\/users\/1"}],"replies":[{"embeddable":true,"href":"https:\/\/alpec.com.tr\/tr\/wp-json\/wp\/v2\/comments?post=247"}],"version-history":[{"count":82,"href":"https:\/\/alpec.com.tr\/tr\/wp-json\/wp\/v2\/pages\/247\/revisions"}],"predecessor-version":[{"id":2253,"href":"https:\/\/alpec.com.tr\/tr\/wp-json\/wp\/v2\/pages\/247\/revisions\/2253"}],"wp:attachment":[{"href":"https:\/\/alpec.com.tr\/tr\/wp-json\/wp\/v2\/media?parent=247"}],"wp:term":[{"taxonomy":"category","embeddable":true,"href":"https:\/\/alpec.com.tr\/tr\/wp-json\/wp\/v2\/categories?post=247"},{"taxonomy":"post_tag","embeddable":true,"href":"https:\/\/alpec.com.tr\/tr\/wp-json\/wp\/v2\/tags?post=247"}],"curies":[{"name":"wp","href":"https:\/\/api.w.org\/{rel}","templated":true}]}}