{"id":307,"date":"2024-10-20T11:21:53","date_gmt":"2024-10-20T11:21:53","guid":{"rendered":"https:\/\/alpec.com.tr\/?page_id=307"},"modified":"2024-11-17T13:27:36","modified_gmt":"2024-11-17T13:27:36","slug":"resource-estimation-and-geology","status":"publish","type":"page","link":"https:\/\/alpec.com.tr\/tr\/resource-estimation-and-geology\/","title":{"rendered":"Kaynak Tahmini ve Jeoloji"},"content":{"rendered":"<div data-elementor-type=\"wp-page\" data-elementor-id=\"307\" class=\"elementor elementor-307\">\n\t\t\t\t<div class=\"elementor-element elementor-element-a0167a4 e-flex e-con-boxed e-con e-parent\" data-id=\"a0167a4\" data-element_type=\"container\">\n\t\t\t\t\t<div class=\"e-con-inner\">\n\t\t<div class=\"elementor-element elementor-element-e44953d e-con-full e-flex e-con e-child\" data-id=\"e44953d\" data-element_type=\"container\">\n\t\t\t\t<div class=\"elementor-element elementor-element-14920ef elementor-widget elementor-widget-image\" data-id=\"14920ef\" data-element_type=\"widget\" data-widget_type=\"image.default\">\n\t\t\t\t<div class=\"elementor-widget-container\">\n\t\t\t\t\t\t\t\t\t\t\t\t\t<img fetchpriority=\"high\" decoding=\"async\" width=\"800\" height=\"534\" src=\"https:\/\/alpec.com.tr\/wp-content\/uploads\/2024\/10\/driller-in-a-porphyry-mine-quarry-industrial-tool-2023-11-27-05-29-38-utc.webp\" class=\"attachment-large size-large wp-image-954\" alt=\"\" srcset=\"https:\/\/alpec.com.tr\/wp-content\/uploads\/2024\/10\/driller-in-a-porphyry-mine-quarry-industrial-tool-2023-11-27-05-29-38-utc.webp 800w, https:\/\/alpec.com.tr\/wp-content\/uploads\/2024\/10\/driller-in-a-porphyry-mine-quarry-industrial-tool-2023-11-27-05-29-38-utc-300x200.webp 300w, https:\/\/alpec.com.tr\/wp-content\/uploads\/2024\/10\/driller-in-a-porphyry-mine-quarry-industrial-tool-2023-11-27-05-29-38-utc-768x513.webp 768w\" sizes=\"(max-width: 800px) 100vw, 800px\" \/>\t\t\t\t\t\t\t\t\t\t\t\t\t<\/div>\n\t\t\t\t<\/div>\n\t\t\t\t<\/div>\n\t\t<div class=\"elementor-element elementor-element-2836da9 e-con-full e-flex e-con e-child\" data-id=\"2836da9\" data-element_type=\"container\">\n\t\t\t\t<div class=\"elementor-element elementor-element-c554880 elementor-widget elementor-widget-heading\" data-id=\"c554880\" data-element_type=\"widget\" id=\"mineral-resource\" data-widget_type=\"heading.default\">\n\t\t\t\t<div class=\"elementor-widget-container\">\n\t\t\t<h2 class=\"elementor-heading-title elementor-size-default\">Maden Kayna\u011f\u0131 Tahmini ve S\u0131n\u0131fland\u0131rmas\u0131<\/h2>\t\t<\/div>\n\t\t\t\t<\/div>\n\t\t\t\t<div class=\"elementor-element elementor-element-f003811 elementor-widget elementor-widget-text-editor\" data-id=\"f003811\" data-element_type=\"widget\" data-widget_type=\"text-editor.default\">\n\t\t\t\t<div class=\"elementor-widget-container\">\n\t\t\t\t\t\t\t<p>Kaynak tahmin s\u00fcrecimizin temeli, toplad\u0131\u011f\u0131m\u0131z verilerin kalitesidir. Deneyimli ekiplerimiz, her numunenin ve ara\u015ft\u0131rman\u0131n hassasiyet ve do\u011frulukla y\u00fcr\u00fct\u00fclmesini sa\u011flayarak son teknoloji ekipman ve y\u00f6ntemler kullan\u0131r.<\/p><p>Veriler topland\u0131ktan sonra, jeologlar\u0131m\u0131z ve m\u00fchendislerimiz verileri yorumlamak i\u00e7in jeoistatistik ve blok modelleme gibi geli\u015fmi\u015f yaz\u0131l\u0131m ve istatistiksel ara\u00e7lar kullan\u0131r. Yataktaki mineral miktarlar\u0131n\u0131 ve derecelerini tahmin etmek i\u00e7in Kriging ve Inverse Distance Weighting (IDW) gibi end\u00fcstri standard\u0131 y\u00f6ntemleri kullan\u0131r\u0131z. Bu teknikler, ekibimizin uzmanl\u0131\u011f\u0131yla birle\u015fti\u011finde, kayna\u011f\u0131n potansiyeli hakk\u0131nda olduk\u00e7a do\u011fru tahminler yapmam\u0131z\u0131 sa\u011flar.<\/p>\t\t\t\t\t\t<\/div>\n\t\t\t\t<\/div>\n\t\t\t\t<\/div>\n\t\t\t\t\t<\/div>\n\t\t\t\t<\/div>\n\t\t<div class=\"elementor-element elementor-element-6993a82 e-flex e-con-boxed e-con e-parent\" data-id=\"6993a82\" data-element_type=\"container\">\n\t\t\t\t\t<div class=\"e-con-inner\">\n\t\t<div class=\"elementor-element elementor-element-6d728ae e-con-full e-flex e-con e-child\" data-id=\"6d728ae\" data-element_type=\"container\">\n\t\t\t\t<div class=\"elementor-element elementor-element-d205c7e elementor-widget elementor-widget-heading\" data-id=\"d205c7e\" data-element_type=\"widget\" id=\"geometallurgical-characterization\" data-widget_type=\"heading.default\">\n\t\t\t\t<div class=\"elementor-widget-container\">\n\t\t\t<h2 class=\"elementor-heading-title elementor-size-default\">Jeometalurjik Karakterizasyon ve Optimizasyon<\/h2>\t\t<\/div>\n\t\t\t\t<\/div>\n\t\t\t\t<div class=\"elementor-element elementor-element-f26379d elementor-widget elementor-widget-text-editor\" data-id=\"f26379d\" data-element_type=\"widget\" data-widget_type=\"text-editor.default\">\n\t\t\t\t<div class=\"elementor-widget-container\">\n\t\t\t\t\t\t\t<div class=\"flex max-w-full flex-col flex-grow\"><div class=\"min-h-8 text-message flex w-full flex-col items-end gap-2 whitespace-normal break-words [.text-message+&amp;]:mt-5\" dir=\"auto\" data-message-author-role=\"assistant\" data-message-id=\"9ca3de51-56ca-4121-a321-877c84322d46\" data-message-model-slug=\"gpt-4o\"><div class=\"flex w-full flex-col gap-1 empty:hidden first:pt-[3px]\"><div class=\"markdown prose w-full break-words dark:prose-invert dark\"><p>\u015eirketimizde, m\u00fc\u015fterilerle i\u015fbirli\u011fine \u00f6ncelik vererek ve \u00e7\u00f6z\u00fcmlerimizi belirli proje ihtiya\u00e7lar\u0131n\u0131 kar\u015f\u0131layacak \u015fekilde uyarlayarak jeometalurjik karakterizasyon ve optimizasyonda m\u00fckemmellik g\u00f6steriyoruz. Deneyimli \u00e7ok disiplinli ekibimiz jeolojik, mineralojik ve metalurjik verileri kapsaml\u0131 modellere entegre ederek cevher davran\u0131\u015f\u0131n\u0131n do\u011fru tahminlerini sa\u011flar. Otomatik mineraloji sistemleri ve y\u00fcksek \u00e7\u00f6z\u00fcn\u00fcrl\u00fckl\u00fc g\u00f6r\u00fcnt\u00fcleme gibi son teknolojiyi kullanarak hassas verileri verimli bir \u015fekilde topluyor, geri kazan\u0131m oranlar\u0131n\u0131 art\u0131r\u0131yor ve operasyonel maliyetleri d\u00fc\u015f\u00fcr\u00fcyoruz.<\/p><p>Kan\u0131tlanm\u0131\u015f ge\u00e7mi\u015f performans\u0131m\u0131z, \u00e7evresel etkiyi en aza indirerek s\u00fcrd\u00fcr\u00fclebilirli\u011fe odaklan\u0131rken madencilik operasyonlar\u0131nda \u00f6nemli iyile\u015ftirmeler sa\u011flama yetene\u011fimizi g\u00f6stermektedir. Y\u00f6ntemlerimizi s\u00fcrekli olarak iyile\u015ftirerek ve sekt\u00f6rdeki ilerlemelerin \u00f6n saflar\u0131nda kalarak, m\u00fc\u015fterilerimizin kaynak \u00e7\u0131karma ve i\u015flemeyi optimize eden bilin\u00e7li kararlar almas\u0131n\u0131 sa\u011fl\u0131yoruz.<\/p><\/div><\/div><\/div><\/div>\t\t\t\t\t\t<\/div>\n\t\t\t\t<\/div>\n\t\t\t\t<\/div>\n\t\t<div class=\"elementor-element elementor-element-eb1fd42 e-con-full e-flex e-con e-child\" data-id=\"eb1fd42\" data-element_type=\"container\">\n\t\t\t\t<div class=\"elementor-element elementor-element-7c0b3bc elementor-widget elementor-widget-image\" data-id=\"7c0b3bc\" data-element_type=\"widget\" data-widget_type=\"image.default\">\n\t\t\t\t<div class=\"elementor-widget-container\">\n\t\t\t\t\t\t\t\t\t\t\t\t\t<img decoding=\"async\" width=\"640\" height=\"427\" src=\"https:\/\/alpec.com.tr\/wp-content\/uploads\/2024\/10\/pexels-dreambravely-569202.jpg\" class=\"attachment-large size-large wp-image-367\" alt=\"\" srcset=\"https:\/\/alpec.com.tr\/wp-content\/uploads\/2024\/10\/pexels-dreambravely-569202.jpg 640w, https:\/\/alpec.com.tr\/wp-content\/uploads\/2024\/10\/pexels-dreambravely-569202-300x200.jpg 300w\" sizes=\"(max-width: 640px) 100vw, 640px\" \/>\t\t\t\t\t\t\t\t\t\t\t\t\t<\/div>\n\t\t\t\t<\/div>\n\t\t\t\t<\/div>\n\t\t\t\t\t<\/div>\n\t\t\t\t<\/div>\n\t\t<div class=\"elementor-element elementor-element-7d0a747 e-flex e-con-boxed e-con e-parent\" data-id=\"7d0a747\" data-element_type=\"container\">\n\t\t\t\t\t<div class=\"e-con-inner\">\n\t\t<a class=\"elementor-element elementor-element-7c226ff e-con-full e-flex e-con e-child\" data-id=\"7c226ff\" data-element_type=\"container\" href=\"\/tr\/mine-planning-and-design\/\">\n\t\t\t\t<div class=\"elementor-element elementor-element-2ff5665 elementor-widget elementor-widget-image\" data-id=\"2ff5665\" data-element_type=\"widget\" data-widget_type=\"image.default\">\n\t\t\t\t<div class=\"elementor-widget-container\">\n\t\t\t\t\t\t\t\t\t\t\t\t\t<img decoding=\"async\" width=\"800\" height=\"533\" src=\"https:\/\/alpec.com.tr\/wp-content\/uploads\/2024\/10\/open-pit.webp\" class=\"attachment-large size-large wp-image-938\" alt=\"\" srcset=\"https:\/\/alpec.com.tr\/wp-content\/uploads\/2024\/10\/open-pit.webp 996w, https:\/\/alpec.com.tr\/wp-content\/uploads\/2024\/10\/open-pit-300x200.webp 300w, https:\/\/alpec.com.tr\/wp-content\/uploads\/2024\/10\/open-pit-768x512.webp 768w\" sizes=\"(max-width: 800px) 100vw, 800px\" \/>\t\t\t\t\t\t\t\t\t\t\t\t\t<\/div>\n\t\t\t\t<\/div>\n\t\t\t\t<div class=\"elementor-element elementor-element-aaf5f3f elementor-widget elementor-widget-heading\" data-id=\"aaf5f3f\" data-element_type=\"widget\" data-widget_type=\"heading.default\">\n\t\t\t\t<div class=\"elementor-widget-container\">\n\t\t\t<h3 class=\"elementor-heading-title elementor-size-default\">Maden Planlama ve Tasar\u0131m\u0131<\/h3>\t\t<\/div>\n\t\t\t\t<\/div>\n\t\t\t\t<\/a>\n\t\t<a class=\"elementor-element elementor-element-06c4b76 e-con-full e-flex e-con e-child\" data-id=\"06c4b76\" data-element_type=\"container\" href=\"\/tr\/mine-tailings-and-waste-management\/\">\n\t\t\t\t<div class=\"elementor-element elementor-element-9314c68 elementor-widget elementor-widget-image\" data-id=\"9314c68\" data-element_type=\"widget\" data-widget_type=\"image.default\">\n\t\t\t\t<div class=\"elementor-widget-container\">\n\t\t\t\t\t\t\t\t\t\t\t\t\t<img loading=\"lazy\" decoding=\"async\" width=\"800\" height=\"533\" src=\"https:\/\/alpec.com.tr\/wp-content\/uploads\/2024\/10\/site-evaluation.webp\" class=\"attachment-large size-large wp-image-944\" alt=\"\" srcset=\"https:\/\/alpec.com.tr\/wp-content\/uploads\/2024\/10\/site-evaluation.webp 996w, https:\/\/alpec.com.tr\/wp-content\/uploads\/2024\/10\/site-evaluation-300x200.webp 300w, https:\/\/alpec.com.tr\/wp-content\/uploads\/2024\/10\/site-evaluation-768x512.webp 768w\" sizes=\"(max-width: 800px) 100vw, 800px\" \/>\t\t\t\t\t\t\t\t\t\t\t\t\t<\/div>\n\t\t\t\t<\/div>\n\t\t\t\t<div class=\"elementor-element elementor-element-9d11cea elementor-widget elementor-widget-heading\" data-id=\"9d11cea\" data-element_type=\"widget\" data-widget_type=\"heading.default\">\n\t\t\t\t<div class=\"elementor-widget-container\">\n\t\t\t<h3 class=\"elementor-heading-title elementor-size-default\">Maden At\u0131klar\u0131 ve Pasa Y\u00f6netimi<\/h3>\t\t<\/div>\n\t\t\t\t<\/div>\n\t\t\t\t<\/a>\n\t\t<a class=\"elementor-element elementor-element-f2861ed e-con-full e-flex e-con e-child\" data-id=\"f2861ed\" data-element_type=\"container\" href=\"\/tr\/geotechnical\/\">\n\t\t\t\t<div class=\"elementor-element elementor-element-4338101 elementor-widget elementor-widget-image\" data-id=\"4338101\" data-element_type=\"widget\" data-widget_type=\"image.default\">\n\t\t\t\t<div class=\"elementor-widget-container\">\n\t\t\t\t\t\t\t\t\t\t\t\t\t<img loading=\"lazy\" decoding=\"async\" width=\"750\" height=\"500\" src=\"https:\/\/alpec.com.tr\/wp-content\/uploads\/2024\/10\/WhatsApp-Image-2024-10-26-at-22.50.26.webp\" class=\"attachment-large size-large wp-image-1201\" alt=\"\" srcset=\"https:\/\/alpec.com.tr\/wp-content\/uploads\/2024\/10\/WhatsApp-Image-2024-10-26-at-22.50.26.webp 750w, https:\/\/alpec.com.tr\/wp-content\/uploads\/2024\/10\/WhatsApp-Image-2024-10-26-at-22.50.26-300x200.webp 300w, https:\/\/alpec.com.tr\/wp-content\/uploads\/2024\/10\/WhatsApp-Image-2024-10-26-at-22.50.26-18x12.webp 18w\" sizes=\"(max-width: 750px) 100vw, 750px\" \/>\t\t\t\t\t\t\t\t\t\t\t\t\t<\/div>\n\t\t\t\t<\/div>\n\t\t\t\t<div class=\"elementor-element elementor-element-db5c109 elementor-widget elementor-widget-heading\" data-id=\"db5c109\" data-element_type=\"widget\" data-widget_type=\"heading.default\">\n\t\t\t\t<div class=\"elementor-widget-container\">\n\t\t\t<h3 class=\"elementor-heading-title elementor-size-default\">Jeoteknik<\/h3>\t\t<\/div>\n\t\t\t\t<\/div>\n\t\t\t\t<\/a>\n\t\t<a class=\"elementor-element elementor-element-cb1ee9e e-con-full e-flex e-con e-child\" data-id=\"cb1ee9e\" data-element_type=\"container\" href=\"\/tr\/hydrology-and-hydrogeology\/\">\n\t\t\t\t<div class=\"elementor-element elementor-element-13d8b85 elementor-widget elementor-widget-image\" data-id=\"13d8b85\" data-element_type=\"widget\" data-widget_type=\"image.default\">\n\t\t\t\t<div class=\"elementor-widget-container\">\n\t\t\t\t\t\t\t\t\t\t\t\t\t<img decoding=\"async\" src=\"https:\/\/alpec.com.tr\/wp-content\/uploads\/elementor\/thumbs\/WhatsApp-Image-2024-10-26-at-23.04.13-qw54xgce2b4ac2duc51y1alkqccf5gtfce9a1pohcg.webp\" title=\"WhatsApp Image 2024-10-26 at 23.04.13\" alt=\"WhatsApp Image 2024-10-26 at 23.04.13\" loading=\"lazy\" \/>\t\t\t\t\t\t\t\t\t\t\t\t\t<\/div>\n\t\t\t\t<\/div>\n\t\t\t\t<div class=\"elementor-element elementor-element-c73f639 elementor-widget elementor-widget-heading\" data-id=\"c73f639\" data-element_type=\"widget\" data-widget_type=\"heading.default\">\n\t\t\t\t<div class=\"elementor-widget-container\">\n\t\t\t<h3 class=\"elementor-heading-title elementor-size-default\">Hidroloji ve hidrojeoloji<\/h3>\t\t<\/div>\n\t\t\t\t<\/div>\n\t\t\t\t<\/a>\n\t\t\t\t\t<\/div>\n\t\t\t\t<\/div>\n\t\t<div class=\"elementor-element elementor-element-14a9701 e-flex e-con-boxed e-con e-parent\" data-id=\"14a9701\" data-element_type=\"container\">\n\t\t\t\t\t<div class=\"e-con-inner\">\n\t\t\t\t\t<\/div>\n\t\t\t\t<\/div>\n\t\t<div class=\"elementor-element elementor-element-1251a69 e-flex e-con-boxed e-con e-parent\" data-id=\"1251a69\" data-element_type=\"container\" data-settings=\"{&quot;background_background&quot;:&quot;classic&quot;}\">\n\t\t\t\t\t<div class=\"e-con-inner\">\n\t\t\t\t<div class=\"elementor-element elementor-element-a4a6183 elementor-widget elementor-widget-heading\" data-id=\"a4a6183\" data-element_type=\"widget\" data-widget_type=\"heading.default\">\n\t\t\t\t<div class=\"elementor-widget-container\">\n\t\t\t<h3 class=\"elementor-heading-title elementor-size-default\">Birlikte neler ba\u015farabilece\u011fimizi ke\u015ffedelim.<\/h3>\t\t<\/div>\n\t\t\t\t<\/div>\n\t\t\t\t<div class=\"elementor-element elementor-element-949248e elementor-widget elementor-widget-button\" data-id=\"949248e\" data-element_type=\"widget\" data-widget_type=\"button.default\">\n\t\t\t\t<div class=\"elementor-widget-container\">\n\t\t\t\t\t\t\t<div class=\"elementor-button-wrapper\">\n\t\t\t\t\t<a class=\"elementor-button elementor-button-link elementor-size-sm\" href=\"\/tr\/contact\/\">\n\t\t\t\t\t\t<span class=\"elementor-button-content-wrapper\">\n\t\t\t\t\t\t\t\t\t<span class=\"elementor-button-text\">B\u0130ZE ULA\u015eIN<\/span>\n\t\t\t\t\t<\/span>\n\t\t\t\t\t<\/a>\n\t\t\t\t<\/div>\n\t\t\t\t\t\t<\/div>\n\t\t\t\t<\/div>\n\t\t\t\t\t<\/div>\n\t\t\t\t<\/div>\n\t\t\t\t<\/div>","protected":false},"excerpt":{"rendered":"<p>Mineral Resource Estimation and Classification The foundation of our resource estimation process is the quality of the data we collect. Our experienced teams use state-of-the-art equipment and methods, ensuring that every sample and survey is conducted with precision and accuracy. Once the data is collected, our geologists and engineers employ sophisticated software and statistical tools, [&hellip;]<\/p>","protected":false},"author":1,"featured_media":0,"parent":0,"menu_order":0,"comment_status":"closed","ping_status":"closed","template":"","meta":{"footnotes":""},"categories":[],"tags":[8,7],"class_list":["post-307","page","type-page","status-publish","hentry","tag-development","tag-mining"],"yoast_head":"<!-- This site is optimized with the Yoast SEO plugin v23.5 - https:\/\/yoast.com\/wordpress\/plugins\/seo\/ -->\n<title>Resource Estimation and Geology Services - Alpec<\/title>\n<meta name=\"description\" content=\"ALPEC offers expert resource estimation and geological analysis, ensuring reliable data for efficient project planning and management.\" \/>\n<meta name=\"robots\" content=\"index, follow, max-snippet:-1, max-image-preview:large, max-video-preview:-1\" \/>\n<link rel=\"canonical\" href=\"https:\/\/alpec.com.tr\/tr\/resource-estimation-and-geology\/\" \/>\n<meta property=\"og:locale\" content=\"tr_TR\" \/>\n<meta property=\"og:type\" content=\"article\" \/>\n<meta property=\"og:title\" content=\"Resource Estimation and Geology Services - Alpec\" \/>\n<meta property=\"og:description\" content=\"ALPEC offers expert resource estimation and geological analysis, ensuring reliable data for efficient project planning and management.\" \/>\n<meta property=\"og:url\" content=\"https:\/\/alpec.com.tr\/tr\/resource-estimation-and-geology\/\" \/>\n<meta property=\"og:site_name\" content=\"Alpec\" \/>\n<meta property=\"article:modified_time\" content=\"2024-11-17T13:27:36+00:00\" \/>\n<meta property=\"og:image\" content=\"https:\/\/alpec.com.tr\/wp-content\/uploads\/2024\/10\/driller-in-a-porphyry-mine-quarry-industrial-tool-2023-11-27-05-29-38-utc.webp\" \/>\n<meta name=\"twitter:card\" content=\"summary_large_image\" \/>\n<meta name=\"twitter:label1\" content=\"Tahmini okuma s\u00fcresi\" \/>\n\t<meta name=\"twitter:data1\" content=\"3 dakika\" \/>\n<script type=\"application\/ld+json\" class=\"yoast-schema-graph\">{\"@context\":\"https:\/\/schema.org\",\"@graph\":[{\"@type\":\"WebPage\",\"@id\":\"https:\/\/alpec.com.tr\/resource-estimation-and-geology\/\",\"url\":\"https:\/\/alpec.com.tr\/resource-estimation-and-geology\/\",\"name\":\"Resource Estimation and Geology Services - Alpec\",\"isPartOf\":{\"@id\":\"https:\/\/alpec.com.tr\/#website\"},\"primaryImageOfPage\":{\"@id\":\"https:\/\/alpec.com.tr\/resource-estimation-and-geology\/#primaryimage\"},\"image\":{\"@id\":\"https:\/\/alpec.com.tr\/resource-estimation-and-geology\/#primaryimage\"},\"thumbnailUrl\":\"https:\/\/alpec.com.tr\/wp-content\/uploads\/2024\/10\/driller-in-a-porphyry-mine-quarry-industrial-tool-2023-11-27-05-29-38-utc.webp\",\"datePublished\":\"2024-10-20T11:21:53+00:00\",\"dateModified\":\"2024-11-17T13:27:36+00:00\",\"description\":\"ALPEC offers expert resource estimation and geological analysis, ensuring reliable data for efficient project planning and management.\",\"breadcrumb\":{\"@id\":\"https:\/\/alpec.com.tr\/resource-estimation-and-geology\/#breadcrumb\"},\"inLanguage\":\"tr\",\"potentialAction\":[{\"@type\":\"ReadAction\",\"target\":[\"https:\/\/alpec.com.tr\/resource-estimation-and-geology\/\"]}]},{\"@type\":\"ImageObject\",\"inLanguage\":\"tr\",\"@id\":\"https:\/\/alpec.com.tr\/resource-estimation-and-geology\/#primaryimage\",\"url\":\"https:\/\/alpec.com.tr\/wp-content\/uploads\/2024\/10\/driller-in-a-porphyry-mine-quarry-industrial-tool-2023-11-27-05-29-38-utc.webp\",\"contentUrl\":\"https:\/\/alpec.com.tr\/wp-content\/uploads\/2024\/10\/driller-in-a-porphyry-mine-quarry-industrial-tool-2023-11-27-05-29-38-utc.webp\"},{\"@type\":\"BreadcrumbList\",\"@id\":\"https:\/\/alpec.com.tr\/resource-estimation-and-geology\/#breadcrumb\",\"itemListElement\":[{\"@type\":\"ListItem\",\"position\":1,\"name\":\"Anasayfa\",\"item\":\"https:\/\/alpec.com.tr\/\"},{\"@type\":\"ListItem\",\"position\":2,\"name\":\"Resource Estimation and Geology\"}]},{\"@type\":\"WebSite\",\"@id\":\"https:\/\/alpec.com.tr\/#website\",\"url\":\"https:\/\/alpec.com.tr\/\",\"name\":\"Alpec\",\"description\":\"Precision in design, excellence in execution\",\"publisher\":{\"@id\":\"https:\/\/alpec.com.tr\/#organization\"},\"potentialAction\":[{\"@type\":\"SearchAction\",\"target\":{\"@type\":\"EntryPoint\",\"urlTemplate\":\"https:\/\/alpec.com.tr\/?s={search_term_string}\"},\"query-input\":{\"@type\":\"PropertyValueSpecification\",\"valueRequired\":true,\"valueName\":\"search_term_string\"}}],\"inLanguage\":\"tr\"},{\"@type\":\"Organization\",\"@id\":\"https:\/\/alpec.com.tr\/#organization\",\"name\":\"Alpec\",\"url\":\"https:\/\/alpec.com.tr\/\",\"logo\":{\"@type\":\"ImageObject\",\"inLanguage\":\"tr\",\"@id\":\"https:\/\/alpec.com.tr\/#\/schema\/logo\/image\/\",\"url\":\"https:\/\/alpec.com.tr\/wp-content\/uploads\/2024\/10\/WhatsApp_Image_2024-10-26_at_21.13.41__1_-removebg-preview.png\",\"contentUrl\":\"https:\/\/alpec.com.tr\/wp-content\/uploads\/2024\/10\/WhatsApp_Image_2024-10-26_at_21.13.41__1_-removebg-preview.png\",\"width\":500,\"height\":500,\"caption\":\"Alpec\"},\"image\":{\"@id\":\"https:\/\/alpec.com.tr\/#\/schema\/logo\/image\/\"}}]}<\/script>\n<!-- \/ Yoast SEO plugin. -->","yoast_head_json":{"title":"Resource Estimation and Geology Services - Alpec","description":"ALPEC offers expert resource estimation and geological analysis, ensuring reliable data for efficient project planning and management.","robots":{"index":"index","follow":"follow","max-snippet":"max-snippet:-1","max-image-preview":"max-image-preview:large","max-video-preview":"max-video-preview:-1"},"canonical":"https:\/\/alpec.com.tr\/tr\/resource-estimation-and-geology\/","og_locale":"tr_TR","og_type":"article","og_title":"Resource Estimation and Geology Services - Alpec","og_description":"ALPEC offers expert resource estimation and geological analysis, ensuring reliable data for efficient project planning and management.","og_url":"https:\/\/alpec.com.tr\/tr\/resource-estimation-and-geology\/","og_site_name":"Alpec","article_modified_time":"2024-11-17T13:27:36+00:00","og_image":[{"url":"https:\/\/alpec.com.tr\/wp-content\/uploads\/2024\/10\/driller-in-a-porphyry-mine-quarry-industrial-tool-2023-11-27-05-29-38-utc.webp"}],"twitter_card":"summary_large_image","twitter_misc":{"Tahmini okuma s\u00fcresi":"3 dakika"},"schema":{"@context":"https:\/\/schema.org","@graph":[{"@type":"WebPage","@id":"https:\/\/alpec.com.tr\/resource-estimation-and-geology\/","url":"https:\/\/alpec.com.tr\/resource-estimation-and-geology\/","name":"Resource Estimation and Geology Services - Alpec","isPartOf":{"@id":"https:\/\/alpec.com.tr\/#website"},"primaryImageOfPage":{"@id":"https:\/\/alpec.com.tr\/resource-estimation-and-geology\/#primaryimage"},"image":{"@id":"https:\/\/alpec.com.tr\/resource-estimation-and-geology\/#primaryimage"},"thumbnailUrl":"https:\/\/alpec.com.tr\/wp-content\/uploads\/2024\/10\/driller-in-a-porphyry-mine-quarry-industrial-tool-2023-11-27-05-29-38-utc.webp","datePublished":"2024-10-20T11:21:53+00:00","dateModified":"2024-11-17T13:27:36+00:00","description":"ALPEC offers expert resource estimation and geological analysis, ensuring reliable data for efficient project planning and management.","breadcrumb":{"@id":"https:\/\/alpec.com.tr\/resource-estimation-and-geology\/#breadcrumb"},"inLanguage":"tr","potentialAction":[{"@type":"ReadAction","target":["https:\/\/alpec.com.tr\/resource-estimation-and-geology\/"]}]},{"@type":"ImageObject","inLanguage":"tr","@id":"https:\/\/alpec.com.tr\/resource-estimation-and-geology\/#primaryimage","url":"https:\/\/alpec.com.tr\/wp-content\/uploads\/2024\/10\/driller-in-a-porphyry-mine-quarry-industrial-tool-2023-11-27-05-29-38-utc.webp","contentUrl":"https:\/\/alpec.com.tr\/wp-content\/uploads\/2024\/10\/driller-in-a-porphyry-mine-quarry-industrial-tool-2023-11-27-05-29-38-utc.webp"},{"@type":"BreadcrumbList","@id":"https:\/\/alpec.com.tr\/resource-estimation-and-geology\/#breadcrumb","itemListElement":[{"@type":"ListItem","position":1,"name":"Anasayfa","item":"https:\/\/alpec.com.tr\/"},{"@type":"ListItem","position":2,"name":"Resource Estimation and Geology"}]},{"@type":"WebSite","@id":"https:\/\/alpec.com.tr\/#website","url":"https:\/\/alpec.com.tr\/","name":"Alpec","description":"Precision in design, excellence in execution","publisher":{"@id":"https:\/\/alpec.com.tr\/#organization"},"potentialAction":[{"@type":"SearchAction","target":{"@type":"EntryPoint","urlTemplate":"https:\/\/alpec.com.tr\/?s={search_term_string}"},"query-input":{"@type":"PropertyValueSpecification","valueRequired":true,"valueName":"search_term_string"}}],"inLanguage":"tr"},{"@type":"Organization","@id":"https:\/\/alpec.com.tr\/#organization","name":"Alpec","url":"https:\/\/alpec.com.tr\/","logo":{"@type":"ImageObject","inLanguage":"tr","@id":"https:\/\/alpec.com.tr\/#\/schema\/logo\/image\/","url":"https:\/\/alpec.com.tr\/wp-content\/uploads\/2024\/10\/WhatsApp_Image_2024-10-26_at_21.13.41__1_-removebg-preview.png","contentUrl":"https:\/\/alpec.com.tr\/wp-content\/uploads\/2024\/10\/WhatsApp_Image_2024-10-26_at_21.13.41__1_-removebg-preview.png","width":500,"height":500,"caption":"Alpec"},"image":{"@id":"https:\/\/alpec.com.tr\/#\/schema\/logo\/image\/"}}]}},"_links":{"self":[{"href":"https:\/\/alpec.com.tr\/tr\/wp-json\/wp\/v2\/pages\/307","targetHints":{"allow":["GET"]}}],"collection":[{"href":"https:\/\/alpec.com.tr\/tr\/wp-json\/wp\/v2\/pages"}],"about":[{"href":"https:\/\/alpec.com.tr\/tr\/wp-json\/wp\/v2\/types\/page"}],"author":[{"embeddable":true,"href":"https:\/\/alpec.com.tr\/tr\/wp-json\/wp\/v2\/users\/1"}],"replies":[{"embeddable":true,"href":"https:\/\/alpec.com.tr\/tr\/wp-json\/wp\/v2\/comments?post=307"}],"version-history":[{"count":85,"href":"https:\/\/alpec.com.tr\/tr\/wp-json\/wp\/v2\/pages\/307\/revisions"}],"predecessor-version":[{"id":1826,"href":"https:\/\/alpec.com.tr\/tr\/wp-json\/wp\/v2\/pages\/307\/revisions\/1826"}],"wp:attachment":[{"href":"https:\/\/alpec.com.tr\/tr\/wp-json\/wp\/v2\/media?parent=307"}],"wp:term":[{"taxonomy":"category","embeddable":true,"href":"https:\/\/alpec.com.tr\/tr\/wp-json\/wp\/v2\/categories?post=307"},{"taxonomy":"post_tag","embeddable":true,"href":"https:\/\/alpec.com.tr\/tr\/wp-json\/wp\/v2\/tags?post=307"}],"curies":[{"name":"wp","href":"https:\/\/api.w.org\/{rel}","templated":true}]}}