{"id":783,"date":"2024-10-23T08:27:52","date_gmt":"2024-10-23T08:27:52","guid":{"rendered":"https:\/\/alpec.com.tr\/?page_id=783"},"modified":"2024-11-04T11:42:52","modified_gmt":"2024-11-04T11:42:52","slug":"infrastructure-engineering-tunnels","status":"publish","type":"page","link":"https:\/\/alpec.com.tr\/tr\/infrastructure-engineering-tunnels\/","title":{"rendered":"T\u00fcneller"},"content":{"rendered":"<div data-elementor-type=\"wp-page\" data-elementor-id=\"783\" class=\"elementor elementor-783\">\n\t\t\t\t<div class=\"elementor-element elementor-element-a0167a4 e-flex e-con-boxed e-con e-parent\" data-id=\"a0167a4\" data-element_type=\"container\">\n\t\t\t\t\t<div class=\"e-con-inner\">\n\t\t<div class=\"elementor-element elementor-element-e44953d e-con-full e-flex e-con e-child\" data-id=\"e44953d\" data-element_type=\"container\">\n\t\t\t\t<div class=\"elementor-element elementor-element-14920ef elementor-widget elementor-widget-image\" data-id=\"14920ef\" data-element_type=\"widget\" data-widget_type=\"image.default\">\n\t\t\t\t<div class=\"elementor-widget-container\">\n\t\t\t\t\t\t\t\t\t\t\t\t\t<img fetchpriority=\"high\" decoding=\"async\" width=\"800\" height=\"536\" src=\"https:\/\/alpec.com.tr\/wp-content\/uploads\/2024\/10\/WhatsApp-Image-2024-10-31-at-21.36.31.webp\" class=\"attachment-large size-large wp-image-1564\" alt=\"\" srcset=\"https:\/\/alpec.com.tr\/wp-content\/uploads\/2024\/10\/WhatsApp-Image-2024-10-31-at-21.36.31.webp 938w, https:\/\/alpec.com.tr\/wp-content\/uploads\/2024\/10\/WhatsApp-Image-2024-10-31-at-21.36.31-300x201.webp 300w, https:\/\/alpec.com.tr\/wp-content\/uploads\/2024\/10\/WhatsApp-Image-2024-10-31-at-21.36.31-768x515.webp 768w, https:\/\/alpec.com.tr\/wp-content\/uploads\/2024\/10\/WhatsApp-Image-2024-10-31-at-21.36.31-18x12.webp 18w\" sizes=\"(max-width: 800px) 100vw, 800px\" \/>\t\t\t\t\t\t\t\t\t\t\t\t\t<\/div>\n\t\t\t\t<\/div>\n\t\t\t\t<\/div>\n\t\t<div class=\"elementor-element elementor-element-2836da9 e-con-full e-flex e-con e-child\" data-id=\"2836da9\" data-element_type=\"container\">\n\t\t\t\t<div class=\"elementor-element elementor-element-c554880 elementor-widget elementor-widget-heading\" data-id=\"c554880\" data-element_type=\"widget\" id=\"gd\" data-widget_type=\"heading.default\">\n\t\t\t\t<div class=\"elementor-widget-container\">\n\t\t\t<h2 class=\"elementor-heading-title elementor-size-default\">Geoteknik tasar\u0131m<\/h2>\t\t<\/div>\n\t\t\t\t<\/div>\n\t\t\t\t<div class=\"elementor-element elementor-element-f003811 elementor-widget elementor-widget-text-editor\" data-id=\"f003811\" data-element_type=\"widget\" data-widget_type=\"text-editor.default\">\n\t\t\t\t<div class=\"elementor-widget-container\">\n\t\t\t\t\t\t\t<p>T\u00fcnel projelerinde geoteknik tasar\u0131m zemin ve kaya \u00f6zelliklerinin kapsaml\u0131 analizlerini i\u00e7erir. Projenin amac\u0131na uygun ve \u00f6mr\u00fc boyunca sa\u011flam kalmas\u0131 i\u00e7in kritik bir ad\u0131md\u0131r. Her projenin jeoteknik \u00f6zelliklerine uygun \u00f6zel tasar\u0131m \u00e7\u00f6z\u00fcmleri sunan ekibimiz yap\u0131m s\u0131ras\u0131nda kar\u015f\u0131la\u015f\u0131labilecek sorunlar\u0131 analiz eder. Sondajlar yerinde laboratuvar testleri ve detayl\u0131 analizler ger\u00e7ekle\u015ftiriyor, kaz\u0131, destekleme ve kal\u0131c\u0131 kaplama projelerini \u00fcretiyoruz.<\/p>\t\t\t\t\t\t<\/div>\n\t\t\t\t<\/div>\n\t\t\t\t<\/div>\n\t\t\t\t\t<\/div>\n\t\t\t\t<\/div>\n\t\t<div class=\"elementor-element elementor-element-6993a82 e-flex e-con-boxed e-con e-parent\" data-id=\"6993a82\" data-element_type=\"container\">\n\t\t\t\t\t<div class=\"e-con-inner\">\n\t\t<div class=\"elementor-element elementor-element-6d728ae e-con-full e-flex e-con e-child\" data-id=\"6d728ae\" data-element_type=\"container\">\n\t\t\t\t<div class=\"elementor-element elementor-element-d205c7e elementor-widget elementor-widget-heading\" data-id=\"d205c7e\" data-element_type=\"widget\" id=\"hc\" data-widget_type=\"heading.default\">\n\t\t\t\t<div class=\"elementor-widget-container\">\n\t\t\t<h2 class=\"elementor-heading-title elementor-size-default\">Hidrolik hesaplamalar<\/h2>\t\t<\/div>\n\t\t\t\t<\/div>\n\t\t\t\t<div class=\"elementor-element elementor-element-f26379d elementor-widget elementor-widget-text-editor\" data-id=\"f26379d\" data-element_type=\"widget\" data-widget_type=\"text-editor.default\">\n\t\t\t\t<div class=\"elementor-widget-container\">\n\t\t\t\t\t\t\t<div class=\"flex max-w-full flex-col flex-grow\"><div class=\"min-h-8 text-message flex w-full flex-col items-end gap-2 whitespace-normal break-words [.text-message+&amp;]:mt-5\" dir=\"auto\" data-message-author-role=\"assistant\" data-message-id=\"9ca3de51-56ca-4121-a321-877c84322d46\" data-message-model-slug=\"gpt-4o\"><div class=\"flex w-full flex-col gap-1 empty:hidden first:pt-[3px]\"><div class=\"markdown prose w-full break-words dark:prose-invert dark\"><p>T\u00fcnel i\u00e7inde ve \u00e7evresinde verimli su y\u00f6netimini sa\u011flamak i\u00e7in hidrolik hesaplamalar yapmak. \u00c7al\u0131\u015fmalar, izolasyon, drenaj sistemi tasar\u0131m\u0131, ta\u015fk\u0131n kontrol \u00f6nlemlerini i\u00e7erir.<\/p><\/div><\/div><\/div><\/div>\t\t\t\t\t\t<\/div>\n\t\t\t\t<\/div>\n\t\t\t\t<\/div>\n\t\t<div class=\"elementor-element elementor-element-eb1fd42 e-con-full e-flex e-con e-child\" data-id=\"eb1fd42\" data-element_type=\"container\">\n\t\t\t\t<div class=\"elementor-element elementor-element-7c0b3bc elementor-widget elementor-widget-image\" data-id=\"7c0b3bc\" data-element_type=\"widget\" data-widget_type=\"image.default\">\n\t\t\t\t<div class=\"elementor-widget-container\">\n\t\t\t\t\t\t\t\t\t\t\t\t\t<img decoding=\"async\" width=\"800\" height=\"404\" src=\"https:\/\/alpec.com.tr\/wp-content\/uploads\/2024\/10\/WhatsApp-Image-2024-10-26-at-23.04.13.webp\" class=\"attachment-large size-large wp-image-1212\" alt=\"\" srcset=\"https:\/\/alpec.com.tr\/wp-content\/uploads\/2024\/10\/WhatsApp-Image-2024-10-26-at-23.04.13.webp 1000w, https:\/\/alpec.com.tr\/wp-content\/uploads\/2024\/10\/WhatsApp-Image-2024-10-26-at-23.04.13-300x152.webp 300w, https:\/\/alpec.com.tr\/wp-content\/uploads\/2024\/10\/WhatsApp-Image-2024-10-26-at-23.04.13-768x388.webp 768w, https:\/\/alpec.com.tr\/wp-content\/uploads\/2024\/10\/WhatsApp-Image-2024-10-26-at-23.04.13-18x9.webp 18w\" sizes=\"(max-width: 800px) 100vw, 800px\" \/>\t\t\t\t\t\t\t\t\t\t\t\t\t<\/div>\n\t\t\t\t<\/div>\n\t\t\t\t<\/div>\n\t\t\t\t\t<\/div>\n\t\t\t\t<\/div>\n\t\t<div class=\"elementor-element elementor-element-dc9e6ef e-flex e-con-boxed e-con e-parent\" data-id=\"dc9e6ef\" data-element_type=\"container\">\n\t\t\t\t\t<div class=\"e-con-inner\">\n\t\t<div class=\"elementor-element elementor-element-a3967b0 e-con-full e-flex e-con e-child\" data-id=\"a3967b0\" data-element_type=\"container\">\n\t\t\t\t<div class=\"elementor-element elementor-element-2ac465b elementor-widget elementor-widget-image\" data-id=\"2ac465b\" data-element_type=\"widget\" data-widget_type=\"image.default\">\n\t\t\t\t<div class=\"elementor-widget-container\">\n\t\t\t\t\t\t\t\t\t\t\t\t\t<img decoding=\"async\" width=\"800\" height=\"558\" src=\"https:\/\/alpec.com.tr\/wp-content\/uploads\/2024\/10\/WhatsApp-Image-2024-10-31-at-21.37.43.webp\" class=\"attachment-large size-large wp-image-1566\" alt=\"\" srcset=\"https:\/\/alpec.com.tr\/wp-content\/uploads\/2024\/10\/WhatsApp-Image-2024-10-31-at-21.37.43.webp 1000w, https:\/\/alpec.com.tr\/wp-content\/uploads\/2024\/10\/WhatsApp-Image-2024-10-31-at-21.37.43-300x209.webp 300w, https:\/\/alpec.com.tr\/wp-content\/uploads\/2024\/10\/WhatsApp-Image-2024-10-31-at-21.37.43-768x536.webp 768w, https:\/\/alpec.com.tr\/wp-content\/uploads\/2024\/10\/WhatsApp-Image-2024-10-31-at-21.37.43-18x12.webp 18w\" sizes=\"(max-width: 800px) 100vw, 800px\" \/>\t\t\t\t\t\t\t\t\t\t\t\t\t<\/div>\n\t\t\t\t<\/div>\n\t\t\t\t<\/div>\n\t\t<div class=\"elementor-element elementor-element-3b5f606 e-con-full e-flex e-con e-child\" data-id=\"3b5f606\" data-element_type=\"container\">\n\t\t\t\t<div class=\"elementor-element elementor-element-88b5ecc elementor-widget elementor-widget-heading\" data-id=\"88b5ecc\" data-element_type=\"widget\" id=\"ed\" data-widget_type=\"heading.default\">\n\t\t\t\t<div class=\"elementor-widget-container\">\n\t\t\t<h2 class=\"elementor-heading-title elementor-size-default\">Elektromekanik tasar\u0131m<\/h2>\t\t<\/div>\n\t\t\t\t<\/div>\n\t\t\t\t<div class=\"elementor-element elementor-element-6df89db elementor-widget elementor-widget-text-editor\" data-id=\"6df89db\" data-element_type=\"widget\" data-widget_type=\"text-editor.default\">\n\t\t\t\t<div class=\"elementor-widget-container\">\n\t\t\t\t\t\t\t<p>T\u00fcnellerin ayd\u0131nlatma, havaland\u0131rma, g\u00fc\u00e7 kayna\u011f\u0131 ve g\u00fcvenlik sistemleri dahil elektromekanik sistemlerinin tasarlanmas\u0131. Bu unsurlar, t\u00fcnelin operasyonel i\u015flevselli\u011fini ve kullan\u0131c\u0131lar i\u00e7in g\u00fcvenli\u011fi sa\u011flamak i\u00e7in \u00e7ok \u00f6nemlidir.<\/p>\t\t\t\t\t\t<\/div>\n\t\t\t\t<\/div>\n\t\t\t\t<\/div>\n\t\t\t\t\t<\/div>\n\t\t\t\t<\/div>\n\t\t<div class=\"elementor-element elementor-element-460fd4e e-flex e-con-boxed e-con e-parent\" data-id=\"460fd4e\" data-element_type=\"container\">\n\t\t\t\t\t<div class=\"e-con-inner\">\n\t\t<div class=\"elementor-element elementor-element-4ed4f02 e-con-full e-flex e-con e-child\" data-id=\"4ed4f02\" data-element_type=\"container\">\n\t\t\t\t<div class=\"elementor-element elementor-element-8be8eec elementor-widget elementor-widget-heading\" data-id=\"8be8eec\" data-element_type=\"widget\" id=\"de\" data-widget_type=\"heading.default\">\n\t\t\t\t<div class=\"elementor-widget-container\">\n\t\t\t<h2 class=\"elementor-heading-title elementor-size-default\">Detay m\u00fchendislik<\/h2>\t\t<\/div>\n\t\t\t\t<\/div>\n\t\t\t\t<div class=\"elementor-element elementor-element-5414cdb elementor-widget elementor-widget-text-editor\" data-id=\"5414cdb\" data-element_type=\"widget\" data-widget_type=\"text-editor.default\">\n\t\t\t\t<div class=\"elementor-widget-container\">\n\t\t\t\t\t\t\t<div class=\"flex max-w-full flex-col flex-grow\"><div class=\"min-h-8 text-message flex w-full flex-col items-end gap-2 whitespace-normal break-words [.text-message+&amp;]:mt-5\" dir=\"auto\" data-message-author-role=\"assistant\" data-message-id=\"9ca3de51-56ca-4121-a321-877c84322d46\" data-message-model-slug=\"gpt-4o\"><div class=\"flex w-full flex-col gap-1 empty:hidden first:pt-[3px]\"><div class=\"markdown prose w-full break-words dark:prose-invert dark\"><p>Projenin yap\u0131sal analizlerini \u00fcretilmesini kapsayan a\u015famas\u0131d\u0131r. Teknik \u015fartnamesini, in\u015faat metodolojisini ve tasar\u0131m bile\u015fenini tan\u0131mlayan ayr\u0131nt\u0131l\u0131 m\u00fchendislik planlar\u0131 detay m\u00fchendislikte geli\u015ftirilir.<\/p><\/div><\/div><\/div><\/div>\t\t\t\t\t\t<\/div>\n\t\t\t\t<\/div>\n\t\t\t\t<\/div>\n\t\t<div class=\"elementor-element elementor-element-69b1ee8 e-con-full e-flex e-con e-child\" data-id=\"69b1ee8\" data-element_type=\"container\">\n\t\t\t\t<div class=\"elementor-element elementor-element-f4d2690 elementor-widget elementor-widget-image\" data-id=\"f4d2690\" data-element_type=\"widget\" data-widget_type=\"image.default\">\n\t\t\t\t<div class=\"elementor-widget-container\">\n\t\t\t\t\t\t\t\t\t\t\t\t\t<img loading=\"lazy\" decoding=\"async\" width=\"800\" height=\"498\" src=\"https:\/\/alpec.com.tr\/wp-content\/uploads\/2024\/10\/WhatsApp-Image-2024-10-31-at-21.42.10-1024x637.webp\" class=\"attachment-large size-large wp-image-1568\" alt=\"\" srcset=\"https:\/\/alpec.com.tr\/wp-content\/uploads\/2024\/10\/WhatsApp-Image-2024-10-31-at-21.42.10-1024x637.webp 1024w, https:\/\/alpec.com.tr\/wp-content\/uploads\/2024\/10\/WhatsApp-Image-2024-10-31-at-21.42.10-300x187.webp 300w, https:\/\/alpec.com.tr\/wp-content\/uploads\/2024\/10\/WhatsApp-Image-2024-10-31-at-21.42.10-768x477.webp 768w, https:\/\/alpec.com.tr\/wp-content\/uploads\/2024\/10\/WhatsApp-Image-2024-10-31-at-21.42.10-18x12.webp 18w, https:\/\/alpec.com.tr\/wp-content\/uploads\/2024\/10\/WhatsApp-Image-2024-10-31-at-21.42.10.webp 1200w\" sizes=\"(max-width: 800px) 100vw, 800px\" \/>\t\t\t\t\t\t\t\t\t\t\t\t\t<\/div>\n\t\t\t\t<\/div>\n\t\t\t\t<\/div>\n\t\t\t\t\t<\/div>\n\t\t\t\t<\/div>\n\t\t<div class=\"elementor-element elementor-element-89c11d5 e-flex e-con-boxed e-con e-parent\" data-id=\"89c11d5\" data-element_type=\"container\">\n\t\t\t\t\t<div class=\"e-con-inner\">\n\t\t<div class=\"elementor-element elementor-element-0051530 e-con-full e-flex e-con e-child\" data-id=\"0051530\" data-element_type=\"container\">\n\t\t\t\t<div class=\"elementor-element elementor-element-25c23d6 elementor-widget elementor-widget-image\" data-id=\"25c23d6\" data-element_type=\"widget\" data-widget_type=\"image.default\">\n\t\t\t\t<div class=\"elementor-widget-container\">\n\t\t\t\t\t\t\t\t\t\t\t\t\t<img loading=\"lazy\" decoding=\"async\" width=\"800\" height=\"534\" src=\"https:\/\/alpec.com.tr\/wp-content\/uploads\/2024\/10\/WhatsApp-Image-2024-10-31-at-21.40.56.webp\" class=\"attachment-large size-large wp-image-1567\" alt=\"\" srcset=\"https:\/\/alpec.com.tr\/wp-content\/uploads\/2024\/10\/WhatsApp-Image-2024-10-31-at-21.40.56.webp 1000w, https:\/\/alpec.com.tr\/wp-content\/uploads\/2024\/10\/WhatsApp-Image-2024-10-31-at-21.40.56-300x200.webp 300w, https:\/\/alpec.com.tr\/wp-content\/uploads\/2024\/10\/WhatsApp-Image-2024-10-31-at-21.40.56-768x512.webp 768w, https:\/\/alpec.com.tr\/wp-content\/uploads\/2024\/10\/WhatsApp-Image-2024-10-31-at-21.40.56-18x12.webp 18w\" sizes=\"(max-width: 800px) 100vw, 800px\" \/>\t\t\t\t\t\t\t\t\t\t\t\t\t<\/div>\n\t\t\t\t<\/div>\n\t\t\t\t<\/div>\n\t\t<div class=\"elementor-element elementor-element-a53f992 e-con-full e-flex e-con e-child\" data-id=\"a53f992\" data-element_type=\"container\">\n\t\t\t\t<div class=\"elementor-element elementor-element-ac0764a elementor-widget elementor-widget-heading\" data-id=\"ac0764a\" data-element_type=\"widget\" id=\"cd\" data-widget_type=\"heading.default\">\n\t\t\t\t<div class=\"elementor-widget-container\">\n\t\t\t<h2 class=\"elementor-heading-title elementor-size-default\">Uygulama projeleri<\/h2>\t\t<\/div>\n\t\t\t\t<\/div>\n\t\t\t\t<div class=\"elementor-element elementor-element-8c97af8 elementor-widget elementor-widget-text-editor\" data-id=\"8c97af8\" data-element_type=\"widget\" data-widget_type=\"text-editor.default\">\n\t\t\t\t<div class=\"elementor-widget-container\">\n\t\t\t\t\t\t\t<p>\u0130n\u015faat i\u00e7in gerekli t\u00fcm uygulama projelerinin olu\u015fturulmas\u0131. Bu projelerin boyutlar\u0131, malzemeleri kurulum talimatlar\u0131n\u0131 ve sahada in\u015faat i\u00e7in gereken di\u011fer t\u00fcm unsurlar\u0131 ayr\u0131nt\u0131l\u0131 olarak a\u00e7\u0131klar.<\/p>\t\t\t\t\t\t<\/div>\n\t\t\t\t<\/div>\n\t\t\t\t<\/div>\n\t\t\t\t\t<\/div>\n\t\t\t\t<\/div>\n\t\t<div class=\"elementor-element elementor-element-1251a69 e-flex e-con-boxed e-con e-parent\" data-id=\"1251a69\" data-element_type=\"container\" data-settings=\"{&quot;background_background&quot;:&quot;classic&quot;}\">\n\t\t\t\t\t<div class=\"e-con-inner\">\n\t\t\t\t<div class=\"elementor-element elementor-element-a4a6183 elementor-widget elementor-widget-heading\" data-id=\"a4a6183\" data-element_type=\"widget\" data-widget_type=\"heading.default\">\n\t\t\t\t<div class=\"elementor-widget-container\">\n\t\t\t<h3 class=\"elementor-heading-title elementor-size-default\">Birlikte neler ba\u015farabilece\u011fimizi ke\u015ffedelim.<\/h3>\t\t<\/div>\n\t\t\t\t<\/div>\n\t\t\t\t<div class=\"elementor-element elementor-element-949248e elementor-widget elementor-widget-button\" data-id=\"949248e\" data-element_type=\"widget\" data-widget_type=\"button.default\">\n\t\t\t\t<div class=\"elementor-widget-container\">\n\t\t\t\t\t\t\t<div class=\"elementor-button-wrapper\">\n\t\t\t\t\t<a class=\"elementor-button elementor-button-link elementor-size-sm\" href=\"\/tr\/contact\/\">\n\t\t\t\t\t\t<span class=\"elementor-button-content-wrapper\">\n\t\t\t\t\t\t\t\t\t<span class=\"elementor-button-text\">B\u0130ZE ULA\u015eIN<\/span>\n\t\t\t\t\t<\/span>\n\t\t\t\t\t<\/a>\n\t\t\t\t<\/div>\n\t\t\t\t\t\t<\/div>\n\t\t\t\t<\/div>\n\t\t\t\t\t<\/div>\n\t\t\t\t<\/div>\n\t\t\t\t<\/div>","protected":false},"excerpt":{"rendered":"<p>Geotechnical Design Designing the tunnel\u2019s foundation and structural supports based on comprehensive geotechnical investigations. This involves analyzing soil and rock properties to ensure the tunnel\u2019s long-term stability, safety, and integrity under various geological conditions. Hydraulic Calculations Performing hydraulic calculations to ensure efficient water management within and around the tunnel. This includes drainage system design to [&hellip;]<\/p>","protected":false},"author":1,"featured_media":0,"parent":0,"menu_order":0,"comment_status":"closed","ping_status":"closed","template":"","meta":{"footnotes":""},"categories":[],"tags":[12,10],"class_list":["post-783","page","type-page","status-publish","hentry","tag-engineering","tag-infrastructure"],"yoast_head":"<!-- This site is optimized with the Yoast SEO plugin v23.5 - https:\/\/yoast.com\/wordpress\/plugins\/seo\/ -->\n<title>Tunnels - Alpec<\/title>\n<meta name=\"robots\" content=\"index, follow, max-snippet:-1, max-image-preview:large, max-video-preview:-1\" \/>\n<link rel=\"canonical\" href=\"https:\/\/alpec.com.tr\/tr\/infrastructure-engineering-tunnels\/\" \/>\n<meta property=\"og:locale\" content=\"tr_TR\" \/>\n<meta property=\"og:type\" content=\"article\" \/>\n<meta property=\"og:title\" content=\"Tunnels - Alpec\" \/>\n<meta property=\"og:description\" content=\"Geotechnical Design Designing the tunnel\u2019s foundation and structural supports based on comprehensive geotechnical investigations. This involves analyzing soil and rock properties to ensure the tunnel\u2019s long-term stability, safety, and integrity under various geological conditions. Hydraulic Calculations Performing hydraulic calculations to ensure efficient water management within and around the tunnel. This includes drainage system design to [&hellip;]\" \/>\n<meta property=\"og:url\" content=\"https:\/\/alpec.com.tr\/tr\/infrastructure-engineering-tunnels\/\" \/>\n<meta property=\"og:site_name\" content=\"Alpec\" \/>\n<meta property=\"article:modified_time\" content=\"2024-11-04T11:42:52+00:00\" \/>\n<meta property=\"og:image\" content=\"https:\/\/alpec.com.tr\/wp-content\/uploads\/2024\/10\/WhatsApp-Image-2024-10-31-at-21.36.31.webp\" \/>\n<meta name=\"twitter:card\" content=\"summary_large_image\" \/>\n<meta name=\"twitter:label1\" content=\"Tahmini okuma s\u00fcresi\" \/>\n\t<meta name=\"twitter:data1\" content=\"2 dakika\" \/>\n<script type=\"application\/ld+json\" class=\"yoast-schema-graph\">{\"@context\":\"https:\/\/schema.org\",\"@graph\":[{\"@type\":\"WebPage\",\"@id\":\"https:\/\/alpec.com.tr\/infrastructure-engineering-tunnels\/\",\"url\":\"https:\/\/alpec.com.tr\/infrastructure-engineering-tunnels\/\",\"name\":\"Tunnels - Alpec\",\"isPartOf\":{\"@id\":\"https:\/\/alpec.com.tr\/#website\"},\"primaryImageOfPage\":{\"@id\":\"https:\/\/alpec.com.tr\/infrastructure-engineering-tunnels\/#primaryimage\"},\"image\":{\"@id\":\"https:\/\/alpec.com.tr\/infrastructure-engineering-tunnels\/#primaryimage\"},\"thumbnailUrl\":\"https:\/\/alpec.com.tr\/wp-content\/uploads\/2024\/10\/WhatsApp-Image-2024-10-31-at-21.36.31.webp\",\"datePublished\":\"2024-10-23T08:27:52+00:00\",\"dateModified\":\"2024-11-04T11:42:52+00:00\",\"breadcrumb\":{\"@id\":\"https:\/\/alpec.com.tr\/infrastructure-engineering-tunnels\/#breadcrumb\"},\"inLanguage\":\"tr\",\"potentialAction\":[{\"@type\":\"ReadAction\",\"target\":[\"https:\/\/alpec.com.tr\/infrastructure-engineering-tunnels\/\"]}]},{\"@type\":\"ImageObject\",\"inLanguage\":\"tr\",\"@id\":\"https:\/\/alpec.com.tr\/infrastructure-engineering-tunnels\/#primaryimage\",\"url\":\"https:\/\/alpec.com.tr\/wp-content\/uploads\/2024\/10\/WhatsApp-Image-2024-10-31-at-21.36.31.webp\",\"contentUrl\":\"https:\/\/alpec.com.tr\/wp-content\/uploads\/2024\/10\/WhatsApp-Image-2024-10-31-at-21.36.31.webp\"},{\"@type\":\"BreadcrumbList\",\"@id\":\"https:\/\/alpec.com.tr\/infrastructure-engineering-tunnels\/#breadcrumb\",\"itemListElement\":[{\"@type\":\"ListItem\",\"position\":1,\"name\":\"Anasayfa\",\"item\":\"https:\/\/alpec.com.tr\/\"},{\"@type\":\"ListItem\",\"position\":2,\"name\":\"Tunnels\"}]},{\"@type\":\"WebSite\",\"@id\":\"https:\/\/alpec.com.tr\/#website\",\"url\":\"https:\/\/alpec.com.tr\/\",\"name\":\"Alpec\",\"description\":\"Precision in design, excellence in execution\",\"publisher\":{\"@id\":\"https:\/\/alpec.com.tr\/#organization\"},\"potentialAction\":[{\"@type\":\"SearchAction\",\"target\":{\"@type\":\"EntryPoint\",\"urlTemplate\":\"https:\/\/alpec.com.tr\/?s={search_term_string}\"},\"query-input\":{\"@type\":\"PropertyValueSpecification\",\"valueRequired\":true,\"valueName\":\"search_term_string\"}}],\"inLanguage\":\"tr\"},{\"@type\":\"Organization\",\"@id\":\"https:\/\/alpec.com.tr\/#organization\",\"name\":\"Alpec\",\"url\":\"https:\/\/alpec.com.tr\/\",\"logo\":{\"@type\":\"ImageObject\",\"inLanguage\":\"tr\",\"@id\":\"https:\/\/alpec.com.tr\/#\/schema\/logo\/image\/\",\"url\":\"https:\/\/alpec.com.tr\/wp-content\/uploads\/2024\/10\/WhatsApp_Image_2024-10-26_at_21.13.41__1_-removebg-preview.png\",\"contentUrl\":\"https:\/\/alpec.com.tr\/wp-content\/uploads\/2024\/10\/WhatsApp_Image_2024-10-26_at_21.13.41__1_-removebg-preview.png\",\"width\":500,\"height\":500,\"caption\":\"Alpec\"},\"image\":{\"@id\":\"https:\/\/alpec.com.tr\/#\/schema\/logo\/image\/\"}}]}<\/script>\n<!-- \/ Yoast SEO plugin. -->","yoast_head_json":{"title":"Tunnels - Alpec","robots":{"index":"index","follow":"follow","max-snippet":"max-snippet:-1","max-image-preview":"max-image-preview:large","max-video-preview":"max-video-preview:-1"},"canonical":"https:\/\/alpec.com.tr\/tr\/infrastructure-engineering-tunnels\/","og_locale":"tr_TR","og_type":"article","og_title":"Tunnels - Alpec","og_description":"Geotechnical Design Designing the tunnel\u2019s foundation and structural supports based on comprehensive geotechnical investigations. This involves analyzing soil and rock properties to ensure the tunnel\u2019s long-term stability, safety, and integrity under various geological conditions. Hydraulic Calculations Performing hydraulic calculations to ensure efficient water management within and around the tunnel. This includes drainage system design to [&hellip;]","og_url":"https:\/\/alpec.com.tr\/tr\/infrastructure-engineering-tunnels\/","og_site_name":"Alpec","article_modified_time":"2024-11-04T11:42:52+00:00","og_image":[{"url":"https:\/\/alpec.com.tr\/wp-content\/uploads\/2024\/10\/WhatsApp-Image-2024-10-31-at-21.36.31.webp"}],"twitter_card":"summary_large_image","twitter_misc":{"Tahmini okuma s\u00fcresi":"2 dakika"},"schema":{"@context":"https:\/\/schema.org","@graph":[{"@type":"WebPage","@id":"https:\/\/alpec.com.tr\/infrastructure-engineering-tunnels\/","url":"https:\/\/alpec.com.tr\/infrastructure-engineering-tunnels\/","name":"Tunnels - Alpec","isPartOf":{"@id":"https:\/\/alpec.com.tr\/#website"},"primaryImageOfPage":{"@id":"https:\/\/alpec.com.tr\/infrastructure-engineering-tunnels\/#primaryimage"},"image":{"@id":"https:\/\/alpec.com.tr\/infrastructure-engineering-tunnels\/#primaryimage"},"thumbnailUrl":"https:\/\/alpec.com.tr\/wp-content\/uploads\/2024\/10\/WhatsApp-Image-2024-10-31-at-21.36.31.webp","datePublished":"2024-10-23T08:27:52+00:00","dateModified":"2024-11-04T11:42:52+00:00","breadcrumb":{"@id":"https:\/\/alpec.com.tr\/infrastructure-engineering-tunnels\/#breadcrumb"},"inLanguage":"tr","potentialAction":[{"@type":"ReadAction","target":["https:\/\/alpec.com.tr\/infrastructure-engineering-tunnels\/"]}]},{"@type":"ImageObject","inLanguage":"tr","@id":"https:\/\/alpec.com.tr\/infrastructure-engineering-tunnels\/#primaryimage","url":"https:\/\/alpec.com.tr\/wp-content\/uploads\/2024\/10\/WhatsApp-Image-2024-10-31-at-21.36.31.webp","contentUrl":"https:\/\/alpec.com.tr\/wp-content\/uploads\/2024\/10\/WhatsApp-Image-2024-10-31-at-21.36.31.webp"},{"@type":"BreadcrumbList","@id":"https:\/\/alpec.com.tr\/infrastructure-engineering-tunnels\/#breadcrumb","itemListElement":[{"@type":"ListItem","position":1,"name":"Anasayfa","item":"https:\/\/alpec.com.tr\/"},{"@type":"ListItem","position":2,"name":"Tunnels"}]},{"@type":"WebSite","@id":"https:\/\/alpec.com.tr\/#website","url":"https:\/\/alpec.com.tr\/","name":"Alpec","description":"Precision in design, excellence in execution","publisher":{"@id":"https:\/\/alpec.com.tr\/#organization"},"potentialAction":[{"@type":"SearchAction","target":{"@type":"EntryPoint","urlTemplate":"https:\/\/alpec.com.tr\/?s={search_term_string}"},"query-input":{"@type":"PropertyValueSpecification","valueRequired":true,"valueName":"search_term_string"}}],"inLanguage":"tr"},{"@type":"Organization","@id":"https:\/\/alpec.com.tr\/#organization","name":"Alpec","url":"https:\/\/alpec.com.tr\/","logo":{"@type":"ImageObject","inLanguage":"tr","@id":"https:\/\/alpec.com.tr\/#\/schema\/logo\/image\/","url":"https:\/\/alpec.com.tr\/wp-content\/uploads\/2024\/10\/WhatsApp_Image_2024-10-26_at_21.13.41__1_-removebg-preview.png","contentUrl":"https:\/\/alpec.com.tr\/wp-content\/uploads\/2024\/10\/WhatsApp_Image_2024-10-26_at_21.13.41__1_-removebg-preview.png","width":500,"height":500,"caption":"Alpec"},"image":{"@id":"https:\/\/alpec.com.tr\/#\/schema\/logo\/image\/"}}]}},"_links":{"self":[{"href":"https:\/\/alpec.com.tr\/tr\/wp-json\/wp\/v2\/pages\/783","targetHints":{"allow":["GET"]}}],"collection":[{"href":"https:\/\/alpec.com.tr\/tr\/wp-json\/wp\/v2\/pages"}],"about":[{"href":"https:\/\/alpec.com.tr\/tr\/wp-json\/wp\/v2\/types\/page"}],"author":[{"embeddable":true,"href":"https:\/\/alpec.com.tr\/tr\/wp-json\/wp\/v2\/users\/1"}],"replies":[{"embeddable":true,"href":"https:\/\/alpec.com.tr\/tr\/wp-json\/wp\/v2\/comments?post=783"}],"version-history":[{"count":11,"href":"https:\/\/alpec.com.tr\/tr\/wp-json\/wp\/v2\/pages\/783\/revisions"}],"predecessor-version":[{"id":1912,"href":"https:\/\/alpec.com.tr\/tr\/wp-json\/wp\/v2\/pages\/783\/revisions\/1912"}],"wp:attachment":[{"href":"https:\/\/alpec.com.tr\/tr\/wp-json\/wp\/v2\/media?parent=783"}],"wp:term":[{"taxonomy":"category","embeddable":true,"href":"https:\/\/alpec.com.tr\/tr\/wp-json\/wp\/v2\/categories?post=783"},{"taxonomy":"post_tag","embeddable":true,"href":"https:\/\/alpec.com.tr\/tr\/wp-json\/wp\/v2\/tags?post=783"}],"curies":[{"name":"wp","href":"https:\/\/api.w.org\/{rel}","templated":true}]}}