{"id":788,"date":"2024-10-23T08:39:28","date_gmt":"2024-10-23T08:39:28","guid":{"rendered":"https:\/\/alpec.com.tr\/?page_id=788"},"modified":"2024-11-17T13:50:52","modified_gmt":"2024-11-17T13:50:52","slug":"infrastructure-engineering-roads","status":"publish","type":"page","link":"https:\/\/alpec.com.tr\/tr\/infrastructure-engineering-roads\/","title":{"rendered":"Yollar"},"content":{"rendered":"<div data-elementor-type=\"wp-page\" data-elementor-id=\"788\" class=\"elementor elementor-788\">\n\t\t\t\t<div class=\"elementor-element elementor-element-a0167a4 e-flex e-con-boxed e-con e-parent\" data-id=\"a0167a4\" data-element_type=\"container\">\n\t\t\t\t\t<div class=\"e-con-inner\">\n\t\t<div class=\"elementor-element elementor-element-e44953d e-con-full e-flex e-con e-child\" data-id=\"e44953d\" data-element_type=\"container\">\n\t\t\t\t<div class=\"elementor-element elementor-element-14920ef elementor-widget elementor-widget-image\" data-id=\"14920ef\" data-element_type=\"widget\" data-widget_type=\"image.default\">\n\t\t\t\t<div class=\"elementor-widget-container\">\n\t\t\t\t\t\t\t\t\t\t\t\t\t<img fetchpriority=\"high\" decoding=\"async\" width=\"800\" height=\"533\" src=\"https:\/\/alpec.com.tr\/wp-content\/uploads\/2024\/10\/WhatsApp-Image-2024-10-31-at-21.45.16.webp\" class=\"attachment-large size-large wp-image-1574\" alt=\"\" srcset=\"https:\/\/alpec.com.tr\/wp-content\/uploads\/2024\/10\/WhatsApp-Image-2024-10-31-at-21.45.16.webp 1000w, https:\/\/alpec.com.tr\/wp-content\/uploads\/2024\/10\/WhatsApp-Image-2024-10-31-at-21.45.16-300x200.webp 300w, https:\/\/alpec.com.tr\/wp-content\/uploads\/2024\/10\/WhatsApp-Image-2024-10-31-at-21.45.16-768x511.webp 768w, https:\/\/alpec.com.tr\/wp-content\/uploads\/2024\/10\/WhatsApp-Image-2024-10-31-at-21.45.16-18x12.webp 18w\" sizes=\"(max-width: 800px) 100vw, 800px\" \/>\t\t\t\t\t\t\t\t\t\t\t\t\t<\/div>\n\t\t\t\t<\/div>\n\t\t\t\t<\/div>\n\t\t<div class=\"elementor-element elementor-element-2836da9 e-con-full e-flex e-con e-child\" data-id=\"2836da9\" data-element_type=\"container\">\n\t\t\t\t<div class=\"elementor-element elementor-element-c554880 elementor-widget elementor-widget-heading\" data-id=\"c554880\" data-element_type=\"widget\" id=\"gd\" data-widget_type=\"heading.default\">\n\t\t\t\t<div class=\"elementor-widget-container\">\n\t\t\t<h2 class=\"elementor-heading-title elementor-size-default\">Geoteknik tasar\u0131m<\/h2>\t\t<\/div>\n\t\t\t\t<\/div>\n\t\t\t\t<div class=\"elementor-element elementor-element-f003811 elementor-widget elementor-widget-text-editor\" data-id=\"f003811\" data-element_type=\"widget\" data-widget_type=\"text-editor.default\">\n\t\t\t\t<div class=\"elementor-widget-container\">\n\t\t\t\t\t\t\t<p>Zemin ve kaya \u00f6zelliklerini de\u011ferlendirmek, yol in\u015faat\u0131 i\u00e7in sa\u011flam bir temel sa\u011flamak i\u00e7in kapsaml\u0131 jeoteknik ara\u015ft\u0131rmalar y\u00fcr\u00fctmek geoteknik tasar\u0131m\u0131n ilk a\u015famas\u0131d\u0131r. Bu, ta\u015f\u0131ma kapasitesini, zemin s\u0131k\u0131\u015fmas\u0131n\u0131 ve olas\u0131 oturma sorunlar\u0131n\u0131 de\u011ferlendirerek trafik y\u00fcklerine ve \u00e7evresel fakt\u00f6rlere dayanabilen uygun yol yap\u0131lar\u0131 tasarlamak anlam\u0131na gelir.<\/p>\t\t\t\t\t\t<\/div>\n\t\t\t\t<\/div>\n\t\t\t\t<\/div>\n\t\t\t\t\t<\/div>\n\t\t\t\t<\/div>\n\t\t<div class=\"elementor-element elementor-element-6993a82 e-flex e-con-boxed e-con e-parent\" data-id=\"6993a82\" data-element_type=\"container\">\n\t\t\t\t\t<div class=\"e-con-inner\">\n\t\t<div class=\"elementor-element elementor-element-6d728ae e-con-full e-flex e-con e-child\" data-id=\"6d728ae\" data-element_type=\"container\">\n\t\t\t\t<div class=\"elementor-element elementor-element-d205c7e elementor-widget elementor-widget-heading\" data-id=\"d205c7e\" data-element_type=\"widget\" id=\"hc\" data-widget_type=\"heading.default\">\n\t\t\t\t<div class=\"elementor-widget-container\">\n\t\t\t<h2 class=\"elementor-heading-title elementor-size-default\">Hidrolik hesaplamalar<\/h2>\t\t<\/div>\n\t\t\t\t<\/div>\n\t\t\t\t<div class=\"elementor-element elementor-element-f26379d elementor-widget elementor-widget-text-editor\" data-id=\"f26379d\" data-element_type=\"widget\" data-widget_type=\"text-editor.default\">\n\t\t\t\t<div class=\"elementor-widget-container\">\n\t\t\t\t\t\t\t<div class=\"flex max-w-full flex-col flex-grow\"><div class=\"min-h-8 text-message flex w-full flex-col items-end gap-2 whitespace-normal break-words [.text-message+&amp;]:mt-5\" dir=\"auto\" data-message-author-role=\"assistant\" data-message-id=\"9ca3de51-56ca-4121-a321-877c84322d46\" data-message-model-slug=\"gpt-4o\"><div class=\"flex w-full flex-col gap-1 empty:hidden first:pt-[3px]\"><div class=\"markdown prose w-full break-words dark:prose-invert dark\"><p>Yol i\u00e7in y\u00fczey suyu ak\u0131\u015f\u0131n\u0131 ve drenaj\u0131n\u0131 y\u00f6netmek i\u00e7in hidrolik hesaplamalar yapmak. Bu, ta\u015fk\u0131n ve erozyonu \u00f6nlemek, yo\u011fun ya\u011f\u0131\u015f veya olumsuz hava ko\u015fullar\u0131 s\u0131ras\u0131nda yol g\u00fcvenli\u011fini ve b\u00fct\u00fcnl\u00fc\u011f\u00fcn\u00fc korumak i\u00e7in hendekler, menfezler ve ya\u011fmur suyu y\u00f6netim sistemleri tasarlamay\u0131 i\u00e7erir.<\/p><\/div><\/div><\/div><\/div>\t\t\t\t\t\t<\/div>\n\t\t\t\t<\/div>\n\t\t\t\t<\/div>\n\t\t<div class=\"elementor-element elementor-element-eb1fd42 e-con-full e-flex e-con e-child\" data-id=\"eb1fd42\" data-element_type=\"container\">\n\t\t\t\t<div class=\"elementor-element elementor-element-7c0b3bc elementor-widget elementor-widget-image\" data-id=\"7c0b3bc\" data-element_type=\"widget\" data-widget_type=\"image.default\">\n\t\t\t\t<div class=\"elementor-widget-container\">\n\t\t\t\t\t\t\t\t\t\t\t\t\t<img decoding=\"async\" width=\"800\" height=\"404\" src=\"https:\/\/alpec.com.tr\/wp-content\/uploads\/2024\/10\/WhatsApp-Image-2024-10-26-at-23.04.13.webp\" class=\"attachment-large size-large wp-image-1212\" alt=\"\" srcset=\"https:\/\/alpec.com.tr\/wp-content\/uploads\/2024\/10\/WhatsApp-Image-2024-10-26-at-23.04.13.webp 1000w, https:\/\/alpec.com.tr\/wp-content\/uploads\/2024\/10\/WhatsApp-Image-2024-10-26-at-23.04.13-300x152.webp 300w, https:\/\/alpec.com.tr\/wp-content\/uploads\/2024\/10\/WhatsApp-Image-2024-10-26-at-23.04.13-768x388.webp 768w, https:\/\/alpec.com.tr\/wp-content\/uploads\/2024\/10\/WhatsApp-Image-2024-10-26-at-23.04.13-18x9.webp 18w\" sizes=\"(max-width: 800px) 100vw, 800px\" \/>\t\t\t\t\t\t\t\t\t\t\t\t\t<\/div>\n\t\t\t\t<\/div>\n\t\t\t\t<\/div>\n\t\t\t\t\t<\/div>\n\t\t\t\t<\/div>\n\t\t<div class=\"elementor-element elementor-element-dc9e6ef e-flex e-con-boxed e-con e-parent\" data-id=\"dc9e6ef\" data-element_type=\"container\">\n\t\t\t\t\t<div class=\"e-con-inner\">\n\t\t<div class=\"elementor-element elementor-element-a3967b0 e-con-full e-flex e-con e-child\" data-id=\"a3967b0\" data-element_type=\"container\">\n\t\t\t\t<div class=\"elementor-element elementor-element-2ac465b elementor-widget elementor-widget-image\" data-id=\"2ac465b\" data-element_type=\"widget\" data-widget_type=\"image.default\">\n\t\t\t\t<div class=\"elementor-widget-container\">\n\t\t\t\t\t\t\t\t\t\t\t\t\t<img decoding=\"async\" width=\"800\" height=\"462\" src=\"https:\/\/alpec.com.tr\/wp-content\/uploads\/2024\/10\/WhatsApp-Image-2024-10-31-at-21.44.32-1024x591.webp\" class=\"attachment-large size-large wp-image-1572\" alt=\"\" srcset=\"https:\/\/alpec.com.tr\/wp-content\/uploads\/2024\/10\/WhatsApp-Image-2024-10-31-at-21.44.32-1024x591.webp 1024w, https:\/\/alpec.com.tr\/wp-content\/uploads\/2024\/10\/WhatsApp-Image-2024-10-31-at-21.44.32-300x173.webp 300w, https:\/\/alpec.com.tr\/wp-content\/uploads\/2024\/10\/WhatsApp-Image-2024-10-31-at-21.44.32-768x443.webp 768w, https:\/\/alpec.com.tr\/wp-content\/uploads\/2024\/10\/WhatsApp-Image-2024-10-31-at-21.44.32-1536x886.webp 1536w, https:\/\/alpec.com.tr\/wp-content\/uploads\/2024\/10\/WhatsApp-Image-2024-10-31-at-21.44.32-18x10.webp 18w, https:\/\/alpec.com.tr\/wp-content\/uploads\/2024\/10\/WhatsApp-Image-2024-10-31-at-21.44.32.webp 1600w\" sizes=\"(max-width: 800px) 100vw, 800px\" \/>\t\t\t\t\t\t\t\t\t\t\t\t\t<\/div>\n\t\t\t\t<\/div>\n\t\t\t\t<\/div>\n\t\t<div class=\"elementor-element elementor-element-3b5f606 e-con-full e-flex e-con e-child\" data-id=\"3b5f606\" data-element_type=\"container\">\n\t\t\t\t<div class=\"elementor-element elementor-element-88b5ecc elementor-widget elementor-widget-heading\" data-id=\"88b5ecc\" data-element_type=\"widget\" id=\"ed\" data-widget_type=\"heading.default\">\n\t\t\t\t<div class=\"elementor-widget-container\">\n\t\t\t<h2 class=\"elementor-heading-title elementor-size-default\">Elektromekanik tasar\u0131m<\/h2>\t\t<\/div>\n\t\t\t\t<\/div>\n\t\t\t\t<div class=\"elementor-element elementor-element-6df89db elementor-widget elementor-widget-text-editor\" data-id=\"6df89db\" data-element_type=\"widget\" data-widget_type=\"text-editor.default\">\n\t\t\t\t<div class=\"elementor-widget-container\">\n\t\t\t\t\t\t\t<p>Trafik sinyalleri, tabelalar ve ayd\u0131nlatma gibi yol i\u015flevselli\u011fi i\u00e7in gerekli elektromekanik sistemlerin tasarlanmas\u0131. Bu, trafik y\u00f6netimi ve g\u00fcvenlik iyile\u015ftirmeleri i\u00e7in ak\u0131ll\u0131 teknolojilerin entegre edilmesini, sorunsuz trafik ak\u0131\u015f\u0131n\u0131n sa\u011flanmas\u0131n\u0131 ve kaza riskinin azalt\u0131lmas\u0131n\u0131 i\u00e7erir.<\/p>\t\t\t\t\t\t<\/div>\n\t\t\t\t<\/div>\n\t\t\t\t<\/div>\n\t\t\t\t\t<\/div>\n\t\t\t\t<\/div>\n\t\t<div class=\"elementor-element elementor-element-460fd4e e-flex e-con-boxed e-con e-parent\" data-id=\"460fd4e\" data-element_type=\"container\">\n\t\t\t\t\t<div class=\"e-con-inner\">\n\t\t<div class=\"elementor-element elementor-element-4ed4f02 e-con-full e-flex e-con e-child\" data-id=\"4ed4f02\" data-element_type=\"container\">\n\t\t\t\t<div class=\"elementor-element elementor-element-8be8eec elementor-widget elementor-widget-heading\" data-id=\"8be8eec\" data-element_type=\"widget\" id=\"de\" data-widget_type=\"heading.default\">\n\t\t\t\t<div class=\"elementor-widget-container\">\n\t\t\t<h2 class=\"elementor-heading-title elementor-size-default\">Detay m\u00fchendislik<\/h2>\t\t<\/div>\n\t\t\t\t<\/div>\n\t\t\t\t<div class=\"elementor-element elementor-element-5414cdb elementor-widget elementor-widget-text-editor\" data-id=\"5414cdb\" data-element_type=\"widget\" data-widget_type=\"text-editor.default\">\n\t\t\t\t<div class=\"elementor-widget-container\">\n\t\t\t\t\t\t\t<div class=\"flex max-w-full flex-col flex-grow\"><div class=\"min-h-8 text-message flex w-full flex-col items-end gap-2 whitespace-normal break-words [.text-message+&amp;]:mt-5\" dir=\"auto\" data-message-author-role=\"assistant\" data-message-id=\"9ca3de51-56ca-4121-a321-877c84322d46\" data-message-model-slug=\"gpt-4o\"><div class=\"flex w-full flex-col gap-1 empty:hidden first:pt-[3px]\"><div class=\"markdown prose w-full break-words dark:prose-invert dark\"><p>Yol in\u015faat projesinin her y\u00f6n\u00fcn\u00fc \u00f6zetleyen ayr\u0131nt\u0131l\u0131 m\u00fchendislik planlar\u0131 geli\u015ftirmek. Bu a\u015fama, malzemeler, in\u015faat teknikleri ve proje zaman \u00e7izelgeleri i\u00e7in \u00f6zellikleri i\u00e7erir ve in\u015faat ba\u015flamadan \u00f6nce t\u00fcm teknik gereksinimlerin a\u00e7\u0131k\u00e7a tan\u0131mlanmas\u0131n\u0131 sa\u011flar.<\/p><\/div><\/div><\/div><\/div>\t\t\t\t\t\t<\/div>\n\t\t\t\t<\/div>\n\t\t\t\t<\/div>\n\t\t<div class=\"elementor-element elementor-element-69b1ee8 e-con-full e-flex e-con e-child\" data-id=\"69b1ee8\" data-element_type=\"container\">\n\t\t\t\t<div class=\"elementor-element elementor-element-f4d2690 elementor-widget elementor-widget-image\" data-id=\"f4d2690\" data-element_type=\"widget\" data-widget_type=\"image.default\">\n\t\t\t\t<div class=\"elementor-widget-container\">\n\t\t\t\t\t\t\t\t\t\t\t\t\t<img loading=\"lazy\" decoding=\"async\" width=\"800\" height=\"534\" src=\"https:\/\/alpec.com.tr\/wp-content\/uploads\/2024\/10\/WhatsApp-Image-2024-10-31-at-20.56.27-1024x683.webp\" class=\"attachment-large size-large wp-image-1538\" alt=\"\" srcset=\"https:\/\/alpec.com.tr\/wp-content\/uploads\/2024\/10\/WhatsApp-Image-2024-10-31-at-20.56.27-1024x683.webp 1024w, https:\/\/alpec.com.tr\/wp-content\/uploads\/2024\/10\/WhatsApp-Image-2024-10-31-at-20.56.27-300x200.webp 300w, https:\/\/alpec.com.tr\/wp-content\/uploads\/2024\/10\/WhatsApp-Image-2024-10-31-at-20.56.27-768x512.webp 768w, https:\/\/alpec.com.tr\/wp-content\/uploads\/2024\/10\/WhatsApp-Image-2024-10-31-at-20.56.27-18x12.webp 18w, https:\/\/alpec.com.tr\/wp-content\/uploads\/2024\/10\/WhatsApp-Image-2024-10-31-at-20.56.27.webp 1200w\" sizes=\"(max-width: 800px) 100vw, 800px\" \/>\t\t\t\t\t\t\t\t\t\t\t\t\t<\/div>\n\t\t\t\t<\/div>\n\t\t\t\t<\/div>\n\t\t\t\t\t<\/div>\n\t\t\t\t<\/div>\n\t\t<div class=\"elementor-element elementor-element-89c11d5 e-flex e-con-boxed e-con e-parent\" data-id=\"89c11d5\" data-element_type=\"container\">\n\t\t\t\t\t<div class=\"e-con-inner\">\n\t\t<div class=\"elementor-element elementor-element-0051530 e-con-full e-flex e-con e-child\" data-id=\"0051530\" data-element_type=\"container\">\n\t\t\t\t<div class=\"elementor-element elementor-element-25c23d6 elementor-widget elementor-widget-image\" data-id=\"25c23d6\" data-element_type=\"widget\" data-widget_type=\"image.default\">\n\t\t\t\t<div class=\"elementor-widget-container\">\n\t\t\t\t\t\t\t\t\t\t\t\t\t<img loading=\"lazy\" decoding=\"async\" width=\"800\" height=\"533\" src=\"https:\/\/alpec.com.tr\/wp-content\/uploads\/2024\/10\/WhatsApp-Image-2024-10-31-at-21.48.36.webp\" class=\"attachment-large size-large wp-image-1580\" alt=\"\" srcset=\"https:\/\/alpec.com.tr\/wp-content\/uploads\/2024\/10\/WhatsApp-Image-2024-10-31-at-21.48.36.webp 1000w, https:\/\/alpec.com.tr\/wp-content\/uploads\/2024\/10\/WhatsApp-Image-2024-10-31-at-21.48.36-300x200.webp 300w, https:\/\/alpec.com.tr\/wp-content\/uploads\/2024\/10\/WhatsApp-Image-2024-10-31-at-21.48.36-768x511.webp 768w, https:\/\/alpec.com.tr\/wp-content\/uploads\/2024\/10\/WhatsApp-Image-2024-10-31-at-21.48.36-18x12.webp 18w\" sizes=\"(max-width: 800px) 100vw, 800px\" \/>\t\t\t\t\t\t\t\t\t\t\t\t\t<\/div>\n\t\t\t\t<\/div>\n\t\t\t\t<\/div>\n\t\t<div class=\"elementor-element elementor-element-a53f992 e-con-full e-flex e-con e-child\" data-id=\"a53f992\" data-element_type=\"container\">\n\t\t\t\t<div class=\"elementor-element elementor-element-ac0764a elementor-widget elementor-widget-heading\" data-id=\"ac0764a\" data-element_type=\"widget\" id=\"cd\" data-widget_type=\"heading.default\">\n\t\t\t\t<div class=\"elementor-widget-container\">\n\t\t\t<h2 class=\"elementor-heading-title elementor-size-default\">Uygulama projeleri<\/h2>\t\t<\/div>\n\t\t\t\t<\/div>\n\t\t\t\t<div class=\"elementor-element elementor-element-8c97af8 elementor-widget elementor-widget-text-editor\" data-id=\"8c97af8\" data-element_type=\"widget\" data-widget_type=\"text-editor.default\">\n\t\t\t\t<div class=\"elementor-widget-container\">\n\t\t\t\t\t\t\t<p>Yol in\u015faat\u0131 i\u00e7in kesin k\u0131lavuz g\u00f6revi g\u00f6ren ayr\u0131nt\u0131l\u0131 in\u015faat \u00e7izimleri olu\u015fturma. Bu \u00e7izimler, eksenler, kesitler, malzeme \u00f6zellikleri ve yap\u0131m talimatlar\u0131 dahil olmak \u00fczere kapsaml\u0131 bilgiler sunarak, verimli yerinde in\u015faat\u0131 ve m\u00fchendislik standartlar\u0131na uyumu kolayla\u015ft\u0131r\u0131r.<\/p>\t\t\t\t\t\t<\/div>\n\t\t\t\t<\/div>\n\t\t\t\t<\/div>\n\t\t\t\t\t<\/div>\n\t\t\t\t<\/div>\n\t\t<div class=\"elementor-element elementor-element-1251a69 e-flex e-con-boxed e-con e-parent\" data-id=\"1251a69\" data-element_type=\"container\" data-settings=\"{&quot;background_background&quot;:&quot;classic&quot;}\">\n\t\t\t\t\t<div class=\"e-con-inner\">\n\t\t\t\t<div class=\"elementor-element elementor-element-a4a6183 elementor-widget elementor-widget-heading\" data-id=\"a4a6183\" data-element_type=\"widget\" data-widget_type=\"heading.default\">\n\t\t\t\t<div class=\"elementor-widget-container\">\n\t\t\t<h3 class=\"elementor-heading-title elementor-size-default\">Birlikte neler ba\u015farabilece\u011fimizi ke\u015ffedelim.<\/h3>\t\t<\/div>\n\t\t\t\t<\/div>\n\t\t\t\t<div class=\"elementor-element elementor-element-949248e elementor-widget elementor-widget-button\" data-id=\"949248e\" data-element_type=\"widget\" data-widget_type=\"button.default\">\n\t\t\t\t<div class=\"elementor-widget-container\">\n\t\t\t\t\t\t\t<div class=\"elementor-button-wrapper\">\n\t\t\t\t\t<a class=\"elementor-button elementor-button-link elementor-size-sm\" href=\"\/tr\/contact\/\">\n\t\t\t\t\t\t<span class=\"elementor-button-content-wrapper\">\n\t\t\t\t\t\t\t\t\t<span class=\"elementor-button-text\">B\u0130ZE ULA\u015eIN<\/span>\n\t\t\t\t\t<\/span>\n\t\t\t\t\t<\/a>\n\t\t\t\t<\/div>\n\t\t\t\t\t\t<\/div>\n\t\t\t\t<\/div>\n\t\t\t\t\t<\/div>\n\t\t\t\t<\/div>\n\t\t\t\t<\/div>","protected":false},"excerpt":{"rendered":"<p>Geotechnical Design Conducting comprehensive geotechnical investigations to assess soil and rock properties, ensuring a stable foundation for road construction. This includes evaluating bearing capacity, soil compaction, and potential settlement issues to design appropriate roadbed structures that can withstand traffic loads and environmental factors. Hydraulic Calculations Performing hydraulic calculations to manage surface water runoff and drainage [&hellip;]<\/p>","protected":false},"author":1,"featured_media":0,"parent":0,"menu_order":0,"comment_status":"closed","ping_status":"closed","template":"","meta":{"footnotes":""},"categories":[],"tags":[12,10],"class_list":["post-788","page","type-page","status-publish","hentry","tag-engineering","tag-infrastructure"],"yoast_head":"<!-- This site is optimized with the Yoast SEO plugin v23.5 - https:\/\/yoast.com\/wordpress\/plugins\/seo\/ -->\n<title>Road Infrastructure Engineering - Alpec<\/title>\n<meta name=\"description\" content=\"ALPEC specializes in road infrastructure engineering, delivering sustainable and safe solutions for transportation projects.\" \/>\n<meta name=\"robots\" content=\"index, follow, max-snippet:-1, max-image-preview:large, max-video-preview:-1\" \/>\n<link rel=\"canonical\" href=\"https:\/\/alpec.com.tr\/tr\/infrastructure-engineering-roads\/\" \/>\n<meta property=\"og:locale\" content=\"tr_TR\" \/>\n<meta property=\"og:type\" content=\"article\" \/>\n<meta property=\"og:title\" content=\"Road Infrastructure Engineering - Alpec\" \/>\n<meta property=\"og:description\" content=\"ALPEC specializes in road infrastructure engineering, delivering sustainable and safe solutions for transportation projects.\" \/>\n<meta property=\"og:url\" content=\"https:\/\/alpec.com.tr\/tr\/infrastructure-engineering-roads\/\" \/>\n<meta property=\"og:site_name\" content=\"Alpec\" \/>\n<meta property=\"article:modified_time\" content=\"2024-11-17T13:50:52+00:00\" \/>\n<meta property=\"og:image\" content=\"https:\/\/alpec.com.tr\/wp-content\/uploads\/2024\/10\/WhatsApp-Image-2024-10-31-at-21.45.16.webp\" \/>\n<meta name=\"twitter:card\" content=\"summary_large_image\" \/>\n<meta name=\"twitter:label1\" content=\"Tahmini okuma s\u00fcresi\" \/>\n\t<meta name=\"twitter:data1\" content=\"3 dakika\" \/>\n<script type=\"application\/ld+json\" class=\"yoast-schema-graph\">{\"@context\":\"https:\/\/schema.org\",\"@graph\":[{\"@type\":\"WebPage\",\"@id\":\"https:\/\/alpec.com.tr\/infrastructure-engineering-roads\/\",\"url\":\"https:\/\/alpec.com.tr\/infrastructure-engineering-roads\/\",\"name\":\"Road Infrastructure Engineering - Alpec\",\"isPartOf\":{\"@id\":\"https:\/\/alpec.com.tr\/#website\"},\"primaryImageOfPage\":{\"@id\":\"https:\/\/alpec.com.tr\/infrastructure-engineering-roads\/#primaryimage\"},\"image\":{\"@id\":\"https:\/\/alpec.com.tr\/infrastructure-engineering-roads\/#primaryimage\"},\"thumbnailUrl\":\"https:\/\/alpec.com.tr\/wp-content\/uploads\/2024\/10\/WhatsApp-Image-2024-10-31-at-21.45.16.webp\",\"datePublished\":\"2024-10-23T08:39:28+00:00\",\"dateModified\":\"2024-11-17T13:50:52+00:00\",\"description\":\"ALPEC specializes in road infrastructure engineering, delivering sustainable and safe solutions for transportation projects.\",\"breadcrumb\":{\"@id\":\"https:\/\/alpec.com.tr\/infrastructure-engineering-roads\/#breadcrumb\"},\"inLanguage\":\"tr\",\"potentialAction\":[{\"@type\":\"ReadAction\",\"target\":[\"https:\/\/alpec.com.tr\/infrastructure-engineering-roads\/\"]}]},{\"@type\":\"ImageObject\",\"inLanguage\":\"tr\",\"@id\":\"https:\/\/alpec.com.tr\/infrastructure-engineering-roads\/#primaryimage\",\"url\":\"https:\/\/alpec.com.tr\/wp-content\/uploads\/2024\/10\/WhatsApp-Image-2024-10-31-at-21.45.16.webp\",\"contentUrl\":\"https:\/\/alpec.com.tr\/wp-content\/uploads\/2024\/10\/WhatsApp-Image-2024-10-31-at-21.45.16.webp\"},{\"@type\":\"BreadcrumbList\",\"@id\":\"https:\/\/alpec.com.tr\/infrastructure-engineering-roads\/#breadcrumb\",\"itemListElement\":[{\"@type\":\"ListItem\",\"position\":1,\"name\":\"Anasayfa\",\"item\":\"https:\/\/alpec.com.tr\/\"},{\"@type\":\"ListItem\",\"position\":2,\"name\":\"Roads\"}]},{\"@type\":\"WebSite\",\"@id\":\"https:\/\/alpec.com.tr\/#website\",\"url\":\"https:\/\/alpec.com.tr\/\",\"name\":\"Alpec\",\"description\":\"Precision in design, excellence in execution\",\"publisher\":{\"@id\":\"https:\/\/alpec.com.tr\/#organization\"},\"potentialAction\":[{\"@type\":\"SearchAction\",\"target\":{\"@type\":\"EntryPoint\",\"urlTemplate\":\"https:\/\/alpec.com.tr\/?s={search_term_string}\"},\"query-input\":{\"@type\":\"PropertyValueSpecification\",\"valueRequired\":true,\"valueName\":\"search_term_string\"}}],\"inLanguage\":\"tr\"},{\"@type\":\"Organization\",\"@id\":\"https:\/\/alpec.com.tr\/#organization\",\"name\":\"Alpec\",\"url\":\"https:\/\/alpec.com.tr\/\",\"logo\":{\"@type\":\"ImageObject\",\"inLanguage\":\"tr\",\"@id\":\"https:\/\/alpec.com.tr\/#\/schema\/logo\/image\/\",\"url\":\"https:\/\/alpec.com.tr\/wp-content\/uploads\/2024\/10\/WhatsApp_Image_2024-10-26_at_21.13.41__1_-removebg-preview.png\",\"contentUrl\":\"https:\/\/alpec.com.tr\/wp-content\/uploads\/2024\/10\/WhatsApp_Image_2024-10-26_at_21.13.41__1_-removebg-preview.png\",\"width\":500,\"height\":500,\"caption\":\"Alpec\"},\"image\":{\"@id\":\"https:\/\/alpec.com.tr\/#\/schema\/logo\/image\/\"}}]}<\/script>\n<!-- \/ Yoast SEO plugin. -->","yoast_head_json":{"title":"Road Infrastructure Engineering - Alpec","description":"ALPEC specializes in road infrastructure engineering, delivering sustainable and safe solutions for transportation projects.","robots":{"index":"index","follow":"follow","max-snippet":"max-snippet:-1","max-image-preview":"max-image-preview:large","max-video-preview":"max-video-preview:-1"},"canonical":"https:\/\/alpec.com.tr\/tr\/infrastructure-engineering-roads\/","og_locale":"tr_TR","og_type":"article","og_title":"Road Infrastructure Engineering - Alpec","og_description":"ALPEC specializes in road infrastructure engineering, delivering sustainable and safe solutions for transportation projects.","og_url":"https:\/\/alpec.com.tr\/tr\/infrastructure-engineering-roads\/","og_site_name":"Alpec","article_modified_time":"2024-11-17T13:50:52+00:00","og_image":[{"url":"https:\/\/alpec.com.tr\/wp-content\/uploads\/2024\/10\/WhatsApp-Image-2024-10-31-at-21.45.16.webp"}],"twitter_card":"summary_large_image","twitter_misc":{"Tahmini okuma s\u00fcresi":"3 dakika"},"schema":{"@context":"https:\/\/schema.org","@graph":[{"@type":"WebPage","@id":"https:\/\/alpec.com.tr\/infrastructure-engineering-roads\/","url":"https:\/\/alpec.com.tr\/infrastructure-engineering-roads\/","name":"Road Infrastructure Engineering - Alpec","isPartOf":{"@id":"https:\/\/alpec.com.tr\/#website"},"primaryImageOfPage":{"@id":"https:\/\/alpec.com.tr\/infrastructure-engineering-roads\/#primaryimage"},"image":{"@id":"https:\/\/alpec.com.tr\/infrastructure-engineering-roads\/#primaryimage"},"thumbnailUrl":"https:\/\/alpec.com.tr\/wp-content\/uploads\/2024\/10\/WhatsApp-Image-2024-10-31-at-21.45.16.webp","datePublished":"2024-10-23T08:39:28+00:00","dateModified":"2024-11-17T13:50:52+00:00","description":"ALPEC specializes in road infrastructure engineering, delivering sustainable and safe solutions for transportation projects.","breadcrumb":{"@id":"https:\/\/alpec.com.tr\/infrastructure-engineering-roads\/#breadcrumb"},"inLanguage":"tr","potentialAction":[{"@type":"ReadAction","target":["https:\/\/alpec.com.tr\/infrastructure-engineering-roads\/"]}]},{"@type":"ImageObject","inLanguage":"tr","@id":"https:\/\/alpec.com.tr\/infrastructure-engineering-roads\/#primaryimage","url":"https:\/\/alpec.com.tr\/wp-content\/uploads\/2024\/10\/WhatsApp-Image-2024-10-31-at-21.45.16.webp","contentUrl":"https:\/\/alpec.com.tr\/wp-content\/uploads\/2024\/10\/WhatsApp-Image-2024-10-31-at-21.45.16.webp"},{"@type":"BreadcrumbList","@id":"https:\/\/alpec.com.tr\/infrastructure-engineering-roads\/#breadcrumb","itemListElement":[{"@type":"ListItem","position":1,"name":"Anasayfa","item":"https:\/\/alpec.com.tr\/"},{"@type":"ListItem","position":2,"name":"Roads"}]},{"@type":"WebSite","@id":"https:\/\/alpec.com.tr\/#website","url":"https:\/\/alpec.com.tr\/","name":"Alpec","description":"Precision in design, excellence in execution","publisher":{"@id":"https:\/\/alpec.com.tr\/#organization"},"potentialAction":[{"@type":"SearchAction","target":{"@type":"EntryPoint","urlTemplate":"https:\/\/alpec.com.tr\/?s={search_term_string}"},"query-input":{"@type":"PropertyValueSpecification","valueRequired":true,"valueName":"search_term_string"}}],"inLanguage":"tr"},{"@type":"Organization","@id":"https:\/\/alpec.com.tr\/#organization","name":"Alpec","url":"https:\/\/alpec.com.tr\/","logo":{"@type":"ImageObject","inLanguage":"tr","@id":"https:\/\/alpec.com.tr\/#\/schema\/logo\/image\/","url":"https:\/\/alpec.com.tr\/wp-content\/uploads\/2024\/10\/WhatsApp_Image_2024-10-26_at_21.13.41__1_-removebg-preview.png","contentUrl":"https:\/\/alpec.com.tr\/wp-content\/uploads\/2024\/10\/WhatsApp_Image_2024-10-26_at_21.13.41__1_-removebg-preview.png","width":500,"height":500,"caption":"Alpec"},"image":{"@id":"https:\/\/alpec.com.tr\/#\/schema\/logo\/image\/"}}]}},"_links":{"self":[{"href":"https:\/\/alpec.com.tr\/tr\/wp-json\/wp\/v2\/pages\/788","targetHints":{"allow":["GET"]}}],"collection":[{"href":"https:\/\/alpec.com.tr\/tr\/wp-json\/wp\/v2\/pages"}],"about":[{"href":"https:\/\/alpec.com.tr\/tr\/wp-json\/wp\/v2\/types\/page"}],"author":[{"embeddable":true,"href":"https:\/\/alpec.com.tr\/tr\/wp-json\/wp\/v2\/users\/1"}],"replies":[{"embeddable":true,"href":"https:\/\/alpec.com.tr\/tr\/wp-json\/wp\/v2\/comments?post=788"}],"version-history":[{"count":7,"href":"https:\/\/alpec.com.tr\/tr\/wp-json\/wp\/v2\/pages\/788\/revisions"}],"predecessor-version":[{"id":1914,"href":"https:\/\/alpec.com.tr\/tr\/wp-json\/wp\/v2\/pages\/788\/revisions\/1914"}],"wp:attachment":[{"href":"https:\/\/alpec.com.tr\/tr\/wp-json\/wp\/v2\/media?parent=788"}],"wp:term":[{"taxonomy":"category","embeddable":true,"href":"https:\/\/alpec.com.tr\/tr\/wp-json\/wp\/v2\/categories?post=788"},{"taxonomy":"post_tag","embeddable":true,"href":"https:\/\/alpec.com.tr\/tr\/wp-json\/wp\/v2\/tags?post=788"}],"curies":[{"name":"wp","href":"https:\/\/api.w.org\/{rel}","templated":true}]}}