{"id":958,"date":"2024-10-24T11:14:27","date_gmt":"2024-10-24T11:14:27","guid":{"rendered":"https:\/\/alpec.com.tr\/?page_id=958"},"modified":"2024-11-25T14:40:52","modified_gmt":"2024-11-25T14:40:52","slug":"mining-amp-construction","status":"publish","type":"page","link":"https:\/\/alpec.com.tr\/tr\/mining-amp-construction\/","title":{"rendered":"Maden \u0130n\u015faatlar\u0131"},"content":{"rendered":"<div data-elementor-type=\"wp-page\" data-elementor-id=\"958\" class=\"elementor elementor-958\">\n\t\t\t\t<div class=\"elementor-element elementor-element-7918fcd e-flex e-con-boxed e-con e-parent\" data-id=\"7918fcd\" data-element_type=\"container\">\n\t\t\t\t\t<div class=\"e-con-inner\">\n\t\t<div class=\"elementor-element elementor-element-fb8d9ed e-con-full e-flex e-con e-child\" data-id=\"fb8d9ed\" data-element_type=\"container\">\n\t\t<div class=\"elementor-element elementor-element-39156d6 e-con-full e-flex e-con e-child\" data-id=\"39156d6\" data-element_type=\"container\">\n\t\t\t\t<div class=\"elementor-element elementor-element-8c5b8e1 elementor-widget elementor-widget-image\" data-id=\"8c5b8e1\" data-element_type=\"widget\" data-widget_type=\"image.default\">\n\t\t\t\t<div class=\"elementor-widget-container\">\n\t\t\t\t\t\t\t\t\t\t\t\t\t<img fetchpriority=\"high\" decoding=\"async\" width=\"800\" height=\"482\" src=\"https:\/\/alpec.com.tr\/wp-content\/uploads\/2024\/10\/WhatsApp-Image-2024-10-30-at-15.34.12.webp\" class=\"attachment-large size-large wp-image-1289\" alt=\"\" srcset=\"https:\/\/alpec.com.tr\/wp-content\/uploads\/2024\/10\/WhatsApp-Image-2024-10-30-at-15.34.12.webp 1000w, https:\/\/alpec.com.tr\/wp-content\/uploads\/2024\/10\/WhatsApp-Image-2024-10-30-at-15.34.12-300x181.webp 300w, https:\/\/alpec.com.tr\/wp-content\/uploads\/2024\/10\/WhatsApp-Image-2024-10-30-at-15.34.12-768x462.webp 768w, https:\/\/alpec.com.tr\/wp-content\/uploads\/2024\/10\/WhatsApp-Image-2024-10-30-at-15.34.12-18x12.webp 18w\" sizes=\"(max-width: 800px) 100vw, 800px\" \/>\t\t\t\t\t\t\t\t\t\t\t\t\t<\/div>\n\t\t\t\t<\/div>\n\t\t\t\t<\/div>\n\t\t<div class=\"elementor-element elementor-element-51cdba4 e-con-full e-flex e-con e-child\" data-id=\"51cdba4\" data-element_type=\"container\">\n\t\t\t\t<div class=\"elementor-element elementor-element-d0b0b75 elementor-widget elementor-widget-heading\" data-id=\"d0b0b75\" data-element_type=\"widget\" id=\"mdcu\" data-widget_type=\"heading.default\">\n\t\t\t\t<div class=\"elementor-widget-container\">\n\t\t\t<h2 class=\"elementor-heading-title elementor-size-default\">Yeralt\u0131 (UG) ve A\u00e7\u0131k Ocak (OP) \u0130\u00e7in Maden Haz\u0131rl\u0131k S\u00f6zle\u015fmeleri<\/h2>\t\t<\/div>\n\t\t\t\t<\/div>\n\t\t\t\t<div class=\"elementor-element elementor-element-a48db7d elementor-widget elementor-widget-text-editor\" data-id=\"a48db7d\" data-element_type=\"widget\" data-widget_type=\"text-editor.default\">\n\t\t\t\t<div class=\"elementor-widget-container\">\n\t\t\t\t\t\t\t<p>Maden geli\u015ftirme s\u00f6zle\u015fme hizmetlerimiz hem yeralt\u0131 (UG) hem de a\u00e7\u0131k ocak (OP) madencilik projelerini kapsayarak verimlili\u011fi ve g\u00fcvenli\u011fi optimize eden \u00f6zel \u00e7\u00f6z\u00fcmler sunar. Maden geli\u015ftirmede yer alan karma\u015f\u0131kl\u0131klar\u0131 anl\u0131yor ve fizibilite \u00e7al\u0131\u015fmalar\u0131ndan uygulamaya kadar proje y\u00f6netiminde kapsaml\u0131 deneyim getiriyoruz. Yakla\u015f\u0131m\u0131m\u0131z, yaln\u0131zca varl\u0131klar\u0131n\u0131z\u0131 korumakla kalmay\u0131p ayn\u0131 zamanda s\u00fcrd\u00fcr\u00fclebilir bir madencilik operasyonunu da destekleyen g\u00fcvenli\u011fi, d\u00fczenleyici uyumlulu\u011fu ve \u00e7evre y\u00f6netimini \u00f6nceliklendirir. Bizi se\u00e7erek, yenilik\u00e7i tekniklerimizden, yetenekli i\u015f g\u00fcc\u00fcm\u00fczden ve projeleri zaman\u0131nda ve b\u00fct\u00e7e dahilinde teslim etme taahh\u00fcd\u00fcm\u00fczden yararlan\u0131rs\u0131n\u0131z.<\/p>\t\t\t\t\t\t<\/div>\n\t\t\t\t<\/div>\n\t\t\t\t<\/div>\n\t\t\t\t<\/div>\n\t\t<div class=\"elementor-element elementor-element-ba49744 e-con-full e-flex e-con e-child\" data-id=\"ba49744\" data-element_type=\"container\">\n\t\t<div class=\"elementor-element elementor-element-32f5642 e-con-full e-flex e-con e-child\" data-id=\"32f5642\" data-element_type=\"container\">\n\t\t\t\t<div class=\"elementor-element elementor-element-8885a48 elementor-widget elementor-widget-heading\" data-id=\"8885a48\" data-element_type=\"widget\" id=\"vs\" data-widget_type=\"heading.default\">\n\t\t\t\t<div class=\"elementor-widget-container\">\n\t\t\t<h2 class=\"elementor-heading-title elementor-size-default\">Havaland\u0131rma Sistemleri<\/h2>\t\t<\/div>\n\t\t\t\t<\/div>\n\t\t\t\t<div class=\"elementor-element elementor-element-8accfbd elementor-widget elementor-widget-text-editor\" data-id=\"8accfbd\" data-element_type=\"widget\" data-widget_type=\"text-editor.default\">\n\t\t\t\t<div class=\"elementor-widget-container\">\n\t\t\t\t\t\t\t<p>Etkili havaland\u0131rma sistemleri, yeralt\u0131 madencilik operasyonlar\u0131n\u0131n g\u00fcvenli\u011fi ve verimlili\u011fi i\u00e7in kritik \u00f6neme sahiptir. Ekibimiz, optimum hava ak\u0131\u015f\u0131 ve hava kalitesini garanti eden \u00f6zelle\u015ftirilmi\u015f havaland\u0131rma \u00e7\u00f6z\u00fcmleri tasarlamak ve uygulamak konusunda uzmanla\u015fm\u0131\u015ft\u0131r. Enerji t\u00fcketimini en aza indirirken performans\u0131 en \u00fcst d\u00fczeye \u00e7\u0131karan havaland\u0131rma sistemleri olu\u015fturmak i\u00e7in geli\u015fmi\u015f teknolojilerden ve m\u00fchendislik uygulamalar\u0131ndan yararlan\u0131yoruz. Hizmetlerimizi se\u00e7erek, personeliniz i\u00e7in daha g\u00fcvenli bir \u00e7al\u0131\u015fma ortam\u0131, s\u0131k\u0131 sa\u011fl\u0131k ve g\u00fcvenlik y\u00f6netmeliklerine uyumu garanti edersiniz.<\/p>\t\t\t\t\t\t<\/div>\n\t\t\t\t<\/div>\n\t\t\t\t<\/div>\n\t\t<div class=\"elementor-element elementor-element-473748f e-con-full e-flex e-con e-child\" data-id=\"473748f\" data-element_type=\"container\">\n\t\t\t\t<div class=\"elementor-element elementor-element-ecc3832 elementor-widget elementor-widget-image\" data-id=\"ecc3832\" data-element_type=\"widget\" data-widget_type=\"image.default\">\n\t\t\t\t<div class=\"elementor-widget-container\">\n\t\t\t\t\t\t\t\t\t\t\t\t\t<img decoding=\"async\" width=\"720\" height=\"305\" src=\"https:\/\/alpec.com.tr\/wp-content\/uploads\/2024\/10\/ventilation-construct.webp\" class=\"attachment-large size-large wp-image-934\" alt=\"\" srcset=\"https:\/\/alpec.com.tr\/wp-content\/uploads\/2024\/10\/ventilation-construct.webp 720w, https:\/\/alpec.com.tr\/wp-content\/uploads\/2024\/10\/ventilation-construct-300x127.webp 300w\" sizes=\"(max-width: 720px) 100vw, 720px\" \/>\t\t\t\t\t\t\t\t\t\t\t\t\t<\/div>\n\t\t\t\t<\/div>\n\t\t\t\t<\/div>\n\t\t\t\t<\/div>\n\t\t<div class=\"elementor-element elementor-element-ee0f994 e-con-full e-flex e-con e-child\" data-id=\"ee0f994\" data-element_type=\"container\">\n\t\t<div class=\"elementor-element elementor-element-8011d59 e-con-full e-flex e-con e-child\" data-id=\"8011d59\" data-element_type=\"container\">\n\t\t\t\t<div class=\"elementor-element elementor-element-1489055 elementor-widget elementor-widget-image\" data-id=\"1489055\" data-element_type=\"widget\" data-widget_type=\"image.default\">\n\t\t\t\t<div class=\"elementor-widget-container\">\n\t\t\t\t\t\t\t\t\t\t\t\t\t<img decoding=\"async\" width=\"800\" height=\"600\" src=\"https:\/\/alpec.com.tr\/wp-content\/uploads\/2024\/10\/mine-dewatering-1024x768.webp\" class=\"attachment-large size-large wp-image-930\" alt=\"\" srcset=\"https:\/\/alpec.com.tr\/wp-content\/uploads\/2024\/10\/mine-dewatering-1024x768.webp 1024w, https:\/\/alpec.com.tr\/wp-content\/uploads\/2024\/10\/mine-dewatering-300x225.webp 300w, https:\/\/alpec.com.tr\/wp-content\/uploads\/2024\/10\/mine-dewatering-768x576.webp 768w, https:\/\/alpec.com.tr\/wp-content\/uploads\/2024\/10\/mine-dewatering-1536x1152.webp 1536w, https:\/\/alpec.com.tr\/wp-content\/uploads\/2024\/10\/mine-dewatering.webp 1592w\" sizes=\"(max-width: 800px) 100vw, 800px\" \/>\t\t\t\t\t\t\t\t\t\t\t\t\t<\/div>\n\t\t\t\t<\/div>\n\t\t\t\t<\/div>\n\t\t<div class=\"elementor-element elementor-element-38f601e e-con-full e-flex e-con e-child\" data-id=\"38f601e\" data-element_type=\"container\">\n\t\t\t\t<div class=\"elementor-element elementor-element-6761a5c elementor-widget elementor-widget-heading\" data-id=\"6761a5c\" data-element_type=\"widget\" id=\"ds\" data-widget_type=\"heading.default\">\n\t\t\t\t<div class=\"elementor-widget-container\">\n\t\t\t<h2 class=\"elementor-heading-title elementor-size-default\">Drenaj Sistemleri<\/h2>\t\t<\/div>\n\t\t\t\t<\/div>\n\t\t\t\t<div class=\"elementor-element elementor-element-5a3f997 elementor-widget elementor-widget-text-editor\" data-id=\"5a3f997\" data-element_type=\"widget\" data-widget_type=\"text-editor.default\">\n\t\t\t\t<div class=\"elementor-widget-container\">\n\t\t\t\t\t\t\t<p>Yeralt\u0131 suyunu y\u00f6netmek, herhangi bir madencilik projesinin ba\u015far\u0131l\u0131 bir \u015fekilde i\u015fletilmesi i\u00e7in olmazsa olmazd\u0131r. Drenaj sistemlerimiz, madencilik operasyonlar\u0131n\u0131n \u00fcretken ve g\u00fcvenli kalmas\u0131n\u0131 sa\u011flayarak, de\u011fi\u015fen saha ko\u015fullar\u0131 ve su giri\u015f h\u0131zlar\u0131n\u0131 idare etmek i\u00e7in uzmanca tasarlanm\u0131\u015ft\u0131r. Projenizin \u00f6zel ihtiya\u00e7lar\u0131na g\u00f6re uyarlanm\u0131\u015f etkili drenaj stratejileri geli\u015ftirmek i\u00e7in son teknoloji ekipman ve metodolojiler kullan\u0131yoruz. G\u00fcvenilirlik ve verimlili\u011fe odaklanmam\u0131z, saha istikrar\u0131n\u0131 korumak ve operasyonel kesintileri azaltmak, yat\u0131r\u0131m\u0131n\u0131z\u0131 korumak ve genel \u00fcretkenli\u011fi art\u0131rmak i\u00e7in \u00e7\u00f6z\u00fcmlerimize g\u00fcvenebilece\u011finiz anlam\u0131na gelir.<\/p>\t\t\t\t\t\t<\/div>\n\t\t\t\t<\/div>\n\t\t\t\t<\/div>\n\t\t\t\t<\/div>\n\t\t<div class=\"elementor-element elementor-element-c1f2e38 e-con-full e-flex e-con e-child\" data-id=\"c1f2e38\" data-element_type=\"container\">\n\t\t<div class=\"elementor-element elementor-element-b57c445 e-con-full e-flex e-con e-child\" data-id=\"b57c445\" data-element_type=\"container\">\n\t\t\t\t<div class=\"elementor-element elementor-element-3faab8d elementor-widget elementor-widget-heading\" data-id=\"3faab8d\" data-element_type=\"widget\" id=\"bs\" data-widget_type=\"heading.default\">\n\t\t\t\t<div class=\"elementor-widget-container\">\n\t\t\t<h2 class=\"elementor-heading-title elementor-size-default\">Geri Dolgu Sistemleri<\/h2>\t\t<\/div>\n\t\t\t\t<\/div>\n\t\t\t\t<div class=\"elementor-element elementor-element-e1c1aad elementor-widget elementor-widget-text-editor\" data-id=\"e1c1aad\" data-element_type=\"widget\" data-widget_type=\"text-editor.default\">\n\t\t\t\t<div class=\"elementor-widget-container\">\n\t\t\t\t\t\t\t<p>Geri dolgu sistemlerimiz, madencilik operasyonlar\u0131 s\u0131ras\u0131nda yap\u0131sal b\u00fct\u00fcnl\u00fc\u011f\u00fc desteklemek ve \u00e7evresel etkiyi en aza indirmek i\u00e7in tasarlanm\u0131\u015ft\u0131r. Madencilik s\u0131ras\u0131nda \u00e7\u0131kar\u0131lan malzemelerin kullan\u0131m\u0131n\u0131 optimize eden geri dolgu \u00e7\u00f6z\u00fcmlerinin tasar\u0131m\u0131ndan uygulanmas\u0131na kadar kapsaml\u0131 hizmetler sunuyoruz. Ekibimiz, y\u00fczey tesisleri, yer alt\u0131 tesisleri ve iletim sistemleri dahil olmak \u00fczere komple geri dolgu sistemlerinin in\u015fas\u0131nda olduk\u00e7a deneyimlidir. Alpec, t\u00fcm bu in\u015faat s\u00fcre\u00e7lerinde s\u00fcrd\u00fcr\u00fclebilir uygulamalar\u0131n ve d\u00fczenleyici uyumlulu\u011fun \u00f6nemine dikkat eder.<\/p>\t\t\t\t\t\t<\/div>\n\t\t\t\t<\/div>\n\t\t\t\t<\/div>\n\t\t<div class=\"elementor-element elementor-element-74a7973 e-con-full e-flex e-con e-child\" data-id=\"74a7973\" data-element_type=\"container\">\n\t\t\t\t<div class=\"elementor-element elementor-element-8a92246 elementor-widget elementor-widget-image\" data-id=\"8a92246\" data-element_type=\"widget\" data-widget_type=\"image.default\">\n\t\t\t\t<div class=\"elementor-widget-container\">\n\t\t\t\t\t\t\t\t\t\t\t\t\t<img loading=\"lazy\" decoding=\"async\" width=\"1600\" height=\"1200\" src=\"https:\/\/alpec.com.tr\/wp-content\/uploads\/2024\/10\/mining-backfill.webp\" class=\"attachment-full size-full wp-image-923\" alt=\"\" srcset=\"https:\/\/alpec.com.tr\/wp-content\/uploads\/2024\/10\/mining-backfill.webp 1600w, https:\/\/alpec.com.tr\/wp-content\/uploads\/2024\/10\/mining-backfill-300x225.webp 300w, https:\/\/alpec.com.tr\/wp-content\/uploads\/2024\/10\/mining-backfill-1024x768.webp 1024w, https:\/\/alpec.com.tr\/wp-content\/uploads\/2024\/10\/mining-backfill-768x576.webp 768w, https:\/\/alpec.com.tr\/wp-content\/uploads\/2024\/10\/mining-backfill-1536x1152.webp 1536w\" sizes=\"(max-width: 1600px) 100vw, 1600px\" \/>\t\t\t\t\t\t\t\t\t\t\t\t\t<\/div>\n\t\t\t\t<\/div>\n\t\t\t\t<\/div>\n\t\t\t\t<\/div>\n\t\t\t\t\t<\/div>\n\t\t\t\t<\/div>\n\t\t<div class=\"elementor-element elementor-element-1251a69 e-flex e-con-boxed e-con e-parent\" data-id=\"1251a69\" data-element_type=\"container\" data-settings=\"{&quot;background_background&quot;:&quot;classic&quot;}\">\n\t\t\t\t\t<div class=\"e-con-inner\">\n\t\t\t\t<div class=\"elementor-element elementor-element-a4a6183 elementor-widget elementor-widget-heading\" data-id=\"a4a6183\" data-element_type=\"widget\" data-widget_type=\"heading.default\">\n\t\t\t\t<div class=\"elementor-widget-container\">\n\t\t\t<h3 class=\"elementor-heading-title elementor-size-default\">Birlikte neler ba\u015farabilece\u011fimizi ke\u015ffedelim.<\/h3>\t\t<\/div>\n\t\t\t\t<\/div>\n\t\t\t\t<div class=\"elementor-element elementor-element-949248e elementor-widget elementor-widget-button\" data-id=\"949248e\" data-element_type=\"widget\" data-widget_type=\"button.default\">\n\t\t\t\t<div class=\"elementor-widget-container\">\n\t\t\t\t\t\t\t<div class=\"elementor-button-wrapper\">\n\t\t\t\t\t<a class=\"elementor-button elementor-button-link elementor-size-sm\" href=\"\/tr\/contact\/\">\n\t\t\t\t\t\t<span class=\"elementor-button-content-wrapper\">\n\t\t\t\t\t\t\t\t\t<span class=\"elementor-button-text\">B\u0130ZE ULA\u015eIN<\/span>\n\t\t\t\t\t<\/span>\n\t\t\t\t\t<\/a>\n\t\t\t\t<\/div>\n\t\t\t\t\t\t<\/div>\n\t\t\t\t<\/div>\n\t\t\t\t\t<\/div>\n\t\t\t\t<\/div>\n\t\t\t\t<\/div>","protected":false},"excerpt":{"rendered":"<p>Mine Development Contracting for Underground (UG) and Open Pit (OP) Our mine development contracting services encompass both underground (UG) and open-pit (OP) mining projects, ensuring tailored solutions that optimize efficiency and safety. We understand the complexities involved in mine development and bring extensive experience in project management, from feasibility studies to execution. Our approach prioritizes [&hellip;]<\/p>","protected":false},"author":1,"featured_media":0,"parent":0,"menu_order":0,"comment_status":"closed","ping_status":"closed","template":"","meta":{"footnotes":""},"categories":[],"tags":[13,7],"class_list":["post-958","page","type-page","status-publish","hentry","tag-construction","tag-mining"],"yoast_head":"<!-- This site is optimized with the Yoast SEO plugin v23.5 - https:\/\/yoast.com\/wordpress\/plugins\/seo\/ -->\n<title>Mining &amp; Construction Solutions - Alpec<\/title>\n<meta name=\"description\" content=\"ALPEC provides comprehensive mining and construction services, delivering high-quality solutions for large-scale infrastructure projects.\" \/>\n<meta name=\"robots\" content=\"index, follow, max-snippet:-1, max-image-preview:large, max-video-preview:-1\" \/>\n<link rel=\"canonical\" href=\"https:\/\/alpec.com.tr\/tr\/mining-amp-construction\/\" \/>\n<meta property=\"og:locale\" content=\"tr_TR\" \/>\n<meta property=\"og:type\" content=\"article\" \/>\n<meta property=\"og:title\" content=\"Mining &amp; Construction Solutions - Alpec\" \/>\n<meta property=\"og:description\" content=\"ALPEC provides comprehensive mining and construction services, delivering high-quality solutions for large-scale infrastructure projects.\" \/>\n<meta property=\"og:url\" content=\"https:\/\/alpec.com.tr\/tr\/mining-amp-construction\/\" \/>\n<meta property=\"og:site_name\" content=\"Alpec\" \/>\n<meta property=\"article:modified_time\" content=\"2024-11-25T14:40:52+00:00\" \/>\n<meta property=\"og:image\" content=\"https:\/\/alpec.com.tr\/wp-content\/uploads\/2024\/10\/WhatsApp-Image-2024-10-30-at-15.34.12.webp\" \/>\n<meta name=\"twitter:card\" content=\"summary_large_image\" \/>\n<meta name=\"twitter:label1\" content=\"Tahmini okuma s\u00fcresi\" \/>\n\t<meta name=\"twitter:data1\" content=\"3 dakika\" \/>\n<script type=\"application\/ld+json\" class=\"yoast-schema-graph\">{\"@context\":\"https:\/\/schema.org\",\"@graph\":[{\"@type\":\"WebPage\",\"@id\":\"https:\/\/alpec.com.tr\/mining-amp-construction\/\",\"url\":\"https:\/\/alpec.com.tr\/mining-amp-construction\/\",\"name\":\"Mining & Construction Solutions - Alpec\",\"isPartOf\":{\"@id\":\"https:\/\/alpec.com.tr\/#website\"},\"primaryImageOfPage\":{\"@id\":\"https:\/\/alpec.com.tr\/mining-amp-construction\/#primaryimage\"},\"image\":{\"@id\":\"https:\/\/alpec.com.tr\/mining-amp-construction\/#primaryimage\"},\"thumbnailUrl\":\"https:\/\/alpec.com.tr\/wp-content\/uploads\/2024\/10\/WhatsApp-Image-2024-10-30-at-15.34.12.webp\",\"datePublished\":\"2024-10-24T11:14:27+00:00\",\"dateModified\":\"2024-11-25T14:40:52+00:00\",\"description\":\"ALPEC provides comprehensive mining and construction services, delivering high-quality solutions for large-scale infrastructure projects.\",\"breadcrumb\":{\"@id\":\"https:\/\/alpec.com.tr\/mining-amp-construction\/#breadcrumb\"},\"inLanguage\":\"tr\",\"potentialAction\":[{\"@type\":\"ReadAction\",\"target\":[\"https:\/\/alpec.com.tr\/mining-amp-construction\/\"]}]},{\"@type\":\"ImageObject\",\"inLanguage\":\"tr\",\"@id\":\"https:\/\/alpec.com.tr\/mining-amp-construction\/#primaryimage\",\"url\":\"https:\/\/alpec.com.tr\/wp-content\/uploads\/2024\/10\/WhatsApp-Image-2024-10-30-at-15.34.12.webp\",\"contentUrl\":\"https:\/\/alpec.com.tr\/wp-content\/uploads\/2024\/10\/WhatsApp-Image-2024-10-30-at-15.34.12.webp\"},{\"@type\":\"BreadcrumbList\",\"@id\":\"https:\/\/alpec.com.tr\/mining-amp-construction\/#breadcrumb\",\"itemListElement\":[{\"@type\":\"ListItem\",\"position\":1,\"name\":\"Anasayfa\",\"item\":\"https:\/\/alpec.com.tr\/\"},{\"@type\":\"ListItem\",\"position\":2,\"name\":\"Mining Constructions\"}]},{\"@type\":\"WebSite\",\"@id\":\"https:\/\/alpec.com.tr\/#website\",\"url\":\"https:\/\/alpec.com.tr\/\",\"name\":\"Alpec\",\"description\":\"Precision in design, excellence in execution\",\"publisher\":{\"@id\":\"https:\/\/alpec.com.tr\/#organization\"},\"potentialAction\":[{\"@type\":\"SearchAction\",\"target\":{\"@type\":\"EntryPoint\",\"urlTemplate\":\"https:\/\/alpec.com.tr\/?s={search_term_string}\"},\"query-input\":{\"@type\":\"PropertyValueSpecification\",\"valueRequired\":true,\"valueName\":\"search_term_string\"}}],\"inLanguage\":\"tr\"},{\"@type\":\"Organization\",\"@id\":\"https:\/\/alpec.com.tr\/#organization\",\"name\":\"Alpec\",\"url\":\"https:\/\/alpec.com.tr\/\",\"logo\":{\"@type\":\"ImageObject\",\"inLanguage\":\"tr\",\"@id\":\"https:\/\/alpec.com.tr\/#\/schema\/logo\/image\/\",\"url\":\"https:\/\/alpec.com.tr\/wp-content\/uploads\/2024\/10\/WhatsApp_Image_2024-10-26_at_21.13.41__1_-removebg-preview.png\",\"contentUrl\":\"https:\/\/alpec.com.tr\/wp-content\/uploads\/2024\/10\/WhatsApp_Image_2024-10-26_at_21.13.41__1_-removebg-preview.png\",\"width\":500,\"height\":500,\"caption\":\"Alpec\"},\"image\":{\"@id\":\"https:\/\/alpec.com.tr\/#\/schema\/logo\/image\/\"}}]}<\/script>\n<!-- \/ Yoast SEO plugin. -->","yoast_head_json":{"title":"Mining & Construction Solutions - Alpec","description":"ALPEC provides comprehensive mining and construction services, delivering high-quality solutions for large-scale infrastructure projects.","robots":{"index":"index","follow":"follow","max-snippet":"max-snippet:-1","max-image-preview":"max-image-preview:large","max-video-preview":"max-video-preview:-1"},"canonical":"https:\/\/alpec.com.tr\/tr\/mining-amp-construction\/","og_locale":"tr_TR","og_type":"article","og_title":"Mining & Construction Solutions - Alpec","og_description":"ALPEC provides comprehensive mining and construction services, delivering high-quality solutions for large-scale infrastructure projects.","og_url":"https:\/\/alpec.com.tr\/tr\/mining-amp-construction\/","og_site_name":"Alpec","article_modified_time":"2024-11-25T14:40:52+00:00","og_image":[{"url":"https:\/\/alpec.com.tr\/wp-content\/uploads\/2024\/10\/WhatsApp-Image-2024-10-30-at-15.34.12.webp"}],"twitter_card":"summary_large_image","twitter_misc":{"Tahmini okuma s\u00fcresi":"3 dakika"},"schema":{"@context":"https:\/\/schema.org","@graph":[{"@type":"WebPage","@id":"https:\/\/alpec.com.tr\/mining-amp-construction\/","url":"https:\/\/alpec.com.tr\/mining-amp-construction\/","name":"Mining & Construction Solutions - Alpec","isPartOf":{"@id":"https:\/\/alpec.com.tr\/#website"},"primaryImageOfPage":{"@id":"https:\/\/alpec.com.tr\/mining-amp-construction\/#primaryimage"},"image":{"@id":"https:\/\/alpec.com.tr\/mining-amp-construction\/#primaryimage"},"thumbnailUrl":"https:\/\/alpec.com.tr\/wp-content\/uploads\/2024\/10\/WhatsApp-Image-2024-10-30-at-15.34.12.webp","datePublished":"2024-10-24T11:14:27+00:00","dateModified":"2024-11-25T14:40:52+00:00","description":"ALPEC provides comprehensive mining and construction services, delivering high-quality solutions for large-scale infrastructure projects.","breadcrumb":{"@id":"https:\/\/alpec.com.tr\/mining-amp-construction\/#breadcrumb"},"inLanguage":"tr","potentialAction":[{"@type":"ReadAction","target":["https:\/\/alpec.com.tr\/mining-amp-construction\/"]}]},{"@type":"ImageObject","inLanguage":"tr","@id":"https:\/\/alpec.com.tr\/mining-amp-construction\/#primaryimage","url":"https:\/\/alpec.com.tr\/wp-content\/uploads\/2024\/10\/WhatsApp-Image-2024-10-30-at-15.34.12.webp","contentUrl":"https:\/\/alpec.com.tr\/wp-content\/uploads\/2024\/10\/WhatsApp-Image-2024-10-30-at-15.34.12.webp"},{"@type":"BreadcrumbList","@id":"https:\/\/alpec.com.tr\/mining-amp-construction\/#breadcrumb","itemListElement":[{"@type":"ListItem","position":1,"name":"Anasayfa","item":"https:\/\/alpec.com.tr\/"},{"@type":"ListItem","position":2,"name":"Mining Constructions"}]},{"@type":"WebSite","@id":"https:\/\/alpec.com.tr\/#website","url":"https:\/\/alpec.com.tr\/","name":"Alpec","description":"Precision in design, excellence in execution","publisher":{"@id":"https:\/\/alpec.com.tr\/#organization"},"potentialAction":[{"@type":"SearchAction","target":{"@type":"EntryPoint","urlTemplate":"https:\/\/alpec.com.tr\/?s={search_term_string}"},"query-input":{"@type":"PropertyValueSpecification","valueRequired":true,"valueName":"search_term_string"}}],"inLanguage":"tr"},{"@type":"Organization","@id":"https:\/\/alpec.com.tr\/#organization","name":"Alpec","url":"https:\/\/alpec.com.tr\/","logo":{"@type":"ImageObject","inLanguage":"tr","@id":"https:\/\/alpec.com.tr\/#\/schema\/logo\/image\/","url":"https:\/\/alpec.com.tr\/wp-content\/uploads\/2024\/10\/WhatsApp_Image_2024-10-26_at_21.13.41__1_-removebg-preview.png","contentUrl":"https:\/\/alpec.com.tr\/wp-content\/uploads\/2024\/10\/WhatsApp_Image_2024-10-26_at_21.13.41__1_-removebg-preview.png","width":500,"height":500,"caption":"Alpec"},"image":{"@id":"https:\/\/alpec.com.tr\/#\/schema\/logo\/image\/"}}]}},"_links":{"self":[{"href":"https:\/\/alpec.com.tr\/tr\/wp-json\/wp\/v2\/pages\/958","targetHints":{"allow":["GET"]}}],"collection":[{"href":"https:\/\/alpec.com.tr\/tr\/wp-json\/wp\/v2\/pages"}],"about":[{"href":"https:\/\/alpec.com.tr\/tr\/wp-json\/wp\/v2\/types\/page"}],"author":[{"embeddable":true,"href":"https:\/\/alpec.com.tr\/tr\/wp-json\/wp\/v2\/users\/1"}],"replies":[{"embeddable":true,"href":"https:\/\/alpec.com.tr\/tr\/wp-json\/wp\/v2\/comments?post=958"}],"version-history":[{"count":14,"href":"https:\/\/alpec.com.tr\/tr\/wp-json\/wp\/v2\/pages\/958\/revisions"}],"predecessor-version":[{"id":2197,"href":"https:\/\/alpec.com.tr\/tr\/wp-json\/wp\/v2\/pages\/958\/revisions\/2197"}],"wp:attachment":[{"href":"https:\/\/alpec.com.tr\/tr\/wp-json\/wp\/v2\/media?parent=958"}],"wp:term":[{"taxonomy":"category","embeddable":true,"href":"https:\/\/alpec.com.tr\/tr\/wp-json\/wp\/v2\/categories?post=958"},{"taxonomy":"post_tag","embeddable":true,"href":"https:\/\/alpec.com.tr\/tr\/wp-json\/wp\/v2\/tags?post=958"}],"curies":[{"name":"wp","href":"https:\/\/api.w.org\/{rel}","templated":true}]}}